{"id":2537,"date":"2017-05-17T16:42:47","date_gmt":"2017-05-17T16:42:47","guid":{"rendered":"http:\/\/site.astrofoto.com.pt\/welcome\/?post_type=product&#038;p=2537"},"modified":"2026-01-15T17:44:25","modified_gmt":"2026-01-15T17:44:25","slug":"montagem-skywatcher-eq6r-synscan-goto","status":"publish","type":"product","link":"https:\/\/site.astrofoto.com.pt\/welcome\/produto\/montagem-skywatcher-eq6r-synscan-goto\/","title":{"rendered":"Montagem SkyWatcher EQ6R Pro Synscan GOTO"},"content":{"rendered":"<p><strong>Montagem SkyWatcher EQ6R Pro Synscan GOTO<\/strong><\/p>\n<p>\u25ba<strong>Transmiss\u00e3o de correia<\/strong> para um &#8220;Backlash&#8221; m\u00ednimo<br \/>\n\u2022 Funcionamento particularmente silencioso e suave<br \/>\n\u2022 Melhores resultados em &#8220;Guiding&#8221; e maior torque da unidade!<br \/>\n\u2022 Carga m\u00e1xima de 20 kg em astrofotografia<br \/>\n\u2022 Alcance de Altitude melhorado<br \/>\n\u2022 O alinhamento da montagem \u00e9 feito atrav\u00e9s do controle integrado Polsucher ou Synscan. Em compara\u00e7\u00e3o com o modelo anterior, o ajuste foi significativamente melhorado.<br \/>\n\u2022\u00a0 Liga\u00e7\u00e3o &#8220;SNAP&#8221; integrada &#8211; para o controle do obturador da c\u00e2mara.<br \/>\n\u2022 PPEC melhorado (n\u00e3o precisa de reajustar)<br \/>\n\u2022 Comando Synscan<br \/>\n\u2022 Peso: 17,3Kg<br \/>\n\u2022 Al\u00e7a integrada para transporte f\u00e1cil<br \/>\n\u2022 Velocidade de guiagem:0.25X, 0.50X, 0.75X, ou 1X.<br \/>\n\u2022 actualiza\u00e7\u00e3o pela internet<br \/>\n\u2022 compensa\u00e7\u00e3o do erro periodico (PEC)<br \/>\n\u2022 motores passo a passo resolu\u00e7\u00e3o: 0,144 seg\/arco<br \/>\n\u2022 seguimentos: sideral, lunar ou solar<br \/>\n\u2022 Cat\u00e1logos completos Messier, NGC e IC num total de 13.436 objectos.<br \/>\n\u2022 25 objectos definidos pelo utilizador.<br \/>\n\u2022 capacidade de carga: 20 Kg<br \/>\n\u2022 alimenta\u00e7\u00e3o: 12V 2A<br \/>\n\u2022 compativel PC<br \/>\n\u2022 visor polar<br \/>\n\u2022 2 contrapesos de 5,1Kg<br \/>\n\u2022 com trip\u00e9 de a\u00e7o<br \/>\n\u2022 peso do trip\u00e9: 7,5Kg<\/p>\n<p>\u25baExtra: saco<a href=\"https:\/\/site.astrofoto.com.pt\/welcome\/produto\/saco-geoptik-pack-in-bag-para-neq6r\/\"> Pack in bag\u00a0<\/a><br \/>\n\u25ba Saco para Tripe <a href=\"https:\/\/site.astrofoto.com.pt\/welcome\/produto\/saco-oklop-para-tripe-sw-eq6-azeq6\/\">(PROMO\u00c7\u00c2O)<\/a><\/p>\n","protected":false},"excerpt":{"rendered":"<p>Montagem SkyWatcher EQ6R Pro Synscan GOTO \u25baTransmiss\u00e3o de correia para um &#8220;Backlash&#8221; m\u00ednimo \u2022 Funcionamento particularmente silencioso e suave \u2022 Melhores resultados em &#8220;Guiding&#8221; e maior torque da unidade! \u2022 Carga m\u00e1xima de 20 kg em astrofotografia \u2022 Alcance de Altitude melhorado \u2022 O alinhamento da montagem \u00e9 feito atrav\u00e9s do controle integrado Polsucher ou<\/p>\n<div class=\"more-link\">\n\t\t\t\t <a href=\"https:\/\/site.astrofoto.com.pt\/welcome\/produto\/montagem-skywatcher-eq6r-synscan-goto\/\" class=\"btn theme-btn inverted\"><span>Continuar a Ler <\/span><\/a>\n\t\t\t<\/div>\n","protected":false},"featured_media":10281,"comment_status":"closed","ping_status":"closed","template":"","meta":[],"product_brand":[],"product_cat":[14,92],"product_tag":[],"class_list":{"0":"post-2537","1":"product","2":"type-product","3":"status-publish","4":"has-post-thumbnail","6":"product_cat-montagens","7":"product_cat-swpromo","9":"first","10":"onbackorder","11":"sale","12":"shipping-taxable","13":"purchasable","14":"product-type-simple"},"_links":{"self":[{"href":"https:\/\/site.astrofoto.com.pt\/welcome\/wp-json\/wp\/v2\/product\/2537","targetHints":{"allow":["GET"]}}],"collection":[{"href":"https:\/\/site.astrofoto.com.pt\/welcome\/wp-json\/wp\/v2\/product"}],"about":[{"href":"https:\/\/site.astrofoto.com.pt\/welcome\/wp-json\/wp\/v2\/types\/product"}],"replies":[{"embeddable":true,"href":"https:\/\/site.astrofoto.com.pt\/welcome\/wp-json\/wp\/v2\/comments?post=2537"}],"wp:featuredmedia":[{"embeddable":true,"href":"https:\/\/site.astrofoto.com.pt\/welcome\/wp-json\/wp\/v2\/media\/10281"}],"wp:attachment":[{"href":"https:\/\/site.astrofoto.com.pt\/welcome\/wp-json\/wp\/v2\/media?parent=2537"}],"wp:term":[{"taxonomy":"product_brand","embeddable":true,"href":"https:\/\/site.astrofoto.com.pt\/welcome\/wp-json\/wp\/v2\/product_brand?post=2537"},{"taxonomy":"product_cat","embeddable":true,"href":"https:\/\/site.astrofoto.com.pt\/welcome\/wp-json\/wp\/v2\/product_cat?post=2537"},{"taxonomy":"product_tag","embeddable":true,"href":"https:\/\/site.astrofoto.com.pt\/welcome\/wp-json\/wp\/v2\/product_tag?post=2537"}],"curies":[{"name":"wp","href":"https:\/\/api.w.org\/{rel}","templated":true}]}}