{"id":2325,"date":"2017-02-13T17:54:18","date_gmt":"2017-02-13T17:54:18","guid":{"rendered":"http:\/\/site.astrofoto.com.pt\/welcome\/?post_type=product&#038;p=2325"},"modified":"2022-10-24T12:11:55","modified_gmt":"2022-10-24T12:11:55","slug":"filtro-solar-omegon-114mm","status":"publish","type":"product","link":"https:\/\/site.astrofoto.com.pt\/welcome\/produto\/filtro-solar-omegon-114mm\/","title":{"rendered":"Filtro Solar Omegon  114mm"},"content":{"rendered":"<p><a href=\"http:\/\/site.astrofoto.com.pt\/welcome\/wp-content\/uploads\/2017\/02\/Omegon-solar-filter-114mm.jpg\"><img fetchpriority=\"high\" decoding=\"async\" class=\"alignleft size-full wp-image-2326\" src=\"http:\/\/site.astrofoto.com.pt\/welcome\/wp-content\/uploads\/2017\/02\/Omegon-solar-filter-114mm.jpg\" alt=\"\" width=\"300\" height=\"300\" srcset=\"https:\/\/site.astrofoto.com.pt\/welcome\/wp-content\/uploads\/2017\/02\/Omegon-solar-filter-114mm.jpg 300w, https:\/\/site.astrofoto.com.pt\/welcome\/wp-content\/uploads\/2017\/02\/Omegon-solar-filter-114mm-100x100.jpg 100w, https:\/\/site.astrofoto.com.pt\/welcome\/wp-content\/uploads\/2017\/02\/Omegon-solar-filter-114mm-150x150.jpg 150w\" sizes=\"(max-width: 300px) 100vw, 300px\" \/><\/a><\/p>\n<p>&nbsp;<\/p>\n<p><strong>Filtro Solar Omegon \u00a0114mm <\/strong><\/p>\n<p>&nbsp;<\/p>\n<ul>\n<li>Total protec\u00e7\u00e3o<\/li>\n<li>Compat\u00edvel com o seu telesc\u00f3pio Omegon b\u00e1sico (ou um modelo similar)<\/li>\n<li>Poupa tempo n\u00e3o necessita de construir nada,<\/li>\n<li>Filtro Baader Planetarium de alta qualidade: AstroSolar Film ND5<\/li>\n<li>O filtro solar da Omegon j\u00e1 vem montado numa arma\u00e7\u00e3o em pl\u00e1stico.<\/li>\n<li>Este filtro solar \u00e9 feito a partir de uma folha que lhe proporciona uma imagem branca neutra do Sol. Com uma filtragem cerca de 100 000x, apenas 0.001% da luz solar entra no telesc\u00f3pio e atinge o seu olho, o que significa que pode observar o Sol em perfeita seguran\u00e7a.<\/li>\n<\/ul>\n","protected":false},"excerpt":{"rendered":"<p>&nbsp; Filtro Solar Omegon \u00a0114mm &nbsp; Total protec\u00e7\u00e3o Compat\u00edvel com o seu telesc\u00f3pio Omegon b\u00e1sico (ou um modelo similar) Poupa tempo n\u00e3o necessita de construir nada, Filtro Baader Planetarium de alta qualidade: AstroSolar Film ND5 O filtro solar da Omegon j\u00e1 vem montado numa arma\u00e7\u00e3o em pl\u00e1stico. Este filtro solar \u00e9 feito a partir de<\/p>\n<div class=\"more-link\">\n\t\t\t\t <a href=\"https:\/\/site.astrofoto.com.pt\/welcome\/produto\/filtro-solar-omegon-114mm\/\" class=\"btn theme-btn inverted\"><span>Continuar a Ler <\/span><\/a>\n\t\t\t<\/div>\n","protected":false},"featured_media":2326,"comment_status":"closed","ping_status":"closed","template":"","meta":[],"product_brand":[],"product_cat":[51],"product_tag":[],"class_list":{"0":"post-2325","1":"product","2":"type-product","3":"status-publish","4":"has-post-thumbnail","6":"product_cat-acessorios-para-telescopios","8":"first","9":"onbackorder","10":"shipping-taxable","11":"purchasable","12":"product-type-simple"},"_links":{"self":[{"href":"https:\/\/site.astrofoto.com.pt\/welcome\/wp-json\/wp\/v2\/product\/2325","targetHints":{"allow":["GET"]}}],"collection":[{"href":"https:\/\/site.astrofoto.com.pt\/welcome\/wp-json\/wp\/v2\/product"}],"about":[{"href":"https:\/\/site.astrofoto.com.pt\/welcome\/wp-json\/wp\/v2\/types\/product"}],"replies":[{"embeddable":true,"href":"https:\/\/site.astrofoto.com.pt\/welcome\/wp-json\/wp\/v2\/comments?post=2325"}],"wp:featuredmedia":[{"embeddable":true,"href":"https:\/\/site.astrofoto.com.pt\/welcome\/wp-json\/wp\/v2\/media\/2326"}],"wp:attachment":[{"href":"https:\/\/site.astrofoto.com.pt\/welcome\/wp-json\/wp\/v2\/media?parent=2325"}],"wp:term":[{"taxonomy":"product_brand","embeddable":true,"href":"https:\/\/site.astrofoto.com.pt\/welcome\/wp-json\/wp\/v2\/product_brand?post=2325"},{"taxonomy":"product_cat","embeddable":true,"href":"https:\/\/site.astrofoto.com.pt\/welcome\/wp-json\/wp\/v2\/product_cat?post=2325"},{"taxonomy":"product_tag","embeddable":true,"href":"https:\/\/site.astrofoto.com.pt\/welcome\/wp-json\/wp\/v2\/product_tag?post=2325"}],"curies":[{"name":"wp","href":"https:\/\/api.w.org\/{rel}","templated":true}]}}