{"id":2309,"date":"2017-02-13T16:59:27","date_gmt":"2017-02-13T16:59:27","guid":{"rendered":"http:\/\/site.astrofoto.com.pt\/welcome\/?post_type=product&#038;p=2309"},"modified":"2024-04-03T14:34:18","modified_gmt":"2024-04-03T14:34:18","slug":"filtro-lunar-omegon-premium-2-transmissao-13","status":"publish","type":"product","link":"https:\/\/site.astrofoto.com.pt\/welcome\/produto\/filtro-lunar-omegon-premium-2-transmissao-13\/","title":{"rendered":"Filtro lunar Omegon Premium  2&#8221;  Transmiss\u00e3o 13%"},"content":{"rendered":"<p><a href=\"http:\/\/site.astrofoto.com.pt\/welcome\/wp-content\/uploads\/2017\/02\/Omegon-Filtro-lunar-Premium-13-Transmissao-2-.jpg\"><img fetchpriority=\"high\" decoding=\"async\" class=\"alignleft size-full wp-image-2310\" src=\"http:\/\/site.astrofoto.com.pt\/welcome\/wp-content\/uploads\/2017\/02\/Omegon-Filtro-lunar-Premium-13-Transmissao-2-.jpg\" alt=\"\" width=\"300\" height=\"300\" srcset=\"https:\/\/site.astrofoto.com.pt\/welcome\/wp-content\/uploads\/2017\/02\/Omegon-Filtro-lunar-Premium-13-Transmissao-2-.jpg 300w, https:\/\/site.astrofoto.com.pt\/welcome\/wp-content\/uploads\/2017\/02\/Omegon-Filtro-lunar-Premium-13-Transmissao-2--100x100.jpg 100w, https:\/\/site.astrofoto.com.pt\/welcome\/wp-content\/uploads\/2017\/02\/Omegon-Filtro-lunar-Premium-13-Transmissao-2--150x150.jpg 150w\" sizes=\"(max-width: 300px) 100vw, 300px\" \/><\/a><\/p>\n<p><strong>Filtro lunar Omegon Premium\u00a0 2&#8221;\u00a0 Transmiss\u00e3o 13%<\/strong><\/p>\n<ul>\n<li>Filtro de densidade neutra &#8211; os tons n\u00e3o s\u00e3o alterados<\/li>\n<li>Alto contraste &#8211; melhora a vis\u00e3o das crateras<\/li>\n<li>Para a rosca de 48mm dos acess\u00f3rios de 2&#8243;<\/li>\n<\/ul>\n","protected":false},"excerpt":{"rendered":"<p>Filtro lunar Omegon Premium\u00a0 2&#8221;\u00a0 Transmiss\u00e3o 13% Filtro de densidade neutra &#8211; os tons n\u00e3o s\u00e3o alterados Alto contraste &#8211; melhora a vis\u00e3o das crateras Para a rosca de 48mm dos acess\u00f3rios de 2&#8243;<\/p>\n","protected":false},"featured_media":2310,"comment_status":"closed","ping_status":"closed","template":"","meta":[],"product_brand":[],"product_cat":[51],"product_tag":[],"class_list":{"0":"post-2309","1":"product","2":"type-product","3":"status-publish","4":"has-post-thumbnail","6":"product_cat-acessorios-para-telescopios","8":"first","9":"onbackorder","10":"shipping-taxable","11":"purchasable","12":"product-type-simple"},"_links":{"self":[{"href":"https:\/\/site.astrofoto.com.pt\/welcome\/wp-json\/wp\/v2\/product\/2309","targetHints":{"allow":["GET"]}}],"collection":[{"href":"https:\/\/site.astrofoto.com.pt\/welcome\/wp-json\/wp\/v2\/product"}],"about":[{"href":"https:\/\/site.astrofoto.com.pt\/welcome\/wp-json\/wp\/v2\/types\/product"}],"replies":[{"embeddable":true,"href":"https:\/\/site.astrofoto.com.pt\/welcome\/wp-json\/wp\/v2\/comments?post=2309"}],"wp:featuredmedia":[{"embeddable":true,"href":"https:\/\/site.astrofoto.com.pt\/welcome\/wp-json\/wp\/v2\/media\/2310"}],"wp:attachment":[{"href":"https:\/\/site.astrofoto.com.pt\/welcome\/wp-json\/wp\/v2\/media?parent=2309"}],"wp:term":[{"taxonomy":"product_brand","embeddable":true,"href":"https:\/\/site.astrofoto.com.pt\/welcome\/wp-json\/wp\/v2\/product_brand?post=2309"},{"taxonomy":"product_cat","embeddable":true,"href":"https:\/\/site.astrofoto.com.pt\/welcome\/wp-json\/wp\/v2\/product_cat?post=2309"},{"taxonomy":"product_tag","embeddable":true,"href":"https:\/\/site.astrofoto.com.pt\/welcome\/wp-json\/wp\/v2\/product_tag?post=2309"}],"curies":[{"name":"wp","href":"https:\/\/api.w.org\/{rel}","templated":true}]}}