{"id":2250,"date":"2017-02-03T15:42:50","date_gmt":"2017-02-03T15:42:50","guid":{"rendered":"http:\/\/site.astrofoto.com.pt\/welcome\/?post_type=product&#038;p=2250"},"modified":"2023-09-08T15:34:11","modified_gmt":"2023-09-08T15:34:11","slug":"dark-sky-alqueva","status":"publish","type":"product","link":"https:\/\/site.astrofoto.com.pt\/welcome\/produto\/dark-sky-alqueva\/","title":{"rendered":"Livro Dark Sky Alqueva"},"content":{"rendered":"<p><a href=\"http:\/\/site.astrofoto.com.pt\/welcome\/wp-content\/uploads\/2017\/02\/capa-darksky190.jpg\"><img decoding=\"async\" class=\"alignleft size-full wp-image-2251\" src=\"http:\/\/site.astrofoto.com.pt\/welcome\/wp-content\/uploads\/2017\/02\/capa-darksky190.jpg\" alt=\"\" width=\"190\" height=\"252\" srcset=\"https:\/\/site.astrofoto.com.pt\/welcome\/wp-content\/uploads\/2017\/02\/capa-darksky190.jpg 190w, https:\/\/site.astrofoto.com.pt\/welcome\/wp-content\/uploads\/2017\/02\/capa-darksky190-150x199.jpg 150w\" sizes=\"(max-width: 190px) 100vw, 190px\" \/><\/a><strong>Livro Dark Sky Alqueva<br \/>\n<\/strong><\/p>\n<p>Dark Sky Alqueva \u2013 O Destino das Estrelas \/ A Star Destinations<br \/>\nAutor\/Author: Miguel Claro<br \/>\nP\u00e1gs: 160<br \/>\nISBN: 978-989-615-204-8<br \/>\n1\u00aa Edi\u00e7\u00e3o\/1st edition:\u00a0 Ago\/2015<\/p>\n<h6 align=\"justify\">A Terra est\u00e1 na zona habit\u00e1vel do Sol. Gerou vida inteligente e curiosa, deliciada com o mundo, mas a sua pr\u00f3pria evolu\u00e7\u00e3o retirou-lhe o c\u00e9u estrelado que a envolveu at\u00e9 h\u00e1 poucas centenas de anos. Este parapeito fabuloso est\u00e1 repleto de luz e movimento, mas o que o rodeia ficou ofuscado pelo seu pr\u00f3prio brilho: nos nossos dias a maioria das pessoas nunca viu a Via L\u00e1ctea.\u00a0Para combater a polui\u00e7\u00e3o luminosa, culpada por este apag\u00e3o do c\u00e9u, foi criada a Reserva Dark Sky\u00ae Alqueva, no Alentejo, o primeiro destino do mundo certificado como \u201cDestino Tur\u00edstico Starlight\u201d por parte da Funda\u00e7\u00e3o Starlight, apoiada pela UNESCO e pela Organiza\u00e7\u00e3o Mundial de Turismo das Na\u00e7\u00f5es Unidas. Nesta zona \u00e9 poss\u00edvel observar o c\u00e9u dos nossos antepassados e a din\u00e2mica celeste que ocorre ao longo de uma noite num registo astro fotogr\u00e1fico. \u00c9 uma das formas de mostrar e comunicar ao mundo a import\u00e2ncia da astronomia, enfatizando a grandiosidade do patrim\u00f3nio arquitect\u00f3nico, cultural e paisag\u00edstico, numa uni\u00e3o entre o c\u00e9u e a terra, uma simbiose perfeita em que atrav\u00e9s da express\u00e3o fotogr\u00e1fica \u201cbeleza, ci\u00eancia e arte\u201d, caminharam lado-a-lado, permitindo registar imagens desde fen\u00f3menos celestes como o Airglow e a Luz Zodiacal, \u00e0 deslumbrante presen\u00e7a da Via L\u00e1ctea, que repleta de enxames de estrelas, nebulosas e poeira interestelar, se vai tornar inesquec\u00edvel. Fotografar o c\u00e9u, escrever com luz, \u00e9 uma das formas mais eficazes de comunicar ci\u00eancia.\u00a0Venha ver por si!<\/h6>\n","protected":false},"excerpt":{"rendered":"<p>Livro Dark Sky Alqueva Dark Sky Alqueva \u2013 O Destino das Estrelas \/ A Star Destinations Autor\/Author: Miguel Claro P\u00e1gs: 160 ISBN: 978-989-615-204-8 1\u00aa Edi\u00e7\u00e3o\/1st edition:\u00a0 Ago\/2015 A Terra est\u00e1 na zona habit\u00e1vel do Sol. Gerou vida inteligente e curiosa, deliciada com o mundo, mas a sua pr\u00f3pria evolu\u00e7\u00e3o retirou-lhe o c\u00e9u estrelado que a<\/p>\n<div class=\"more-link\">\n\t\t\t\t <a href=\"https:\/\/site.astrofoto.com.pt\/welcome\/produto\/dark-sky-alqueva\/\" class=\"btn theme-btn inverted\"><span>Continuar a Ler <\/span><\/a>\n\t\t\t<\/div>\n","protected":false},"featured_media":2251,"comment_status":"open","ping_status":"closed","template":"","meta":[],"product_brand":[],"product_cat":[35],"product_tag":[],"class_list":{"0":"post-2250","1":"product","2":"type-product","3":"status-publish","4":"has-post-thumbnail","6":"product_cat-livro-e-dvd","8":"first","9":"outofstock","10":"shipping-taxable","11":"purchasable","12":"product-type-simple"},"_links":{"self":[{"href":"https:\/\/site.astrofoto.com.pt\/welcome\/wp-json\/wp\/v2\/product\/2250","targetHints":{"allow":["GET"]}}],"collection":[{"href":"https:\/\/site.astrofoto.com.pt\/welcome\/wp-json\/wp\/v2\/product"}],"about":[{"href":"https:\/\/site.astrofoto.com.pt\/welcome\/wp-json\/wp\/v2\/types\/product"}],"replies":[{"embeddable":true,"href":"https:\/\/site.astrofoto.com.pt\/welcome\/wp-json\/wp\/v2\/comments?post=2250"}],"wp:featuredmedia":[{"embeddable":true,"href":"https:\/\/site.astrofoto.com.pt\/welcome\/wp-json\/wp\/v2\/media\/2251"}],"wp:attachment":[{"href":"https:\/\/site.astrofoto.com.pt\/welcome\/wp-json\/wp\/v2\/media?parent=2250"}],"wp:term":[{"taxonomy":"product_brand","embeddable":true,"href":"https:\/\/site.astrofoto.com.pt\/welcome\/wp-json\/wp\/v2\/product_brand?post=2250"},{"taxonomy":"product_cat","embeddable":true,"href":"https:\/\/site.astrofoto.com.pt\/welcome\/wp-json\/wp\/v2\/product_cat?post=2250"},{"taxonomy":"product_tag","embeddable":true,"href":"https:\/\/site.astrofoto.com.pt\/welcome\/wp-json\/wp\/v2\/product_tag?post=2250"}],"curies":[{"name":"wp","href":"https:\/\/api.w.org\/{rel}","templated":true}]}}