{"id":2220,"date":"2017-02-02T17:41:50","date_gmt":"2017-02-02T17:41:50","guid":{"rendered":"http:\/\/site.astrofoto.com.pt\/welcome\/?post_type=product&#038;p=2220"},"modified":"2021-10-07T14:31:53","modified_gmt":"2021-10-07T14:31:53","slug":"roda-de-filtros-atik-electronica","status":"publish","type":"product","link":"https:\/\/site.astrofoto.com.pt\/welcome\/produto\/roda-de-filtros-atik-electronica\/","title":{"rendered":"Roda de Filtros ATIK Electronica EFW2"},"content":{"rendered":"<p><a href=\"http:\/\/site.astrofoto.com.pt\/welcome\/wp-content\/uploads\/2017\/02\/ATIK_RodaElectr.jpg\"><img fetchpriority=\"high\" decoding=\"async\" class=\"alignleft size-full wp-image-2223\" src=\"http:\/\/site.astrofoto.com.pt\/welcome\/wp-content\/uploads\/2017\/02\/ATIK_RodaElectr.jpg\" alt=\"\" width=\"300\" height=\"300\" srcset=\"https:\/\/site.astrofoto.com.pt\/welcome\/wp-content\/uploads\/2017\/02\/ATIK_RodaElectr.jpg 300w, https:\/\/site.astrofoto.com.pt\/welcome\/wp-content\/uploads\/2017\/02\/ATIK_RodaElectr-100x100.jpg 100w, https:\/\/site.astrofoto.com.pt\/welcome\/wp-content\/uploads\/2017\/02\/ATIK_RodaElectr-150x150.jpg 150w\" sizes=\"(max-width: 300px) 100vw, 300px\" \/><\/a><strong>Roda de Filtros ATIK Electronica EFW2<br \/>\n<\/strong><br \/>\n\u2022 5 ou 9 alv\u00e9olos para-porta filtros de 1,25 36mm ou 2\u201d<br \/>\n\u2022 control\u00e1vel por PC<br \/>\n\u2022 Sa\u00edda em M54 (54mm) para a c\u00e2mara<br \/>\n\u2022 Barril de sa\u00edda para o telesc\u00f3pio (1.25\u201d a 2\u201d)<br \/>\n\u2022 Adaptador opcional para 2\u201d do lado da c\u00e2mara<br \/>\n\u2022 Espessura muito fina: 22mm<br \/>\n\u2022 Motor com controlador USB<br \/>\n\u2022 Compat\u00edvel ASCOM para condu\u00e7\u00e3o por software externo<br \/>\n\u2022 Peso: ~400 gr<br \/>\n\u2022 Alimenta\u00e7\u00e3o a 12V<br \/>\n\u2022 Interface: USB<br \/>\nFornecida com:<br \/>\n\u2022 chaves sextavadas<br \/>\n\u2022 acess\u00f3rios (conforme a roda escolhida)<br \/>\n\u2022 cabo USB de 3m<br \/>\n\u2022 cabo de isqueiro<br \/>\n\u2022 CD_Rom com drivers<br \/>\n\u2022 QuickStar em papel<\/p>\n","protected":false},"excerpt":{"rendered":"<p>Roda de Filtros ATIK Electronica EFW2 \u2022 5 ou 9 alv\u00e9olos para-porta filtros de 1,25 36mm ou 2\u201d \u2022 control\u00e1vel por PC \u2022 Sa\u00edda em M54 (54mm) para a c\u00e2mara \u2022 Barril de sa\u00edda para o telesc\u00f3pio (1.25\u201d a 2\u201d) \u2022 Adaptador opcional para 2\u201d do lado da c\u00e2mara \u2022 Espessura muito fina: 22mm \u2022<\/p>\n<div class=\"more-link\">\n\t\t\t\t <a href=\"https:\/\/site.astrofoto.com.pt\/welcome\/produto\/roda-de-filtros-atik-electronica\/\" class=\"btn theme-btn inverted\"><span>Continuar a Ler <\/span><\/a>\n\t\t\t<\/div>\n","protected":false},"featured_media":2223,"comment_status":"open","ping_status":"closed","template":"","meta":[],"product_brand":[],"product_cat":[24],"product_tag":[],"class_list":{"0":"post-2220","1":"product","2":"type-product","3":"status-publish","4":"has-post-thumbnail","6":"product_cat-fotografia-astronomica","8":"first","9":"onbackorder","10":"shipping-taxable","11":"purchasable","12":"product-type-simple"},"_links":{"self":[{"href":"https:\/\/site.astrofoto.com.pt\/welcome\/wp-json\/wp\/v2\/product\/2220","targetHints":{"allow":["GET"]}}],"collection":[{"href":"https:\/\/site.astrofoto.com.pt\/welcome\/wp-json\/wp\/v2\/product"}],"about":[{"href":"https:\/\/site.astrofoto.com.pt\/welcome\/wp-json\/wp\/v2\/types\/product"}],"replies":[{"embeddable":true,"href":"https:\/\/site.astrofoto.com.pt\/welcome\/wp-json\/wp\/v2\/comments?post=2220"}],"wp:featuredmedia":[{"embeddable":true,"href":"https:\/\/site.astrofoto.com.pt\/welcome\/wp-json\/wp\/v2\/media\/2223"}],"wp:attachment":[{"href":"https:\/\/site.astrofoto.com.pt\/welcome\/wp-json\/wp\/v2\/media?parent=2220"}],"wp:term":[{"taxonomy":"product_brand","embeddable":true,"href":"https:\/\/site.astrofoto.com.pt\/welcome\/wp-json\/wp\/v2\/product_brand?post=2220"},{"taxonomy":"product_cat","embeddable":true,"href":"https:\/\/site.astrofoto.com.pt\/welcome\/wp-json\/wp\/v2\/product_cat?post=2220"},{"taxonomy":"product_tag","embeddable":true,"href":"https:\/\/site.astrofoto.com.pt\/welcome\/wp-json\/wp\/v2\/product_tag?post=2220"}],"curies":[{"name":"wp","href":"https:\/\/api.w.org\/{rel}","templated":true}]}}