{"id":2206,"date":"2017-02-01T18:26:01","date_gmt":"2017-02-01T18:26:01","guid":{"rendered":"http:\/\/site.astrofoto.com.pt\/welcome\/?post_type=product&#038;p=2206"},"modified":"2022-08-10T12:18:50","modified_gmt":"2022-08-10T12:18:50","slug":"telescopio-skywatcher-esprit-80-ed-pro-triplet","status":"publish","type":"product","link":"https:\/\/site.astrofoto.com.pt\/welcome\/produto\/telescopio-skywatcher-esprit-80-ed-pro-triplet\/","title":{"rendered":"Telesc\u00f3pio SkyWatcher Esprit 80 ED Pro Triplet"},"content":{"rendered":"<p><strong>Telesc\u00f3pio SkyWatcher Esprit 80 ED Pro Triplet<\/strong><br \/>\nO CORRECTOR DE CAMPO com duas lentes 48mm oferece um campo perfeitamente plano\u00a0 em todo o c\u00edrculo dos 44mm da imagem. Suas lentes sobredimensionadas proporcionam uma abertura mais ampla e mais clara e n\u00e3o t\u00eam reflex\u00e3o interna.<\/p>\n<p>\u25ba O uso de tratamentos multi-revestidos em todas as superf\u00edcies limita drasticamente as perdas devido \u00e0 passagem da luz pela lente, tornando o Esprit 80ED mais brilhante e mais contrastado do que os refratores convencionais menos bem corrigidos. O tratamento &#8220;Metallic High-Transmission&#8221; (MHC) \u00e9 depositado nas superf\u00edcies de vidro, garantindo resultados de tirar o f\u00f4lego (transmiss\u00e3o pr\u00f3xima a 99,5%)<\/p>\n<p>\u2022 Tubo \u00d3ptico\u00a0\u00a0 \u00a0Alum\u00ednio<br \/>\n\u2022 <strong>Objectiva de 80mm APO de 3 elementos <span class=\"PBLongTxt PBItemDesc ng-scope ng-isolate-scope c-app-product-tabs c-app-product-tabs--tabs c-app-product-tabs--horizontal c-app-product-tabs--left\"> FPL-53 (Ohara\/Schott)<\/span> espa\u00e7ados a ar<br \/>\n<\/strong>*Dist\u00e2ncia focal\u00a0\u00a0 \u00a0400mm<br \/>\n*Focador\u00a0 Crayford Linear 1:11 rotativo integrado no tubo<br \/>\n*Peso do Tubo\u00a0\u00a0 \u00a04.05kg<br \/>\n*Comprimento do Tubo\u00a0\u00a0 \u00a0446mm (para-humidade retractil)<br \/>\n*Poder de resolu\u00e7\u00e3o\u00a0\u00a0 \u00a01.5&#8243;<br \/>\n*Magnitude limite\u00a0\u00a0 \u00a011.6<br \/>\n*Luminosidade\u00a0\u00a0 \u00a0131x<br \/>\n*Back-focus visual\u00a0\u00a0 \u00a0&gt;160mm<br \/>\n*Back-focus depois do corrector de campo\u00a0\u00a0 \u00a061mm<br \/>\n*Campo em plena luz depois do corrector\u00a0\u00a0 \u00a033mm<br \/>\n\u2022 Dovetail incluida<br \/>\n\u2022 Corrector de Campo incluido<br \/>\n\u2022 Mala de transporte incluida<\/p>\n","protected":false},"excerpt":{"rendered":"<p>Telesc\u00f3pio SkyWatcher Esprit 80 ED Pro Triplet O CORRECTOR DE CAMPO com duas lentes 48mm oferece um campo perfeitamente plano\u00a0 em todo o c\u00edrculo dos 44mm da imagem. Suas lentes sobredimensionadas proporcionam uma abertura mais ampla e mais clara e n\u00e3o t\u00eam reflex\u00e3o interna. \u25ba O uso de tratamentos multi-revestidos em todas as superf\u00edcies limita<\/p>\n<div class=\"more-link\">\n\t\t\t\t <a href=\"https:\/\/site.astrofoto.com.pt\/welcome\/produto\/telescopio-skywatcher-esprit-80-ed-pro-triplet\/\" class=\"btn theme-btn inverted\"><span>Continuar a Ler <\/span><\/a>\n\t\t\t<\/div>\n","protected":false},"featured_media":2207,"comment_status":"open","ping_status":"closed","template":"","meta":[],"product_brand":[],"product_cat":[16],"product_tag":[],"class_list":{"0":"post-2206","1":"product","2":"type-product","3":"status-publish","4":"has-post-thumbnail","6":"product_cat-telescopios-refractores","8":"first","9":"onbackorder","10":"shipping-taxable","11":"purchasable","12":"product-type-simple"},"_links":{"self":[{"href":"https:\/\/site.astrofoto.com.pt\/welcome\/wp-json\/wp\/v2\/product\/2206","targetHints":{"allow":["GET"]}}],"collection":[{"href":"https:\/\/site.astrofoto.com.pt\/welcome\/wp-json\/wp\/v2\/product"}],"about":[{"href":"https:\/\/site.astrofoto.com.pt\/welcome\/wp-json\/wp\/v2\/types\/product"}],"replies":[{"embeddable":true,"href":"https:\/\/site.astrofoto.com.pt\/welcome\/wp-json\/wp\/v2\/comments?post=2206"}],"wp:featuredmedia":[{"embeddable":true,"href":"https:\/\/site.astrofoto.com.pt\/welcome\/wp-json\/wp\/v2\/media\/2207"}],"wp:attachment":[{"href":"https:\/\/site.astrofoto.com.pt\/welcome\/wp-json\/wp\/v2\/media?parent=2206"}],"wp:term":[{"taxonomy":"product_brand","embeddable":true,"href":"https:\/\/site.astrofoto.com.pt\/welcome\/wp-json\/wp\/v2\/product_brand?post=2206"},{"taxonomy":"product_cat","embeddable":true,"href":"https:\/\/site.astrofoto.com.pt\/welcome\/wp-json\/wp\/v2\/product_cat?post=2206"},{"taxonomy":"product_tag","embeddable":true,"href":"https:\/\/site.astrofoto.com.pt\/welcome\/wp-json\/wp\/v2\/product_tag?post=2206"}],"curies":[{"name":"wp","href":"https:\/\/api.w.org\/{rel}","templated":true}]}}