{"id":2176,"date":"2017-01-27T15:31:14","date_gmt":"2017-01-27T15:31:14","guid":{"rendered":"http:\/\/site.astrofoto.com.pt\/welcome\/?post_type=product&#038;p=2176"},"modified":"2025-03-06T21:37:14","modified_gmt":"2025-03-06T21:37:14","slug":"telescopio-celestron-cpc-800-deluxe-edgehd-goto","status":"publish","type":"product","link":"https:\/\/site.astrofoto.com.pt\/welcome\/produto\/telescopio-celestron-cpc-800-deluxe-edgehd-goto\/","title":{"rendered":"Telesc\u00f3pio Celestron CPC 800 Deluxe  EdgeHD GoTo"},"content":{"rendered":"<p><a href=\"http:\/\/site.astrofoto.com.pt\/welcome\/wp-content\/uploads\/2017\/01\/CPC800EDGE.jpg\"><img fetchpriority=\"high\" decoding=\"async\" class=\"alignleft size-medium wp-image-2177\" src=\"http:\/\/site.astrofoto.com.pt\/welcome\/wp-content\/uploads\/2017\/01\/CPC800EDGE-300x300.jpg\" alt=\"\" width=\"300\" height=\"300\" srcset=\"https:\/\/site.astrofoto.com.pt\/welcome\/wp-content\/uploads\/2017\/01\/CPC800EDGE-300x300.jpg 300w, https:\/\/site.astrofoto.com.pt\/welcome\/wp-content\/uploads\/2017\/01\/CPC800EDGE-450x450.jpg 450w, https:\/\/site.astrofoto.com.pt\/welcome\/wp-content\/uploads\/2017\/01\/CPC800EDGE-100x100.jpg 100w, https:\/\/site.astrofoto.com.pt\/welcome\/wp-content\/uploads\/2017\/01\/CPC800EDGE-600x600.jpg 600w, https:\/\/site.astrofoto.com.pt\/welcome\/wp-content\/uploads\/2017\/01\/CPC800EDGE-150x150.jpg 150w, https:\/\/site.astrofoto.com.pt\/welcome\/wp-content\/uploads\/2017\/01\/CPC800EDGE-768x768.jpg 768w, https:\/\/site.astrofoto.com.pt\/welcome\/wp-content\/uploads\/2017\/01\/CPC800EDGE.jpg 800w\" sizes=\"(max-width: 300px) 100vw, 300px\" \/><\/a><strong>Telesc\u00f3pio Celestron CPC 800 Deluxe\u00a0 EdgeHD GoT<\/strong><\/p>\n<p>\u2022Tubo \u00f3ptico EDGE HD<br \/>\n\u2022 Abertura: 203mm<br \/>\n\u2022 Distancia focal de 2032mm<br \/>\n\u2022 Tratamento Starbright\u00ae XLT<br \/>\n\u2022 M\u00e9todo de alinhamento SkyAlign<br \/>\n\u2022 Montagem altazimutal<br \/>\n\u2022 Unidade de controlo NexStar com fun\u00e7\u00e3o GoTo<br \/>\n\u2022 GPS de 16 canais incorporados<br \/>\n\u2022 Correc\u00e7\u00e3o do Erro peri\u00f3dico (PEC)<br \/>\n\u2022 Peso 28 kg<br \/>\n\u2022 Trip\u00e9 em a\u00e7o<\/p>\n<p>Acess\u00f3rios:<br \/>\n\u2022 Ocular: Pl\u00f6ssl 40 mm (50x)<br \/>\n\u2022 Buscador: 8\u00d750 mm<br \/>\n\u2022 Diagonal 90\u00ba 1.25\u2033<\/p>\n","protected":false},"excerpt":{"rendered":"<p>Telesc\u00f3pio Celestron CPC 800 Deluxe\u00a0 EdgeHD GoT \u2022Tubo \u00f3ptico EDGE HD \u2022 Abertura: 203mm \u2022 Distancia focal de 2032mm \u2022 Tratamento Starbright\u00ae XLT \u2022 M\u00e9todo de alinhamento SkyAlign \u2022 Montagem altazimutal \u2022 Unidade de controlo NexStar com fun\u00e7\u00e3o GoTo \u2022 GPS de 16 canais incorporados \u2022 Correc\u00e7\u00e3o do Erro peri\u00f3dico (PEC) \u2022 Peso 28 kg<\/p>\n<div class=\"more-link\">\n\t\t\t\t <a href=\"https:\/\/site.astrofoto.com.pt\/welcome\/produto\/telescopio-celestron-cpc-800-deluxe-edgehd-goto\/\" class=\"btn theme-btn inverted\"><span>Continuar a Ler <\/span><\/a>\n\t\t\t<\/div>\n","protected":false},"featured_media":2177,"comment_status":"open","ping_status":"closed","template":"","meta":[],"product_brand":[],"product_cat":[17],"product_tag":[],"class_list":{"0":"post-2176","1":"product","2":"type-product","3":"status-publish","4":"has-post-thumbnail","6":"product_cat-telescopios-catadioptricos","8":"first","9":"onbackorder","10":"shipping-taxable","11":"purchasable","12":"product-type-simple"},"_links":{"self":[{"href":"https:\/\/site.astrofoto.com.pt\/welcome\/wp-json\/wp\/v2\/product\/2176","targetHints":{"allow":["GET"]}}],"collection":[{"href":"https:\/\/site.astrofoto.com.pt\/welcome\/wp-json\/wp\/v2\/product"}],"about":[{"href":"https:\/\/site.astrofoto.com.pt\/welcome\/wp-json\/wp\/v2\/types\/product"}],"replies":[{"embeddable":true,"href":"https:\/\/site.astrofoto.com.pt\/welcome\/wp-json\/wp\/v2\/comments?post=2176"}],"wp:featuredmedia":[{"embeddable":true,"href":"https:\/\/site.astrofoto.com.pt\/welcome\/wp-json\/wp\/v2\/media\/2177"}],"wp:attachment":[{"href":"https:\/\/site.astrofoto.com.pt\/welcome\/wp-json\/wp\/v2\/media?parent=2176"}],"wp:term":[{"taxonomy":"product_brand","embeddable":true,"href":"https:\/\/site.astrofoto.com.pt\/welcome\/wp-json\/wp\/v2\/product_brand?post=2176"},{"taxonomy":"product_cat","embeddable":true,"href":"https:\/\/site.astrofoto.com.pt\/welcome\/wp-json\/wp\/v2\/product_cat?post=2176"},{"taxonomy":"product_tag","embeddable":true,"href":"https:\/\/site.astrofoto.com.pt\/welcome\/wp-json\/wp\/v2\/product_tag?post=2176"}],"curies":[{"name":"wp","href":"https:\/\/api.w.org\/{rel}","templated":true}]}}