{"id":2130,"date":"2017-01-19T17:02:43","date_gmt":"2017-01-19T17:02:43","guid":{"rendered":"http:\/\/site.astrofoto.com.pt\/welcome\/?post_type=product&#038;p=2130"},"modified":"2021-07-13T12:53:27","modified_gmt":"2021-07-13T12:53:27","slug":"tripe-helios-fotomate-vt-680","status":"publish","type":"product","link":"https:\/\/site.astrofoto.com.pt\/welcome\/produto\/tripe-helios-fotomate-vt-680\/","title":{"rendered":"TRIP\u00c9 HELIOS FOTOMATE VT-680"},"content":{"rendered":"<p><a href=\"http:\/\/site.astrofoto.com.pt\/welcome\/wp-content\/uploads\/2017\/01\/HTripVT680.jpg\"><img fetchpriority=\"high\" decoding=\"async\" class=\"alignleft size-medium wp-image-2131\" src=\"http:\/\/site.astrofoto.com.pt\/welcome\/wp-content\/uploads\/2017\/01\/HTripVT680-300x290.jpg\" alt=\"\" width=\"300\" height=\"290\" srcset=\"https:\/\/site.astrofoto.com.pt\/welcome\/wp-content\/uploads\/2017\/01\/HTripVT680-300x290.jpg 300w, https:\/\/site.astrofoto.com.pt\/welcome\/wp-content\/uploads\/2017\/01\/HTripVT680-450x434.jpg 450w, https:\/\/site.astrofoto.com.pt\/welcome\/wp-content\/uploads\/2017\/01\/HTripVT680.jpg 520w\" sizes=\"(max-width: 300px) 100vw, 300px\" \/><\/a><\/p>\n<p>TRIP\u00c9 HELIOS FOTOMATE VT-680<\/p>\n<ul>\n<li>Cabe\u00e7a robusta de 2 movimentos<\/li>\n<li>Capacidade de suportar: 8kg<\/li>\n<li>Sapata r\u00e1pida com parafuso de 1\/4\u201d e 3\/8\u201d<\/li>\n<li>Seguran\u00e7a no fecho da sapata<\/li>\n<li>Altura m\u00e1xima (todo aberto)): 197cm<\/li>\n<li>Altura m\u00ednima(todo fechado): 93.5cm<\/li>\n<li>Rota\u00e7\u00e3o de 360\u00ba e eleva\u00e7\u00e3o de -65\u00ba a +90\u00ba<\/li>\n<li>Pernas robustas multitubulares com 3 sec\u00e7\u00f5es<\/li>\n<li>Bolha de n\u00edvel<\/li>\n<li>Peso: 4.78kg<\/li>\n<li>Saco de transporte incluido<br \/>\n<em>\u25ba <a href=\"https:\/\/www.youtube.com\/watch?v=1YRq-xU7gR0\">ver no youtube<\/a><\/em><\/li>\n<\/ul>\n","protected":false},"excerpt":{"rendered":"<p>TRIP\u00c9 HELIOS FOTOMATE VT-680 Cabe\u00e7a robusta de 2 movimentos Capacidade de suportar: 8kg Sapata r\u00e1pida com parafuso de 1\/4\u201d e 3\/8\u201d Seguran\u00e7a no fecho da sapata Altura m\u00e1xima (todo aberto)): 197cm Altura m\u00ednima(todo fechado): 93.5cm Rota\u00e7\u00e3o de 360\u00ba e eleva\u00e7\u00e3o de -65\u00ba a +90\u00ba Pernas robustas multitubulares com 3 sec\u00e7\u00f5es Bolha de n\u00edvel Peso: 4.78kg<\/p>\n<div class=\"more-link\">\n\t\t\t\t <a href=\"https:\/\/site.astrofoto.com.pt\/welcome\/produto\/tripe-helios-fotomate-vt-680\/\" class=\"btn theme-btn inverted\"><span>Continuar a Ler <\/span><\/a>\n\t\t\t<\/div>\n","protected":false},"featured_media":2131,"comment_status":"open","ping_status":"closed","template":"","meta":[],"product_brand":[],"product_cat":[25],"product_tag":[],"class_list":{"0":"post-2130","1":"product","2":"type-product","3":"status-publish","4":"has-post-thumbnail","6":"product_cat-tripes","8":"first","9":"outofstock","10":"shipping-taxable","11":"purchasable","12":"product-type-simple"},"_links":{"self":[{"href":"https:\/\/site.astrofoto.com.pt\/welcome\/wp-json\/wp\/v2\/product\/2130","targetHints":{"allow":["GET"]}}],"collection":[{"href":"https:\/\/site.astrofoto.com.pt\/welcome\/wp-json\/wp\/v2\/product"}],"about":[{"href":"https:\/\/site.astrofoto.com.pt\/welcome\/wp-json\/wp\/v2\/types\/product"}],"replies":[{"embeddable":true,"href":"https:\/\/site.astrofoto.com.pt\/welcome\/wp-json\/wp\/v2\/comments?post=2130"}],"wp:featuredmedia":[{"embeddable":true,"href":"https:\/\/site.astrofoto.com.pt\/welcome\/wp-json\/wp\/v2\/media\/2131"}],"wp:attachment":[{"href":"https:\/\/site.astrofoto.com.pt\/welcome\/wp-json\/wp\/v2\/media?parent=2130"}],"wp:term":[{"taxonomy":"product_brand","embeddable":true,"href":"https:\/\/site.astrofoto.com.pt\/welcome\/wp-json\/wp\/v2\/product_brand?post=2130"},{"taxonomy":"product_cat","embeddable":true,"href":"https:\/\/site.astrofoto.com.pt\/welcome\/wp-json\/wp\/v2\/product_cat?post=2130"},{"taxonomy":"product_tag","embeddable":true,"href":"https:\/\/site.astrofoto.com.pt\/welcome\/wp-json\/wp\/v2\/product_tag?post=2130"}],"curies":[{"name":"wp","href":"https:\/\/api.w.org\/{rel}","templated":true}]}}