{"id":2128,"date":"2017-01-19T16:58:19","date_gmt":"2017-01-19T16:58:19","guid":{"rendered":"http:\/\/site.astrofoto.com.pt\/welcome\/?post_type=product&#038;p=2128"},"modified":"2021-07-13T12:29:52","modified_gmt":"2021-07-13T12:29:52","slug":"tripe-helios-fotomate-vt-2900","status":"publish","type":"product","link":"https:\/\/site.astrofoto.com.pt\/welcome\/produto\/tripe-helios-fotomate-vt-2900\/","title":{"rendered":"TRIP\u00c9 HELIOS FOTOMATE VT-2900"},"content":{"rendered":"<p><a href=\"http:\/\/site.astrofoto.com.pt\/welcome\/wp-content\/uploads\/2017\/01\/HTripFotom02.jpg\"><img decoding=\"async\" class=\"alignleft size-medium wp-image-2124\" src=\"http:\/\/site.astrofoto.com.pt\/welcome\/wp-content\/uploads\/2017\/01\/HTripFotom02-156x300.jpg\" alt=\"\" width=\"156\" height=\"300\" srcset=\"https:\/\/site.astrofoto.com.pt\/welcome\/wp-content\/uploads\/2017\/01\/HTripFotom02-156x300.jpg 156w, https:\/\/site.astrofoto.com.pt\/welcome\/wp-content\/uploads\/2017\/01\/HTripFotom02-150x289.jpg 150w, https:\/\/site.astrofoto.com.pt\/welcome\/wp-content\/uploads\/2017\/01\/HTripFotom02-300x577.jpg 300w, https:\/\/site.astrofoto.com.pt\/welcome\/wp-content\/uploads\/2017\/01\/HTripFotom02.jpg 305w\" sizes=\"(max-width: 156px) 100vw, 156px\" \/><\/a><\/p>\n<p><strong>TRIP\u00c9 HELIOS FOTOMATE VT-2900<\/strong><\/p>\n<ul>\n<li>Semi profissional<\/li>\n<li>Cabe\u00e7a robusta de 2 movimentos<\/li>\n<li>Capacidade de suportar: 8kg<\/li>\n<li>Sapata r\u00e1pida com parafuso de 1\/4\u201d e 3\/8\u201d<\/li>\n<li>Seguran\u00e7a no fecho da sapata<\/li>\n<li>Altura m\u00e1xima (todo aberto)): 177cm<\/li>\n<li>Altura m\u00ednima(todo fechado): 82cm<\/li>\n<li>Coluna central com elevador e fixador<\/li>\n<li>Rota\u00e7\u00e3o de 360\u00ba e eleva\u00e7\u00e3o de -65\u00ba a +90\u00ba<\/li>\n<li>Pernas com 29mm de di\u00e2metro em aluminio com fixadores em borracha<\/li>\n<li>P\u00e9s anti-deslisantes<\/li>\n<li>Bolha de n\u00edvel<\/li>\n<li>Peso: 4.79kg<\/li>\n<li>Saco de transporte incluido<\/li>\n<\/ul>\n","protected":false},"excerpt":{"rendered":"<p>TRIP\u00c9 HELIOS FOTOMATE VT-2900 Semi profissional Cabe\u00e7a robusta de 2 movimentos Capacidade de suportar: 8kg Sapata r\u00e1pida com parafuso de 1\/4\u201d e 3\/8\u201d Seguran\u00e7a no fecho da sapata Altura m\u00e1xima (todo aberto)): 177cm Altura m\u00ednima(todo fechado): 82cm Coluna central com elevador e fixador Rota\u00e7\u00e3o de 360\u00ba e eleva\u00e7\u00e3o de -65\u00ba a +90\u00ba Pernas com 29mm<\/p>\n<div class=\"more-link\">\n\t\t\t\t <a href=\"https:\/\/site.astrofoto.com.pt\/welcome\/produto\/tripe-helios-fotomate-vt-2900\/\" class=\"btn theme-btn inverted\"><span>Continuar a Ler <\/span><\/a>\n\t\t\t<\/div>\n","protected":false},"featured_media":2124,"comment_status":"open","ping_status":"closed","template":"","meta":[],"product_brand":[],"product_cat":[25],"product_tag":[],"class_list":{"0":"post-2128","1":"product","2":"type-product","3":"status-publish","4":"has-post-thumbnail","6":"product_cat-tripes","8":"first","9":"outofstock","10":"shipping-taxable","11":"purchasable","12":"product-type-simple"},"_links":{"self":[{"href":"https:\/\/site.astrofoto.com.pt\/welcome\/wp-json\/wp\/v2\/product\/2128","targetHints":{"allow":["GET"]}}],"collection":[{"href":"https:\/\/site.astrofoto.com.pt\/welcome\/wp-json\/wp\/v2\/product"}],"about":[{"href":"https:\/\/site.astrofoto.com.pt\/welcome\/wp-json\/wp\/v2\/types\/product"}],"replies":[{"embeddable":true,"href":"https:\/\/site.astrofoto.com.pt\/welcome\/wp-json\/wp\/v2\/comments?post=2128"}],"wp:featuredmedia":[{"embeddable":true,"href":"https:\/\/site.astrofoto.com.pt\/welcome\/wp-json\/wp\/v2\/media\/2124"}],"wp:attachment":[{"href":"https:\/\/site.astrofoto.com.pt\/welcome\/wp-json\/wp\/v2\/media?parent=2128"}],"wp:term":[{"taxonomy":"product_brand","embeddable":true,"href":"https:\/\/site.astrofoto.com.pt\/welcome\/wp-json\/wp\/v2\/product_brand?post=2128"},{"taxonomy":"product_cat","embeddable":true,"href":"https:\/\/site.astrofoto.com.pt\/welcome\/wp-json\/wp\/v2\/product_cat?post=2128"},{"taxonomy":"product_tag","embeddable":true,"href":"https:\/\/site.astrofoto.com.pt\/welcome\/wp-json\/wp\/v2\/product_tag?post=2128"}],"curies":[{"name":"wp","href":"https:\/\/api.w.org\/{rel}","templated":true}]}}