{"id":2076,"date":"2017-01-03T18:24:32","date_gmt":"2017-01-03T18:24:32","guid":{"rendered":"http:\/\/site.astrofoto.com.pt\/welcome\/?post_type=product&#038;p=2076"},"modified":"2024-04-05T12:20:59","modified_gmt":"2024-04-05T12:20:59","slug":"camara-sbig-stx-16803","status":"publish","type":"product","link":"https:\/\/site.astrofoto.com.pt\/welcome\/produto\/camara-sbig-stx-16803\/","title":{"rendered":"C\u00e2mara SBIG STX-16803"},"content":{"rendered":"<p><a href=\"http:\/\/site.astrofoto.com.pt\/welcome\/wp-content\/uploads\/2017\/01\/SBIG_STX.jpg\"><img fetchpriority=\"high\" decoding=\"async\" class=\"alignleft size-medium wp-image-2077\" src=\"http:\/\/site.astrofoto.com.pt\/welcome\/wp-content\/uploads\/2017\/01\/SBIG_STX-300x300.jpg\" alt=\"\" width=\"300\" height=\"300\" srcset=\"https:\/\/site.astrofoto.com.pt\/welcome\/wp-content\/uploads\/2017\/01\/SBIG_STX-300x300.jpg 300w, https:\/\/site.astrofoto.com.pt\/welcome\/wp-content\/uploads\/2017\/01\/SBIG_STX-450x450.jpg 450w, https:\/\/site.astrofoto.com.pt\/welcome\/wp-content\/uploads\/2017\/01\/SBIG_STX-100x100.jpg 100w, https:\/\/site.astrofoto.com.pt\/welcome\/wp-content\/uploads\/2017\/01\/SBIG_STX-150x150.jpg 150w, https:\/\/site.astrofoto.com.pt\/welcome\/wp-content\/uploads\/2017\/01\/SBIG_STX.jpg 600w\" sizes=\"(max-width: 300px) 100vw, 300px\" \/><\/a><strong>C\u00e2mara SBIG STX-16803\u00a0<\/strong><\/p>\n<p>Conversor A\/D 16 bits<br \/>\nOptica adaptativa opcional Y<br \/>\nAntiblooming y<br \/>\nCCD Size 36.8 mm x 36.8 mm<br \/>\nInterface Computador USB2 \/Ethernet<br \/>\nCooling Delta 50 \u00b0C<br \/>\nDark Current e\/p\/s at 0 C 0.02 e-\/p\/s<br \/>\nExposi\u00e7\u00e3o 0.1-3600 sec<br \/>\nTamanho dos filtros 50mm Square<br \/>\nOp\u00e7\u00e3o Roda de Filtros y<br \/>\nFull Frame Download 13 sec<br \/>\nFull Well Capacity 100,000 e-<br \/>\nImaging CCD KAF-16803<br \/>\nImaging \/ Pixel Array 4096 px x 4096 px<br \/>\nInternal Tracking CCD y<br \/>\nOAG Op\u00e7\u00e3o STX Guider<br \/>\nSistemas operativos Windows 32 and 64 bit OS, Mac<br \/>\nPixel Digitization Rate 1.8 MHz<br \/>\nPixel Size 9 \u03bcm<br \/>\nAlimenta\u00e7\u00e3o 12 VDC<br \/>\nFicha de corrente US, European<br \/>\nRead Noise 10 e-<br \/>\nRemote Guide Head y<br \/>\nSelf-Guiding Filter Wheel y<br \/>\nObturador Mechanical, Even-illumination<br \/>\nRegula\u00e7\u00e3o de temperatura y<br \/>\nTotal Pixels 16.0 million pixels<br \/>\nPeso 5.5 lbs<\/p>\n","protected":false},"excerpt":{"rendered":"<p>C\u00e2mara SBIG STX-16803\u00a0 Conversor A\/D 16 bits Optica adaptativa opcional Y Antiblooming y CCD Size 36.8 mm x 36.8 mm Interface Computador USB2 \/Ethernet Cooling Delta 50 \u00b0C Dark Current e\/p\/s at 0 C 0.02 e-\/p\/s Exposi\u00e7\u00e3o 0.1-3600 sec Tamanho dos filtros 50mm Square Op\u00e7\u00e3o Roda de Filtros y Full Frame Download 13 sec Full<\/p>\n<div class=\"more-link\">\n\t\t\t\t <a href=\"https:\/\/site.astrofoto.com.pt\/welcome\/produto\/camara-sbig-stx-16803\/\" class=\"btn theme-btn inverted\"><span>Continuar a Ler <\/span><\/a>\n\t\t\t<\/div>\n","protected":false},"featured_media":2077,"comment_status":"open","ping_status":"closed","template":"","meta":[],"product_brand":[],"product_cat":[24],"product_tag":[],"class_list":{"0":"post-2076","1":"product","2":"type-product","3":"status-publish","4":"has-post-thumbnail","6":"product_cat-fotografia-astronomica","8":"first","9":"outofstock","10":"shipping-taxable","11":"purchasable","12":"product-type-simple"},"_links":{"self":[{"href":"https:\/\/site.astrofoto.com.pt\/welcome\/wp-json\/wp\/v2\/product\/2076","targetHints":{"allow":["GET"]}}],"collection":[{"href":"https:\/\/site.astrofoto.com.pt\/welcome\/wp-json\/wp\/v2\/product"}],"about":[{"href":"https:\/\/site.astrofoto.com.pt\/welcome\/wp-json\/wp\/v2\/types\/product"}],"replies":[{"embeddable":true,"href":"https:\/\/site.astrofoto.com.pt\/welcome\/wp-json\/wp\/v2\/comments?post=2076"}],"wp:featuredmedia":[{"embeddable":true,"href":"https:\/\/site.astrofoto.com.pt\/welcome\/wp-json\/wp\/v2\/media\/2077"}],"wp:attachment":[{"href":"https:\/\/site.astrofoto.com.pt\/welcome\/wp-json\/wp\/v2\/media?parent=2076"}],"wp:term":[{"taxonomy":"product_brand","embeddable":true,"href":"https:\/\/site.astrofoto.com.pt\/welcome\/wp-json\/wp\/v2\/product_brand?post=2076"},{"taxonomy":"product_cat","embeddable":true,"href":"https:\/\/site.astrofoto.com.pt\/welcome\/wp-json\/wp\/v2\/product_cat?post=2076"},{"taxonomy":"product_tag","embeddable":true,"href":"https:\/\/site.astrofoto.com.pt\/welcome\/wp-json\/wp\/v2\/product_tag?post=2076"}],"curies":[{"name":"wp","href":"https:\/\/api.w.org\/{rel}","templated":true}]}}