{"id":2038,"date":"2016-12-20T09:39:49","date_gmt":"2016-12-20T08:39:49","guid":{"rendered":"http:\/\/site.astrofoto.com.pt\/welcome\/?post_type=product&#038;p=2038"},"modified":"2021-10-28T21:30:12","modified_gmt":"2021-10-28T20:30:12","slug":"bateria-power-tank-skywatcher-7a","status":"publish","type":"product","link":"https:\/\/site.astrofoto.com.pt\/welcome\/produto\/bateria-power-tank-skywatcher-7a\/","title":{"rendered":"Bateria Power Tank SkyWatcher 7A"},"content":{"rendered":"<p><strong>Bateria Power Tank SkyWatcher 7A<\/strong><\/p>\n<ul>\n<li>7 Amperes \/hora<\/li>\n<li>2 saidas tipo isqueiro de carro 12V<\/li>\n<li>2 saidas USB 5V 1,5A para carga de acessorios<\/li>\n<li>Lampada com cobertura vermelha<\/li>\n<li>L\u00e2mpada de halogenio para emerg\u00eancia<\/li>\n<li>Terminais para arranque de emergencia<\/li>\n<li>Fusivel de prote\u00e7\u00e3o<\/li>\n<li>Cabo de isqueiro incluido<\/li>\n<li>Adaptador de Carga para 220V ou 110V incluido<\/li>\n<\/ul>\n","protected":false},"excerpt":{"rendered":"<p>Bateria Power Tank SkyWatcher 7A 7 Amperes \/hora 2 saidas tipo isqueiro de carro 12V 2 saidas USB 5V 1,5A para carga de acessorios Lampada com cobertura vermelha L\u00e2mpada de halogenio para emerg\u00eancia Terminais para arranque de emergencia Fusivel de prote\u00e7\u00e3o Cabo de isqueiro incluido Adaptador de Carga para 220V ou 110V incluido<\/p>\n","protected":false},"featured_media":2039,"comment_status":"open","ping_status":"closed","template":"","meta":[],"product_brand":[],"product_cat":[29,75,31],"product_tag":[],"class_list":{"0":"post-2038","1":"product","2":"type-product","3":"status-publish","4":"has-post-thumbnail","6":"product_cat-acessorios","7":"product_cat-baterias","8":"product_cat-miscelanea","10":"first","11":"outofstock","12":"shipping-taxable","13":"purchasable","14":"product-type-simple"},"_links":{"self":[{"href":"https:\/\/site.astrofoto.com.pt\/welcome\/wp-json\/wp\/v2\/product\/2038","targetHints":{"allow":["GET"]}}],"collection":[{"href":"https:\/\/site.astrofoto.com.pt\/welcome\/wp-json\/wp\/v2\/product"}],"about":[{"href":"https:\/\/site.astrofoto.com.pt\/welcome\/wp-json\/wp\/v2\/types\/product"}],"replies":[{"embeddable":true,"href":"https:\/\/site.astrofoto.com.pt\/welcome\/wp-json\/wp\/v2\/comments?post=2038"}],"wp:featuredmedia":[{"embeddable":true,"href":"https:\/\/site.astrofoto.com.pt\/welcome\/wp-json\/wp\/v2\/media\/2039"}],"wp:attachment":[{"href":"https:\/\/site.astrofoto.com.pt\/welcome\/wp-json\/wp\/v2\/media?parent=2038"}],"wp:term":[{"taxonomy":"product_brand","embeddable":true,"href":"https:\/\/site.astrofoto.com.pt\/welcome\/wp-json\/wp\/v2\/product_brand?post=2038"},{"taxonomy":"product_cat","embeddable":true,"href":"https:\/\/site.astrofoto.com.pt\/welcome\/wp-json\/wp\/v2\/product_cat?post=2038"},{"taxonomy":"product_tag","embeddable":true,"href":"https:\/\/site.astrofoto.com.pt\/welcome\/wp-json\/wp\/v2\/product_tag?post=2038"}],"curies":[{"name":"wp","href":"https:\/\/api.w.org\/{rel}","templated":true}]}}