{"id":2026,"date":"2016-12-15T16:27:00","date_gmt":"2016-12-15T16:27:00","guid":{"rendered":"http:\/\/site.astrofoto.com.pt\/welcome\/?post_type=product&#038;p=2026"},"modified":"2024-08-07T12:44:33","modified_gmt":"2024-08-07T12:44:33","slug":"tripe-helios-evolution","status":"publish","type":"product","link":"https:\/\/site.astrofoto.com.pt\/welcome\/produto\/tripe-helios-evolution\/","title":{"rendered":"Trip\u00e9 Helios Evolution"},"content":{"rendered":"<p><a href=\"http:\/\/site.astrofoto.com.pt\/welcome\/wp-content\/uploads\/2016\/12\/HeliosEvolution.jpg\"><img fetchpriority=\"high\" decoding=\"async\" class=\"alignleft size-medium wp-image-2027\" src=\"http:\/\/site.astrofoto.com.pt\/welcome\/wp-content\/uploads\/2016\/12\/HeliosEvolution-300x300.jpg\" alt=\"heliosevolution\" width=\"300\" height=\"300\" \/><\/a><strong>Trip\u00e9 Helios Evolution<\/strong><\/p>\n<p>Cabe\u00e7a de 2 movimentos fluidos (sem trepida\u00e7oes)<br \/>\nPress\u00e3o ajust\u00e1vel<br \/>\nSapata destac\u00e1vel com parafuso 1\/4\u2033<br \/>\nAltura Maxima: 150cm<br \/>\nAltura fechado: 53cm<br \/>\nElevador central com manivela<br \/>\nInovadora pega para condu\u00e7\u00e3o e transporte<br \/>\nBolha de nivel<br \/>\nP\u00e9s de borracha<br \/>\nPeso: 1,6Kg<\/p>\n<p>\u25baideal para video ou spotting scopes<\/p>\n","protected":false},"excerpt":{"rendered":"<p>Trip\u00e9 Helios Evolution Cabe\u00e7a de 2 movimentos fluidos (sem trepida\u00e7oes) Press\u00e3o ajust\u00e1vel Sapata destac\u00e1vel com parafuso 1\/4\u2033 Altura Maxima: 150cm Altura fechado: 53cm Elevador central com manivela Inovadora pega para condu\u00e7\u00e3o e transporte Bolha de nivel P\u00e9s de borracha Peso: 1,6Kg \u25baideal para video ou spotting scopes<\/p>\n","protected":false},"featured_media":2027,"comment_status":"open","ping_status":"closed","template":"","meta":[],"product_brand":[],"product_cat":[95,93,25],"product_tag":[],"class_list":{"0":"post-2026","1":"product","2":"type-product","3":"status-publish","4":"has-post-thumbnail","6":"product_cat-stock-off","7":"product_cat-tripepromo","8":"product_cat-tripes","10":"first","11":"instock","12":"sale","13":"shipping-taxable","14":"purchasable","15":"product-type-simple"},"_links":{"self":[{"href":"https:\/\/site.astrofoto.com.pt\/welcome\/wp-json\/wp\/v2\/product\/2026","targetHints":{"allow":["GET"]}}],"collection":[{"href":"https:\/\/site.astrofoto.com.pt\/welcome\/wp-json\/wp\/v2\/product"}],"about":[{"href":"https:\/\/site.astrofoto.com.pt\/welcome\/wp-json\/wp\/v2\/types\/product"}],"replies":[{"embeddable":true,"href":"https:\/\/site.astrofoto.com.pt\/welcome\/wp-json\/wp\/v2\/comments?post=2026"}],"wp:featuredmedia":[{"embeddable":true,"href":"https:\/\/site.astrofoto.com.pt\/welcome\/wp-json\/wp\/v2\/media\/2027"}],"wp:attachment":[{"href":"https:\/\/site.astrofoto.com.pt\/welcome\/wp-json\/wp\/v2\/media?parent=2026"}],"wp:term":[{"taxonomy":"product_brand","embeddable":true,"href":"https:\/\/site.astrofoto.com.pt\/welcome\/wp-json\/wp\/v2\/product_brand?post=2026"},{"taxonomy":"product_cat","embeddable":true,"href":"https:\/\/site.astrofoto.com.pt\/welcome\/wp-json\/wp\/v2\/product_cat?post=2026"},{"taxonomy":"product_tag","embeddable":true,"href":"https:\/\/site.astrofoto.com.pt\/welcome\/wp-json\/wp\/v2\/product_tag?post=2026"}],"curies":[{"name":"wp","href":"https:\/\/api.w.org\/{rel}","templated":true}]}}