{"id":2024,"date":"2016-12-15T15:55:51","date_gmt":"2016-12-15T15:55:51","guid":{"rendered":"http:\/\/site.astrofoto.com.pt\/welcome\/?post_type=product&#038;p=2024"},"modified":"2025-04-08T16:20:36","modified_gmt":"2025-04-08T16:20:36","slug":"tripe-helios-fotomate-6006","status":"publish","type":"product","link":"https:\/\/site.astrofoto.com.pt\/welcome\/produto\/tripe-helios-fotomate-6006\/","title":{"rendered":"Trip\u00e9 Helios Fotomate 6006"},"content":{"rendered":"<p><a href=\"http:\/\/site.astrofoto.com.pt\/welcome\/wp-content\/uploads\/2016\/12\/HeliosFotom6006.jpg\"><img fetchpriority=\"high\" decoding=\"async\" class=\"alignleft size-medium wp-image-2018\" src=\"http:\/\/site.astrofoto.com.pt\/welcome\/wp-content\/uploads\/2016\/12\/HeliosFotom6006-300x288.jpg\" alt=\"heliosfotom6006\" width=\"300\" height=\"288\" srcset=\"https:\/\/site.astrofoto.com.pt\/welcome\/wp-content\/uploads\/2016\/12\/HeliosFotom6006-300x288.jpg 300w, https:\/\/site.astrofoto.com.pt\/welcome\/wp-content\/uploads\/2016\/12\/HeliosFotom6006-450x433.jpg 450w, https:\/\/site.astrofoto.com.pt\/welcome\/wp-content\/uploads\/2016\/12\/HeliosFotom6006-600x577.jpg 600w, https:\/\/site.astrofoto.com.pt\/welcome\/wp-content\/uploads\/2016\/12\/HeliosFotom6006.jpg 625w\" sizes=\"(max-width: 300px) 100vw, 300px\" \/><\/a><\/p>\n<p><strong>Trip\u00e9 Helios Fotomate 6006<\/strong><\/p>\n<p>Cabe\u00e7a de 2 movimentos fluidos (oleo)<br \/>\nPress\u00e3o just\u00e1vel<br \/>\nPeso suportado: 6kg<br \/>\nSapata destac\u00e1vel com parafuso 1\/4&#8243;<br \/>\nAltura Maxima: 172cm<br \/>\nAltura fechado: 70cm<br \/>\nDiametro das pernas: 29mm<br \/>\nElevador central com manivela<br \/>\nBolha de nivel<br \/>\nP\u00e9s de borracha e ajust\u00e1veis a terreno duro (metal)<br \/>\nSaco de Transporte<\/p>\n<p><em>\u25ba <a href=\"https:\/\/www.youtube.com\/watch?v=1YRq-xU7gR0\">ver no youtube<\/a><\/em><\/p>\n","protected":false},"excerpt":{"rendered":"<p>Trip\u00e9 Helios Fotomate 6006 Cabe\u00e7a de 2 movimentos fluidos (oleo) Press\u00e3o just\u00e1vel Peso suportado: 6kg Sapata destac\u00e1vel com parafuso 1\/4&#8243; Altura Maxima: 172cm Altura fechado: 70cm Diametro das pernas: 29mm Elevador central com manivela Bolha de nivel P\u00e9s de borracha e ajust\u00e1veis a terreno duro (metal) Saco de Transporte \u25ba ver no youtube<\/p>\n","protected":false},"featured_media":2018,"comment_status":"open","ping_status":"closed","template":"","meta":[],"product_brand":[],"product_cat":[87,95,93,25],"product_tag":[],"class_list":{"0":"post-2024","1":"product","2":"type-product","3":"status-publish","4":"has-post-thumbnail","6":"product_cat-binoculosp","7":"product_cat-stock-off","8":"product_cat-tripepromo","9":"product_cat-tripes","11":"first","12":"instock","13":"sale","14":"shipping-taxable","15":"purchasable","16":"product-type-simple"},"_links":{"self":[{"href":"https:\/\/site.astrofoto.com.pt\/welcome\/wp-json\/wp\/v2\/product\/2024","targetHints":{"allow":["GET"]}}],"collection":[{"href":"https:\/\/site.astrofoto.com.pt\/welcome\/wp-json\/wp\/v2\/product"}],"about":[{"href":"https:\/\/site.astrofoto.com.pt\/welcome\/wp-json\/wp\/v2\/types\/product"}],"replies":[{"embeddable":true,"href":"https:\/\/site.astrofoto.com.pt\/welcome\/wp-json\/wp\/v2\/comments?post=2024"}],"wp:featuredmedia":[{"embeddable":true,"href":"https:\/\/site.astrofoto.com.pt\/welcome\/wp-json\/wp\/v2\/media\/2018"}],"wp:attachment":[{"href":"https:\/\/site.astrofoto.com.pt\/welcome\/wp-json\/wp\/v2\/media?parent=2024"}],"wp:term":[{"taxonomy":"product_brand","embeddable":true,"href":"https:\/\/site.astrofoto.com.pt\/welcome\/wp-json\/wp\/v2\/product_brand?post=2024"},{"taxonomy":"product_cat","embeddable":true,"href":"https:\/\/site.astrofoto.com.pt\/welcome\/wp-json\/wp\/v2\/product_cat?post=2024"},{"taxonomy":"product_tag","embeddable":true,"href":"https:\/\/site.astrofoto.com.pt\/welcome\/wp-json\/wp\/v2\/product_tag?post=2024"}],"curies":[{"name":"wp","href":"https:\/\/api.w.org\/{rel}","templated":true}]}}