{"id":1995,"date":"2016-12-05T17:12:07","date_gmt":"2016-12-05T17:12:07","guid":{"rendered":"http:\/\/site.astrofoto.com.pt\/welcome\/?post_type=product&#038;p=1995"},"modified":"2024-11-09T13:39:27","modified_gmt":"2024-11-09T13:39:27","slug":"visor-binocular-skywatcher-1-25","status":"publish","type":"product","link":"https:\/\/site.astrofoto.com.pt\/welcome\/produto\/visor-binocular-skywatcher-1-25\/","title":{"rendered":"Visor Binocular SkyWatcher 1.25&#8243;"},"content":{"rendered":"<p><strong><a href=\"http:\/\/site.astrofoto.com.pt\/welcome\/wp-content\/uploads\/2016\/12\/SW_Binoviewer.jpg\"><img fetchpriority=\"high\" decoding=\"async\" class=\"alignleft size-medium wp-image-1996\" src=\"http:\/\/site.astrofoto.com.pt\/welcome\/wp-content\/uploads\/2016\/12\/SW_Binoviewer-300x205.jpg\" alt=\"sw_binoviewer\" width=\"300\" height=\"205\" srcset=\"https:\/\/site.astrofoto.com.pt\/welcome\/wp-content\/uploads\/2016\/12\/SW_Binoviewer-300x205.jpg 300w, https:\/\/site.astrofoto.com.pt\/welcome\/wp-content\/uploads\/2016\/12\/SW_Binoviewer-450x308.jpg 450w, https:\/\/site.astrofoto.com.pt\/welcome\/wp-content\/uploads\/2016\/12\/SW_Binoviewer-600x411.jpg 600w, https:\/\/site.astrofoto.com.pt\/welcome\/wp-content\/uploads\/2016\/12\/SW_Binoviewer.jpg 700w\" sizes=\"(max-width: 300px) 100vw, 300px\" \/><\/a>Binoviewer SkyWatcher 1.25&#8243;<\/strong><\/p>\n<div class=\"introduction\">\n<p>Este visor binocular proporciona um conforto muito grande ao estarem ambos os olhos abertos quando se olha por um telesc\u00f3pio.<\/p>\n<p>Este modelo est\u00e1 equipado com prismas <strong>Bak4 (Barium)<\/strong>, tratados por multicapas numa estrutura de alum\u00ednio.<\/p>\n<p>Dever\u00e1 usar 2 oculares iguais de 1.25&#8243;. Tem regula\u00e7\u00e3o de dioptrias individual.<\/p>\n<p>A barlow 2x (enroscada) pode ser retirada mas em alguns equipamentos pode ser necess\u00e1ria para ter focagem (Em regra\u00a0 em instrumentos de focal curta e Reflectores).<\/p>\n<p>\u2022 visor binocular 1.25&#8243;<br \/>\n\u2022 prismas Bak4<br \/>\n\u2022 barlows <span class=\"PBLongTxt PBItemDesc ng-scope ng-isolate-scope c-app-product-tabs c-app-product-tabs--tabs c-app-product-tabs--horizontal c-app-product-tabs--left\">1.85x e 3x<\/span> (retir\u00e1veis)<br \/>\n\u2022 sem oculares<\/p>\n<\/div>\n","protected":false},"excerpt":{"rendered":"<p>Binoviewer SkyWatcher 1.25&#8243; Este visor binocular proporciona um conforto muito grande ao estarem ambos os olhos abertos quando se olha por um telesc\u00f3pio. Este modelo est\u00e1 equipado com prismas Bak4 (Barium), tratados por multicapas numa estrutura de alum\u00ednio. Dever\u00e1 usar 2 oculares iguais de 1.25&#8243;. Tem regula\u00e7\u00e3o de dioptrias individual. A barlow 2x (enroscada) pode<\/p>\n<div class=\"more-link\">\n\t\t\t\t <a href=\"https:\/\/site.astrofoto.com.pt\/welcome\/produto\/visor-binocular-skywatcher-1-25\/\" class=\"btn theme-btn inverted\"><span>Continuar a Ler <\/span><\/a>\n\t\t\t<\/div>\n","protected":false},"featured_media":1996,"comment_status":"open","ping_status":"closed","template":"","meta":[],"product_brand":[],"product_cat":[29,48,92],"product_tag":[],"class_list":{"0":"post-1995","1":"product","2":"type-product","3":"status-publish","4":"has-post-thumbnail","6":"product_cat-acessorios","7":"product_cat-natal","8":"product_cat-swpromo","10":"first","11":"onbackorder","12":"sale","13":"shipping-taxable","14":"purchasable","15":"product-type-simple"},"_links":{"self":[{"href":"https:\/\/site.astrofoto.com.pt\/welcome\/wp-json\/wp\/v2\/product\/1995","targetHints":{"allow":["GET"]}}],"collection":[{"href":"https:\/\/site.astrofoto.com.pt\/welcome\/wp-json\/wp\/v2\/product"}],"about":[{"href":"https:\/\/site.astrofoto.com.pt\/welcome\/wp-json\/wp\/v2\/types\/product"}],"replies":[{"embeddable":true,"href":"https:\/\/site.astrofoto.com.pt\/welcome\/wp-json\/wp\/v2\/comments?post=1995"}],"wp:featuredmedia":[{"embeddable":true,"href":"https:\/\/site.astrofoto.com.pt\/welcome\/wp-json\/wp\/v2\/media\/1996"}],"wp:attachment":[{"href":"https:\/\/site.astrofoto.com.pt\/welcome\/wp-json\/wp\/v2\/media?parent=1995"}],"wp:term":[{"taxonomy":"product_brand","embeddable":true,"href":"https:\/\/site.astrofoto.com.pt\/welcome\/wp-json\/wp\/v2\/product_brand?post=1995"},{"taxonomy":"product_cat","embeddable":true,"href":"https:\/\/site.astrofoto.com.pt\/welcome\/wp-json\/wp\/v2\/product_cat?post=1995"},{"taxonomy":"product_tag","embeddable":true,"href":"https:\/\/site.astrofoto.com.pt\/welcome\/wp-json\/wp\/v2\/product_tag?post=1995"}],"curies":[{"name":"wp","href":"https:\/\/api.w.org\/{rel}","templated":true}]}}