{"id":1937,"date":"2016-11-22T17:57:39","date_gmt":"2016-11-22T17:57:39","guid":{"rendered":"http:\/\/site.astrofoto.com.pt\/welcome\/?post_type=product&#038;p=1937"},"modified":"2024-05-14T20:00:45","modified_gmt":"2024-05-14T20:00:45","slug":"telescopio-sky-watcher-mak180-black-diamond-neq5-pro","status":"publish","type":"product","link":"https:\/\/site.astrofoto.com.pt\/welcome\/produto\/telescopio-sky-watcher-mak180-black-diamond-neq5-pro\/","title":{"rendered":"Telesc\u00f3pio Sky-Watcher Mak180 Black Diamond NEQ5 Pro"},"content":{"rendered":"<p><a href=\"http:\/\/site.astrofoto.com.pt\/welcome\/wp-content\/uploads\/2016\/11\/SWG024-1.jpg\"><img fetchpriority=\"high\" decoding=\"async\" class=\"alignleft size-medium wp-image-1938\" src=\"http:\/\/site.astrofoto.com.pt\/welcome\/wp-content\/uploads\/2016\/11\/SWG024-1-300x300.jpg\" alt=\"swg024\" width=\"300\" height=\"300\" srcset=\"https:\/\/site.astrofoto.com.pt\/welcome\/wp-content\/uploads\/2016\/11\/SWG024-1-300x300.jpg 300w, https:\/\/site.astrofoto.com.pt\/welcome\/wp-content\/uploads\/2016\/11\/SWG024-1-100x100.jpg 100w, https:\/\/site.astrofoto.com.pt\/welcome\/wp-content\/uploads\/2016\/11\/SWG024-1-150x150.jpg 150w, https:\/\/site.astrofoto.com.pt\/welcome\/wp-content\/uploads\/2016\/11\/SWG024-1.jpg 330w\" sizes=\"(max-width: 300px) 100vw, 300px\" \/><\/a><strong>Telesc\u00f3pio SkyWatcher Mak180 Black Diamond NEQ5 Pro Go-To\u00a0<\/strong><\/p>\n<p>Caracteristicas<\/p>\n<p>Telesc\u00f3pio SkyWatcher Mak180 Black Diamond<br \/>\nMontagem NEQ5<br \/>\nMaksutov de 180\/2700mm<br \/>\nAbertura: 180mm<br \/>\nDist\u00e2ncia Focal\u00a0\u00a0 \u00a02700mm<br \/>\nTubo Optico\u00a0\u00a0 \u00a0Alum\u00ednio<br \/>\nDovetail integrada<br \/>\nPorta-Oculares 50,8mm com adapta\u00e7\u00e3o M42 Rosca T .<br \/>\nOcular 28mm 2&#8243;<br \/>\nDiagonal 2&#8243;<br \/>\nBuscador 9&#215;50<br \/>\nPeso do tubo \u00a0 8kg<br \/>\nDimens\u00e3o do tubo (di\u00e2metro\u00a0 x Comprimento)\u00a0\u00a0 \u00a0216mm x 500mm<br \/>\nPoder de resolu\u00e7\u00e3o\u00a0\u00a0 \u00a00.6&#8243;<br \/>\nMagnitude limite\u00a0\u00a0 \u00a014<br \/>\nMontagem equatorial alem\u00e3 NEQ5<br \/>\nMotoriz\u00e1vel em 1 ou nos 2 eixos (op\u00e7\u00e3o)<br \/>\nMontagem equatorial alem\u00e3 NEQ5 Pro Go-To<br \/>\nMotorizada nos 2 eixos com\u00a0 GOTO<br \/>\nMotor de passos resolu\u00e7\u00e3o: 0.144 arc\/sec<br \/>\nVelocidade at\u00e9 3.4\u00b0\/sec &#8211; Escala\u00a0 de 2x \u00e0 800x<br \/>\nSistema Go-To\u00a0\u00a0 \u00a0Comando Synscan com\u00a0 42 900 objectos de cat\u00e1logos mais usados<br \/>\nModo de seguimento: Sideral, Lunar ou Solar<br \/>\nFun\u00e7\u00e3o: Parquear, sincronizar, \u201cBacklash\u201d, identifica\u00e7\u00e3o, \u201cTour\u201d<br \/>\nCapacidade de carga\u00a0\u00a0 \u00a09kg<br \/>\nCapacidade de carga em astrofotografia: 7.5kg<br \/>\n2 Contra Pesos de 5kg fornecidos<br \/>\nTrip\u00e9 tubular em a\u00e7o regul\u00e1vel em altura (71cm \u00e0 123cm)<br \/>\nPeso dos elementos\u00a0\u00a0 \u00a0Montagem : 7kg<br \/>\nMontagem com Kit GOTO: 8kg<br \/>\nTrip\u00e9 : 3,8kg<\/p>\n<p>\u25ba o Kit GoTo vem \u00e0 parte para ser montado \u25baver no <a href=\"https:\/\/www.youtube.com\/watch?v=yKO1NhGVZ78\">youtube<\/a><\/p>\n","protected":false},"excerpt":{"rendered":"<p>Telesc\u00f3pio SkyWatcher Mak180 Black Diamond NEQ5 Pro Go-To\u00a0 Caracteristicas Telesc\u00f3pio SkyWatcher Mak180 Black Diamond Montagem NEQ5 Maksutov de 180\/2700mm Abertura: 180mm Dist\u00e2ncia Focal\u00a0\u00a0 \u00a02700mm Tubo Optico\u00a0\u00a0 \u00a0Alum\u00ednio Dovetail integrada Porta-Oculares 50,8mm com adapta\u00e7\u00e3o M42 Rosca T . Ocular 28mm 2&#8243; Diagonal 2&#8243; Buscador 9&#215;50 Peso do tubo \u00a0 8kg Dimens\u00e3o do tubo (di\u00e2metro\u00a0 x Comprimento)\u00a0\u00a0<\/p>\n<div class=\"more-link\">\n\t\t\t\t <a href=\"https:\/\/site.astrofoto.com.pt\/welcome\/produto\/telescopio-sky-watcher-mak180-black-diamond-neq5-pro\/\" class=\"btn theme-btn inverted\"><span>Continuar a Ler <\/span><\/a>\n\t\t\t<\/div>\n","protected":false},"featured_media":1938,"comment_status":"open","ping_status":"closed","template":"","meta":[],"product_brand":[],"product_cat":[92,17],"product_tag":[],"class_list":{"0":"post-1937","1":"product","2":"type-product","3":"status-publish","4":"has-post-thumbnail","6":"product_cat-swpromo","7":"product_cat-telescopios-catadioptricos","9":"first","10":"onbackorder","11":"sale","12":"shipping-taxable","13":"purchasable","14":"product-type-simple"},"_links":{"self":[{"href":"https:\/\/site.astrofoto.com.pt\/welcome\/wp-json\/wp\/v2\/product\/1937","targetHints":{"allow":["GET"]}}],"collection":[{"href":"https:\/\/site.astrofoto.com.pt\/welcome\/wp-json\/wp\/v2\/product"}],"about":[{"href":"https:\/\/site.astrofoto.com.pt\/welcome\/wp-json\/wp\/v2\/types\/product"}],"replies":[{"embeddable":true,"href":"https:\/\/site.astrofoto.com.pt\/welcome\/wp-json\/wp\/v2\/comments?post=1937"}],"wp:featuredmedia":[{"embeddable":true,"href":"https:\/\/site.astrofoto.com.pt\/welcome\/wp-json\/wp\/v2\/media\/1938"}],"wp:attachment":[{"href":"https:\/\/site.astrofoto.com.pt\/welcome\/wp-json\/wp\/v2\/media?parent=1937"}],"wp:term":[{"taxonomy":"product_brand","embeddable":true,"href":"https:\/\/site.astrofoto.com.pt\/welcome\/wp-json\/wp\/v2\/product_brand?post=1937"},{"taxonomy":"product_cat","embeddable":true,"href":"https:\/\/site.astrofoto.com.pt\/welcome\/wp-json\/wp\/v2\/product_cat?post=1937"},{"taxonomy":"product_tag","embeddable":true,"href":"https:\/\/site.astrofoto.com.pt\/welcome\/wp-json\/wp\/v2\/product_tag?post=1937"}],"curies":[{"name":"wp","href":"https:\/\/api.w.org\/{rel}","templated":true}]}}