{"id":1935,"date":"2016-11-22T17:46:41","date_gmt":"2016-11-22T17:46:41","guid":{"rendered":"http:\/\/site.astrofoto.com.pt\/welcome\/?post_type=product&#038;p=1935"},"modified":"2024-05-14T20:01:00","modified_gmt":"2024-05-14T20:01:00","slug":"telescopio-sky-watcher-mak180-black-diamond-neq5","status":"publish","type":"product","link":"https:\/\/site.astrofoto.com.pt\/welcome\/produto\/telescopio-sky-watcher-mak180-black-diamond-neq5\/","title":{"rendered":"Telesc\u00f3pio Sky-Watcher Mak180 Black Diamond NEQ5"},"content":{"rendered":"<p><a href=\"http:\/\/site.astrofoto.com.pt\/welcome\/wp-content\/uploads\/2016\/11\/SWG024.jpg\"><img fetchpriority=\"high\" decoding=\"async\" class=\"alignleft size-medium wp-image-1936\" src=\"http:\/\/site.astrofoto.com.pt\/welcome\/wp-content\/uploads\/2016\/11\/SWG024-300x300.jpg\" alt=\"swg024\" width=\"300\" height=\"300\" srcset=\"https:\/\/site.astrofoto.com.pt\/welcome\/wp-content\/uploads\/2016\/11\/SWG024-300x300.jpg 300w, https:\/\/site.astrofoto.com.pt\/welcome\/wp-content\/uploads\/2016\/11\/SWG024-100x100.jpg 100w, https:\/\/site.astrofoto.com.pt\/welcome\/wp-content\/uploads\/2016\/11\/SWG024-150x150.jpg 150w, https:\/\/site.astrofoto.com.pt\/welcome\/wp-content\/uploads\/2016\/11\/SWG024.jpg 330w\" sizes=\"(max-width: 300px) 100vw, 300px\" \/><\/a>\u00a0\u00a0\u00a0 <strong>Telesc\u00f3pio SkyWatcher Mak180 Black Diamond NEQ5\u00a0<\/strong><br \/>\nCaracteristicas<\/p>\n<p>Telesc\u00f3pio SkyWatcher Mak180 Black Diamond<br \/>\nMontagem NEQ5<br \/>\nMaksutov de 180\/2700mm<br \/>\nAbertura: 180mm<br \/>\nDist\u00e2ncia Focal\u00a0\u00a0 \u00a02700mm<br \/>\nTubo Optico\u00a0\u00a0 \u00a0Alum\u00ednio<br \/>\nDovetail integrada<br \/>\nPorta-Oculares 50,8mm com adapta\u00e7\u00e3o M42 Rosca T .<br \/>\nOcular 28mm 2&#8243;<br \/>\nDiagonal 2&#8243;<br \/>\nBuscador 9&#215;50<br \/>\nPeso do tubo \u00a0 8kg<br \/>\nDimens\u00e3o do tubo (di\u00e2metro\u00a0 x Comprimento)\u00a0\u00a0 \u00a0216mm x 500mm<br \/>\nPoder de resolu\u00e7\u00e3o\u00a0\u00a0 \u00a00.6&#8243;<br \/>\nMagnitude limite\u00a0\u00a0 \u00a014<br \/>\nMontagem equatorial alem\u00e3 NEQ5<br \/>\nMotoriz\u00e1vel em 1 ou nos 2 eixos (op\u00e7\u00e3o)<br \/>\nCapacidade de carga\u00a0\u00a0 \u00a09kg<br \/>\nCapacidade de carga em astrofotografia: 7.5kg<br \/>\n2 Contra Pesos de 5kg fornecidos<br \/>\nTrip\u00e9 tubular em a\u00e7o regul\u00e1vel em altura (71cm \u00e0 123cm)<br \/>\nPeso dos elementos\u00a0\u00a0 \u00a0Montagem : 7kg<br \/>\nTrip\u00e9 : 3,8kg<\/p>\n","protected":false},"excerpt":{"rendered":"<p>\u00a0\u00a0\u00a0 Telesc\u00f3pio SkyWatcher Mak180 Black Diamond NEQ5\u00a0 Caracteristicas Telesc\u00f3pio SkyWatcher Mak180 Black Diamond Montagem NEQ5 Maksutov de 180\/2700mm Abertura: 180mm Dist\u00e2ncia Focal\u00a0\u00a0 \u00a02700mm Tubo Optico\u00a0\u00a0 \u00a0Alum\u00ednio Dovetail integrada Porta-Oculares 50,8mm com adapta\u00e7\u00e3o M42 Rosca T . Ocular 28mm 2&#8243; Diagonal 2&#8243; Buscador 9&#215;50 Peso do tubo \u00a0 8kg Dimens\u00e3o do tubo (di\u00e2metro\u00a0 x Comprimento)\u00a0\u00a0 \u00a0216mm<\/p>\n<div class=\"more-link\">\n\t\t\t\t <a href=\"https:\/\/site.astrofoto.com.pt\/welcome\/produto\/telescopio-sky-watcher-mak180-black-diamond-neq5\/\" class=\"btn theme-btn inverted\"><span>Continuar a Ler <\/span><\/a>\n\t\t\t<\/div>\n","protected":false},"featured_media":1936,"comment_status":"open","ping_status":"closed","template":"","meta":[],"product_brand":[],"product_cat":[92,17],"product_tag":[],"class_list":{"0":"post-1935","1":"product","2":"type-product","3":"status-publish","4":"has-post-thumbnail","6":"product_cat-swpromo","7":"product_cat-telescopios-catadioptricos","9":"first","10":"onbackorder","11":"sale","12":"sold-individually","13":"shipping-taxable","14":"purchasable","15":"product-type-simple"},"_links":{"self":[{"href":"https:\/\/site.astrofoto.com.pt\/welcome\/wp-json\/wp\/v2\/product\/1935","targetHints":{"allow":["GET"]}}],"collection":[{"href":"https:\/\/site.astrofoto.com.pt\/welcome\/wp-json\/wp\/v2\/product"}],"about":[{"href":"https:\/\/site.astrofoto.com.pt\/welcome\/wp-json\/wp\/v2\/types\/product"}],"replies":[{"embeddable":true,"href":"https:\/\/site.astrofoto.com.pt\/welcome\/wp-json\/wp\/v2\/comments?post=1935"}],"wp:featuredmedia":[{"embeddable":true,"href":"https:\/\/site.astrofoto.com.pt\/welcome\/wp-json\/wp\/v2\/media\/1936"}],"wp:attachment":[{"href":"https:\/\/site.astrofoto.com.pt\/welcome\/wp-json\/wp\/v2\/media?parent=1935"}],"wp:term":[{"taxonomy":"product_brand","embeddable":true,"href":"https:\/\/site.astrofoto.com.pt\/welcome\/wp-json\/wp\/v2\/product_brand?post=1935"},{"taxonomy":"product_cat","embeddable":true,"href":"https:\/\/site.astrofoto.com.pt\/welcome\/wp-json\/wp\/v2\/product_cat?post=1935"},{"taxonomy":"product_tag","embeddable":true,"href":"https:\/\/site.astrofoto.com.pt\/welcome\/wp-json\/wp\/v2\/product_tag?post=1935"}],"curies":[{"name":"wp","href":"https:\/\/api.w.org\/{rel}","templated":true}]}}