{"id":1932,"date":"2016-11-22T17:36:27","date_gmt":"2016-11-22T17:36:27","guid":{"rendered":"http:\/\/site.astrofoto.com.pt\/welcome\/?post_type=product&#038;p=1932"},"modified":"2023-04-26T12:36:47","modified_gmt":"2023-04-26T12:36:47","slug":"telescopio-sky-watcher-mak180-black-diamond-heq5-pro-go-to","status":"publish","type":"product","link":"https:\/\/site.astrofoto.com.pt\/welcome\/produto\/telescopio-sky-watcher-mak180-black-diamond-heq5-pro-go-to\/","title":{"rendered":"Telesc\u00f3pio Sky-Watcher Mak180 Black Diamond HEQ5 Pro Go-To"},"content":{"rendered":"<p><a href=\"http:\/\/site.astrofoto.com.pt\/welcome\/wp-content\/uploads\/2016\/11\/SW0113-1.jpg\"><img fetchpriority=\"high\" decoding=\"async\" class=\"alignleft size-medium wp-image-1933\" src=\"http:\/\/site.astrofoto.com.pt\/welcome\/wp-content\/uploads\/2016\/11\/SW0113-1-300x300.jpg\" alt=\"sw0113\" width=\"300\" height=\"300\" srcset=\"https:\/\/site.astrofoto.com.pt\/welcome\/wp-content\/uploads\/2016\/11\/SW0113-1-300x300.jpg 300w, https:\/\/site.astrofoto.com.pt\/welcome\/wp-content\/uploads\/2016\/11\/SW0113-1-100x100.jpg 100w, https:\/\/site.astrofoto.com.pt\/welcome\/wp-content\/uploads\/2016\/11\/SW0113-1-150x150.jpg 150w, https:\/\/site.astrofoto.com.pt\/welcome\/wp-content\/uploads\/2016\/11\/SW0113-1.jpg 330w\" sizes=\"(max-width: 300px) 100vw, 300px\" \/><\/a>\u00a0\u00a0\u00a0<strong> Telesc\u00f3pio SkyWatcher Mak180 Black Diamond HEQ5 Pro Go-To\u00a0 <\/strong><\/p>\n<p>Caracteristicas<\/p>\n<p>Telesc\u00f3pio SkyWatcher Mak180 Black Diamond<br \/>\nMontagem HEQ5<br \/>\nTMaksutov de 180\/2700mm<br \/>\nAbertura: 180mm<br \/>\nDist\u00e2ncia Focal\u00a0\u00a0 \u00a02700mm<br \/>\nTubo Optico\u00a0\u00a0 \u00a0Alum\u00ednio<br \/>\nDovetail integrada<br \/>\nPorta-Oculares 50,8mm com adapta\u00e7\u00e3o M42 Rosca T .<br \/>\nOcular 28mm 2&#8243;<br \/>\nDiagonal 2&#8243;<br \/>\nBuscador 9&#215;50<br \/>\nPeso do tubo \u00a0 8kg<br \/>\nDimens\u00e3o do tubo (di\u00e2metro\u00a0 x Comprimento)\u00a0\u00a0 \u00a0216mm x 500mm<br \/>\nPoder de resolu\u00e7\u00e3o\u00a0\u00a0 \u00a00.6&#8243;<br \/>\nMagnitude limite\u00a0\u00a0 \u00a014<br \/>\nMontagem equatorial alem\u00e3 HEQ5 Pro Go-To<br \/>\nMotorizada nos 2 eixos com\u00a0 GOTO<br \/>\nMotor de passos resolu\u00e7\u00e3o: 0.144 arc\/sec<br \/>\nVelocidade at\u00e9 3.4\u00b0\/sec &#8211; Escala\u00a0 de 2x \u00e0 800x<br \/>\nCorre\u00e7\u00e3o de erros peri\u00f3dicos(PEC)<br \/>\nVisor polar integrado<br \/>\nSistema Go-To\u00a0\u00a0 \u00a0Comando Synscan com\u00a0 42 900 objectos de cat\u00e1logos mais usados<br \/>\nModo de seguimento: Sideral, Lunar ou Solar<br \/>\nFun\u00e7\u00e3o: Parquear, sincronizar, \u201cBacklash\u201d, identifica\u00e7\u00e3o, \u201cTour\u201d<br \/>\nCapacidade de carga\u00a0\u00a0 \u00a013kg<br \/>\nCapacidade de carga em astrofotografia: 10kg<br \/>\n2 Contra Pesos de 5kg fornecidos<br \/>\nTrip\u00e9 tubular em a\u00e7o regul\u00e1vel em altura (97cm \u00e0 121cm)<br \/>\nPeso dos elementos\u00a0\u00a0 \u00a0Montagem : 10kg<br \/>\nTrip\u00e9 : 5,6kg<br \/>\nAlimenta\u00e7\u00e3o\u00a0\u00a0 \u00a0Cabo de isqueiro incluido<br \/>\nAlimenta\u00e7\u00e3o DC12V ou caixa de pilhas<\/p>\n","protected":false},"excerpt":{"rendered":"<p>\u00a0\u00a0\u00a0 Telesc\u00f3pio SkyWatcher Mak180 Black Diamond HEQ5 Pro Go-To\u00a0 Caracteristicas Telesc\u00f3pio SkyWatcher Mak180 Black Diamond Montagem HEQ5 TMaksutov de 180\/2700mm Abertura: 180mm Dist\u00e2ncia Focal\u00a0\u00a0 \u00a02700mm Tubo Optico\u00a0\u00a0 \u00a0Alum\u00ednio Dovetail integrada Porta-Oculares 50,8mm com adapta\u00e7\u00e3o M42 Rosca T . Ocular 28mm 2&#8243; Diagonal 2&#8243; Buscador 9&#215;50 Peso do tubo \u00a0 8kg Dimens\u00e3o do tubo (di\u00e2metro\u00a0 x<\/p>\n<div class=\"more-link\">\n\t\t\t\t <a href=\"https:\/\/site.astrofoto.com.pt\/welcome\/produto\/telescopio-sky-watcher-mak180-black-diamond-heq5-pro-go-to\/\" class=\"btn theme-btn inverted\"><span>Continuar a Ler <\/span><\/a>\n\t\t\t<\/div>\n","protected":false},"featured_media":1933,"comment_status":"open","ping_status":"closed","template":"","meta":[],"product_brand":[],"product_cat":[17],"product_tag":[],"class_list":{"0":"post-1932","1":"product","2":"type-product","3":"status-publish","4":"has-post-thumbnail","6":"product_cat-telescopios-catadioptricos","8":"first","9":"onbackorder","10":"sale","11":"shipping-taxable","12":"purchasable","13":"product-type-simple"},"_links":{"self":[{"href":"https:\/\/site.astrofoto.com.pt\/welcome\/wp-json\/wp\/v2\/product\/1932","targetHints":{"allow":["GET"]}}],"collection":[{"href":"https:\/\/site.astrofoto.com.pt\/welcome\/wp-json\/wp\/v2\/product"}],"about":[{"href":"https:\/\/site.astrofoto.com.pt\/welcome\/wp-json\/wp\/v2\/types\/product"}],"replies":[{"embeddable":true,"href":"https:\/\/site.astrofoto.com.pt\/welcome\/wp-json\/wp\/v2\/comments?post=1932"}],"wp:featuredmedia":[{"embeddable":true,"href":"https:\/\/site.astrofoto.com.pt\/welcome\/wp-json\/wp\/v2\/media\/1933"}],"wp:attachment":[{"href":"https:\/\/site.astrofoto.com.pt\/welcome\/wp-json\/wp\/v2\/media?parent=1932"}],"wp:term":[{"taxonomy":"product_brand","embeddable":true,"href":"https:\/\/site.astrofoto.com.pt\/welcome\/wp-json\/wp\/v2\/product_brand?post=1932"},{"taxonomy":"product_cat","embeddable":true,"href":"https:\/\/site.astrofoto.com.pt\/welcome\/wp-json\/wp\/v2\/product_cat?post=1932"},{"taxonomy":"product_tag","embeddable":true,"href":"https:\/\/site.astrofoto.com.pt\/welcome\/wp-json\/wp\/v2\/product_tag?post=1932"}],"curies":[{"name":"wp","href":"https:\/\/api.w.org\/{rel}","templated":true}]}}