{"id":1928,"date":"2016-11-22T17:08:37","date_gmt":"2016-11-22T17:08:37","guid":{"rendered":"http:\/\/site.astrofoto.com.pt\/welcome\/?post_type=product&#038;p=1928"},"modified":"2025-09-02T13:38:02","modified_gmt":"2025-09-02T13:38:02","slug":"telescopio-sky-watcher-mak150-black-diamond-neq5-pro-go-to","status":"publish","type":"product","link":"https:\/\/site.astrofoto.com.pt\/welcome\/produto\/telescopio-sky-watcher-mak150-black-diamond-neq5-pro-go-to\/","title":{"rendered":"Telesc\u00f3pio Sky-Watcher Mak150 Black Diamond NEQ5 Pro Go-To"},"content":{"rendered":"<p><a href=\"http:\/\/site.astrofoto.com.pt\/welcome\/wp-content\/uploads\/2016\/11\/SWG022-1.jpg\"><img fetchpriority=\"high\" decoding=\"async\" class=\"alignleft size-medium wp-image-1929\" src=\"http:\/\/site.astrofoto.com.pt\/welcome\/wp-content\/uploads\/2016\/11\/SWG022-1-300x300.jpg\" alt=\"swg022\" width=\"300\" height=\"300\" srcset=\"https:\/\/site.astrofoto.com.pt\/welcome\/wp-content\/uploads\/2016\/11\/SWG022-1-300x300.jpg 300w, https:\/\/site.astrofoto.com.pt\/welcome\/wp-content\/uploads\/2016\/11\/SWG022-1-100x100.jpg 100w, https:\/\/site.astrofoto.com.pt\/welcome\/wp-content\/uploads\/2016\/11\/SWG022-1-150x150.jpg 150w, https:\/\/site.astrofoto.com.pt\/welcome\/wp-content\/uploads\/2016\/11\/SWG022-1.jpg 330w\" sizes=\"(max-width: 300px) 100vw, 300px\" \/><\/a> <strong>Telesc\u00f3pio SkyWatcher Mak150 Black Diamond NEQ5 Pro Go-To<\/strong><br \/>\nCaracteristicas<\/p>\n<p>Telesc\u00f3pio SkyWatcher Mak150 Black Diamond<br \/>\nMontagem NEQ5<br \/>\nTubo Optico\u00a0\u00a0 \u00a0Alum\u00ednio<br \/>\nDovetail integrada<br \/>\nDist\u00e2ncia Focal\u00a0\u00a0 \u00a01800mm<br \/>\nPorta-Oculares\u00a0\u00a0 \u00a0Porta-Oculares 50,8mm com adapta\u00e7\u00e3o M42 Rosca T .<br \/>\nPeso do tubo \u00a0\u00a0 5.6kg<br \/>\nDimens\u00e3o do tubo (di\u00e2metro\u00a0 x Comprimento)\u00a0\u00a0 \u00a0183mm x 400mm<br \/>\nPoder de resolu\u00e7\u00e3o\u00a0\u00a0 \u00a00.8&#8243;<br \/>\nMagnitude limite\u00a0\u00a0 \u00a013<br \/>\nMontagem equatorial alem\u00e3 NEQ5<br \/>\nMotoriz\u00e1vel em 1 ou nos 2 eixos (op\u00e7\u00e3o)<br \/>\nMontagem equatorial alem\u00e3 NEQ5 Pro Go-To<br \/>\nMotorizada nos 2 eixos com\u00a0 GOTO<br \/>\n<strong><em>\u25baA montagem SkyWatcher SynScan GOTO encarrega-se de mover o instrumento em dire\u00e7\u00e3o ao alvo que voc\u00ea deseja observar e at\u00e9 vai sugerindo objetos disponiveis na sua zona de observa\u00e7\u00e3o e na data em que est\u00e1.<\/em><\/strong><br \/>\nMotor de passos resolu\u00e7\u00e3o: 0.144 arc\/sec<br \/>\nVelocidade at\u00e9 3.4\u00b0\/sec &#8211; Escala\u00a0 de 2x \u00e0 800x<br \/>\nSistema Go-To\u00a0\u00a0 \u00a0Comando Synscan com\u00a0 42 900 objectos de cat\u00e1logos mais usados<br \/>\nModo de seguimento: Sideral, Lunar ou Solar<br \/>\nFun\u00e7\u00e3o: Parquear, sincronizar, \u201cBacklash\u201d, identifica\u00e7\u00e3o, \u201cTour\u201d<br \/>\nCapacidade de carga\u00a0\u00a0 \u00a09kg<br \/>\nCapacidade de carga em astrofotografia: 7.5kg<br \/>\n2 Contra Pesos de 5kg fornecidos<br \/>\nTrip\u00e9 tubular em a\u00e7o regul\u00e1vel em altura (71cm \u00e0 123cm)<br \/>\nPeso dos elementos\u00a0\u00a0 \u00a0Montagem : 7kg<br \/>\nMontagem com Kit GOTO: 8kg<br \/>\nTrip\u00e9 : 3,8kg<\/p>\n<p>\u25ba o Kit GoTo vem \u00e0 parte para ser montado \u25baver no <a href=\"https:\/\/www.youtube.com\/watch?v=yKO1NhGVZ78\">youtube<\/a><\/p>\n","protected":false},"excerpt":{"rendered":"<p>Telesc\u00f3pio SkyWatcher Mak150 Black Diamond NEQ5 Pro Go-To Caracteristicas Telesc\u00f3pio SkyWatcher Mak150 Black Diamond Montagem NEQ5 Tubo Optico\u00a0\u00a0 \u00a0Alum\u00ednio Dovetail integrada Dist\u00e2ncia Focal\u00a0\u00a0 \u00a01800mm Porta-Oculares\u00a0\u00a0 \u00a0Porta-Oculares 50,8mm com adapta\u00e7\u00e3o M42 Rosca T . Peso do tubo \u00a0\u00a0 5.6kg Dimens\u00e3o do tubo (di\u00e2metro\u00a0 x Comprimento)\u00a0\u00a0 \u00a0183mm x 400mm Poder de resolu\u00e7\u00e3o\u00a0\u00a0 \u00a00.8&#8243; Magnitude limite\u00a0\u00a0 \u00a013 Montagem<\/p>\n<div class=\"more-link\">\n\t\t\t\t <a href=\"https:\/\/site.astrofoto.com.pt\/welcome\/produto\/telescopio-sky-watcher-mak150-black-diamond-neq5-pro-go-to\/\" class=\"btn theme-btn inverted\"><span>Continuar a Ler <\/span><\/a>\n\t\t\t<\/div>\n","protected":false},"featured_media":1929,"comment_status":"open","ping_status":"closed","template":"","meta":[],"product_brand":[],"product_cat":[92,17],"product_tag":[],"class_list":{"0":"post-1928","1":"product","2":"type-product","3":"status-publish","4":"has-post-thumbnail","6":"product_cat-swpromo","7":"product_cat-telescopios-catadioptricos","9":"first","10":"onbackorder","11":"sale","12":"shipping-taxable","13":"purchasable","14":"product-type-simple"},"_links":{"self":[{"href":"https:\/\/site.astrofoto.com.pt\/welcome\/wp-json\/wp\/v2\/product\/1928","targetHints":{"allow":["GET"]}}],"collection":[{"href":"https:\/\/site.astrofoto.com.pt\/welcome\/wp-json\/wp\/v2\/product"}],"about":[{"href":"https:\/\/site.astrofoto.com.pt\/welcome\/wp-json\/wp\/v2\/types\/product"}],"replies":[{"embeddable":true,"href":"https:\/\/site.astrofoto.com.pt\/welcome\/wp-json\/wp\/v2\/comments?post=1928"}],"wp:featuredmedia":[{"embeddable":true,"href":"https:\/\/site.astrofoto.com.pt\/welcome\/wp-json\/wp\/v2\/media\/1929"}],"wp:attachment":[{"href":"https:\/\/site.astrofoto.com.pt\/welcome\/wp-json\/wp\/v2\/media?parent=1928"}],"wp:term":[{"taxonomy":"product_brand","embeddable":true,"href":"https:\/\/site.astrofoto.com.pt\/welcome\/wp-json\/wp\/v2\/product_brand?post=1928"},{"taxonomy":"product_cat","embeddable":true,"href":"https:\/\/site.astrofoto.com.pt\/welcome\/wp-json\/wp\/v2\/product_cat?post=1928"},{"taxonomy":"product_tag","embeddable":true,"href":"https:\/\/site.astrofoto.com.pt\/welcome\/wp-json\/wp\/v2\/product_tag?post=1928"}],"curies":[{"name":"wp","href":"https:\/\/api.w.org\/{rel}","templated":true}]}}