{"id":1924,"date":"2016-11-22T16:45:17","date_gmt":"2016-11-22T16:45:17","guid":{"rendered":"http:\/\/site.astrofoto.com.pt\/welcome\/?post_type=product&#038;p=1924"},"modified":"2023-04-26T12:29:46","modified_gmt":"2023-04-26T12:29:46","slug":"telescopio-sky-watcher-mak150-black-diamond-neq3-2-pro-go-to","status":"publish","type":"product","link":"https:\/\/site.astrofoto.com.pt\/welcome\/produto\/telescopio-sky-watcher-mak150-black-diamond-neq3-2-pro-go-to\/","title":{"rendered":"Telesc\u00f3pio Sky-Watcher Mak150 Black Diamond NEQ3-2 Pro Go-To"},"content":{"rendered":"<p><a href=\"http:\/\/site.astrofoto.com.pt\/welcome\/wp-content\/uploads\/2016\/11\/MAk150EQ3GT.jpg\"><img fetchpriority=\"high\" decoding=\"async\" class=\"alignleft size-medium wp-image-1960\" src=\"http:\/\/site.astrofoto.com.pt\/welcome\/wp-content\/uploads\/2016\/11\/MAk150EQ3GT-300x300.jpg\" alt=\"mak150eq3gt\" width=\"300\" height=\"300\" srcset=\"https:\/\/site.astrofoto.com.pt\/welcome\/wp-content\/uploads\/2016\/11\/MAk150EQ3GT-300x299.jpg 300w, https:\/\/site.astrofoto.com.pt\/welcome\/wp-content\/uploads\/2016\/11\/MAk150EQ3GT-100x100.jpg 100w, https:\/\/site.astrofoto.com.pt\/welcome\/wp-content\/uploads\/2016\/11\/MAk150EQ3GT-150x150.jpg 150w, https:\/\/site.astrofoto.com.pt\/welcome\/wp-content\/uploads\/2016\/11\/MAk150EQ3GT.jpg 330w\" sizes=\"(max-width: 300px) 100vw, 300px\" \/><\/a><br \/>\n<strong>Telesc\u00f3pio SkyWatcher Mak150 Black Diamond NEQ3-2 Pro Go-To\u00a0<\/strong><br \/>\nCaracteristicas<\/p>\n<p>Telesc\u00f3pio SkyWatcher Mak150 Black Diamond<br \/>\nMontagem NEQ3-2<br \/>\nTubo Optico\u00a0\u00a0 \u00a0Alum\u00ednio<br \/>\nDovetail integrada<br \/>\nDist\u00e2ncia Focal\u00a0\u00a0 \u00a01800mm<br \/>\nPorta-Oculares\u00a0\u00a0 \u00a0Porta-Oculares 50,8mm com adapta\u00e7\u00e3o M42 Rosca T .<br \/>\nPeso do tubo \u00a0 5.6kg<br \/>\nDimens\u00e3o do tubo (di\u00e2metro\u00a0 x Comprimento)\u00a0\u00a0 \u00a0183mm x 400mm<br \/>\nPoder de resolu\u00e7\u00e3o\u00a0\u00a0 \u00a00.8&#8243;<br \/>\nMagnitude limite\u00a0\u00a0 \u00a013<br \/>\nMontagem ensemble SW0100\u00a0\u00a0 \u00a0Montagem equatorial alem\u00e3 NEQ3-2<br \/>\nMotoriz\u00e1vel em 1 ou nos 2 eixos<br \/>\nMontagem equatorial alem\u00e3 NEQ3-2 Pro Go-To<br \/>\nMotorizada nos 2 eixos com\u00a0 GOTO<br \/>\nMotor de passos resolu\u00e7\u00e3o: 0.144 arc\/sec<br \/>\nVelocidade at\u00e9 3.4\u00b0\/sec &#8211; Escala\u00a0 de 2x \u00e0 800x<br \/>\nSistema Go-To\u00a0\u00a0 \u00a0Comando Synscan com\u00a0 42 900 objectos de cat\u00e1logos mais usados<br \/>\nModo de seguimento: Sideral, Lunar ou Solar<br \/>\nFun\u00e7\u00e3o: Parquear, sincronizar, \u201cBacklash\u201d, identifica\u00e7\u00e3o, \u201cTour\u201d<br \/>\nCapacidade de carga\u00a0\u00a0 \u00a05kg<br \/>\n2 Contra Pesos fornecidos : 3,5kg et 1,5kg<br \/>\nTrip\u00e9 tubular em a\u00e7o regul\u00e1vel em altura (71cm \u00e0 123cm)<\/p>\n<p>\u25ba Kit GoTo vem \u00e0 parte e ter\u00e1 de ser montado \u25baver no <a href=\"https:\/\/www.youtube.com\/watch?v=p-BWQhAjUx4\">youtube<\/a><\/p>\n","protected":false},"excerpt":{"rendered":"<p>Telesc\u00f3pio SkyWatcher Mak150 Black Diamond NEQ3-2 Pro Go-To\u00a0 Caracteristicas Telesc\u00f3pio SkyWatcher Mak150 Black Diamond Montagem NEQ3-2 Tubo Optico\u00a0\u00a0 \u00a0Alum\u00ednio Dovetail integrada Dist\u00e2ncia Focal\u00a0\u00a0 \u00a01800mm Porta-Oculares\u00a0\u00a0 \u00a0Porta-Oculares 50,8mm com adapta\u00e7\u00e3o M42 Rosca T . Peso do tubo \u00a0 5.6kg Dimens\u00e3o do tubo (di\u00e2metro\u00a0 x Comprimento)\u00a0\u00a0 \u00a0183mm x 400mm Poder de resolu\u00e7\u00e3o\u00a0\u00a0 \u00a00.8&#8243; Magnitude limite\u00a0\u00a0 \u00a013 Montagem<\/p>\n<div class=\"more-link\">\n\t\t\t\t <a href=\"https:\/\/site.astrofoto.com.pt\/welcome\/produto\/telescopio-sky-watcher-mak150-black-diamond-neq3-2-pro-go-to\/\" class=\"btn theme-btn inverted\"><span>Continuar a Ler <\/span><\/a>\n\t\t\t<\/div>\n","protected":false},"featured_media":1960,"comment_status":"open","ping_status":"closed","template":"","meta":[],"product_brand":[],"product_cat":[17],"product_tag":[],"class_list":{"0":"post-1924","1":"product","2":"type-product","3":"status-publish","4":"has-post-thumbnail","6":"product_cat-telescopios-catadioptricos","8":"first","9":"onbackorder","10":"sale","11":"shipping-taxable","12":"purchasable","13":"product-type-simple"},"_links":{"self":[{"href":"https:\/\/site.astrofoto.com.pt\/welcome\/wp-json\/wp\/v2\/product\/1924","targetHints":{"allow":["GET"]}}],"collection":[{"href":"https:\/\/site.astrofoto.com.pt\/welcome\/wp-json\/wp\/v2\/product"}],"about":[{"href":"https:\/\/site.astrofoto.com.pt\/welcome\/wp-json\/wp\/v2\/types\/product"}],"replies":[{"embeddable":true,"href":"https:\/\/site.astrofoto.com.pt\/welcome\/wp-json\/wp\/v2\/comments?post=1924"}],"wp:featuredmedia":[{"embeddable":true,"href":"https:\/\/site.astrofoto.com.pt\/welcome\/wp-json\/wp\/v2\/media\/1960"}],"wp:attachment":[{"href":"https:\/\/site.astrofoto.com.pt\/welcome\/wp-json\/wp\/v2\/media?parent=1924"}],"wp:term":[{"taxonomy":"product_brand","embeddable":true,"href":"https:\/\/site.astrofoto.com.pt\/welcome\/wp-json\/wp\/v2\/product_brand?post=1924"},{"taxonomy":"product_cat","embeddable":true,"href":"https:\/\/site.astrofoto.com.pt\/welcome\/wp-json\/wp\/v2\/product_cat?post=1924"},{"taxonomy":"product_tag","embeddable":true,"href":"https:\/\/site.astrofoto.com.pt\/welcome\/wp-json\/wp\/v2\/product_tag?post=1924"}],"curies":[{"name":"wp","href":"https:\/\/api.w.org\/{rel}","templated":true}]}}