{"id":1919,"date":"2016-11-22T16:15:30","date_gmt":"2016-11-22T16:15:30","guid":{"rendered":"http:\/\/site.astrofoto.com.pt\/welcome\/?post_type=product&#038;p=1919"},"modified":"2023-04-26T12:32:43","modified_gmt":"2023-04-26T12:32:43","slug":"telescopio-sky-watcher-mak150-black-diamond-heq5-pro-go-to","status":"publish","type":"product","link":"https:\/\/site.astrofoto.com.pt\/welcome\/produto\/telescopio-sky-watcher-mak150-black-diamond-heq5-pro-go-to\/","title":{"rendered":"Telesc\u00f3pio Sky-Watcher Mak150 Black Diamond HEQ5 Pro Go-To"},"content":{"rendered":"<p><a href=\"http:\/\/site.astrofoto.com.pt\/welcome\/wp-content\/uploads\/2016\/11\/SWG023.jpg\"><img fetchpriority=\"high\" decoding=\"async\" class=\"alignleft size-medium wp-image-1920\" src=\"http:\/\/site.astrofoto.com.pt\/welcome\/wp-content\/uploads\/2016\/11\/SWG023-300x300.jpg\" alt=\"swg023\" width=\"300\" height=\"300\" srcset=\"https:\/\/site.astrofoto.com.pt\/welcome\/wp-content\/uploads\/2016\/11\/SWG023-300x300.jpg 300w, https:\/\/site.astrofoto.com.pt\/welcome\/wp-content\/uploads\/2016\/11\/SWG023-100x100.jpg 100w, https:\/\/site.astrofoto.com.pt\/welcome\/wp-content\/uploads\/2016\/11\/SWG023-150x150.jpg 150w, https:\/\/site.astrofoto.com.pt\/welcome\/wp-content\/uploads\/2016\/11\/SWG023.jpg 330w\" sizes=\"(max-width: 300px) 100vw, 300px\" \/><\/a>\u00a0<strong>\u00a0 Telesc\u00f3pio SkyWatcher Mak150 Black Diamond HEQ5 Pro Go-To<\/strong><br \/>\nCaracteristicas<\/p>\n<p>Telesc\u00f3pio SkyWatcher Mak150 Black Diamond<br \/>\nMontagem HEQ5<br \/>\nTubo Optico\u00a0\u00a0 \u00a0Alum\u00ednio<br \/>\nDovetail integrada<br \/>\nDist\u00e2ncia Focal\u00a0\u00a0 \u00a01800mm<br \/>\nPorta-Oculares\u00a0\u00a0 \u00a0Porta-Oculares 50,8mm com adapta\u00e7\u00e3o M42 Rosca T .<br \/>\nPeso du tube\u00a0\u00a0 \u00a05.6kg<br \/>\nDimens\u00e3o do tubo (di\u00e2metro\u00a0 x Comprimento)\u00a0\u00a0 \u00a0183mm x 400mm<br \/>\nPoder de resolu\u00e7\u00e3o\u00a0\u00a0 \u00a00.8&#8243;<br \/>\nMagnitude limite\u00a0\u00a0 \u00a013<br \/>\nMontagem equatorial alem\u00e3 HEQ5 Pro Go-To<br \/>\nMotorizada nos 2 eixos com\u00a0 GOTO<br \/>\nMotor de passos resolu\u00e7\u00e3o: 0.144 arc\/sec<br \/>\nVelocidade at\u00e9 3.4\u00b0\/sec &#8211; Escala\u00a0 de 2x \u00e0 800x<br \/>\nCorre\u00e7\u00e3o de erros peri\u00f3dicos(PEC)<br \/>\nVisor polar integrado<br \/>\nSistema Go-To\u00a0\u00a0 \u00a0Comando Synscan com\u00a0 42 900 objectos de cat\u00e1logos mais usados<br \/>\nModo de seguimento: Sideral, Lunar ou Solar<br \/>\nFun\u00e7\u00e3o: Parquear, sincronizar, \u201cBacklash\u201d, identifica\u00e7\u00e3o, \u201cTour\u201d<br \/>\nCapacidade de carga\u00a0\u00a0 \u00a013kg<br \/>\nCapacidade de carga em astrofotografia: 10kg<br \/>\n2 Contra Pesos de 5kg fornecidos<br \/>\nTrip\u00e9 tubular em a\u00e7o regul\u00e1vel em altura (97cm \u00e0 121cm)<br \/>\nPeso dos elementos\u00a0\u00a0 \u00a0Montagem : 10kg<br \/>\nTrip\u00e9 : 5,6kg<br \/>\nAlimenta\u00e7\u00e3o\u00a0\u00a0 \u00a0Cabo de isqueiro incluido<br \/>\nAlimenta\u00e7\u00e3o DC12V ou caixa de pilhas<\/p>\n","protected":false},"excerpt":{"rendered":"<p>\u00a0\u00a0 Telesc\u00f3pio SkyWatcher Mak150 Black Diamond HEQ5 Pro Go-To Caracteristicas Telesc\u00f3pio SkyWatcher Mak150 Black Diamond Montagem HEQ5 Tubo Optico\u00a0\u00a0 \u00a0Alum\u00ednio Dovetail integrada Dist\u00e2ncia Focal\u00a0\u00a0 \u00a01800mm Porta-Oculares\u00a0\u00a0 \u00a0Porta-Oculares 50,8mm com adapta\u00e7\u00e3o M42 Rosca T . Peso du tube\u00a0\u00a0 \u00a05.6kg Dimens\u00e3o do tubo (di\u00e2metro\u00a0 x Comprimento)\u00a0\u00a0 \u00a0183mm x 400mm Poder de resolu\u00e7\u00e3o\u00a0\u00a0 \u00a00.8&#8243; Magnitude limite\u00a0\u00a0 \u00a013 Montagem<\/p>\n<div class=\"more-link\">\n\t\t\t\t <a href=\"https:\/\/site.astrofoto.com.pt\/welcome\/produto\/telescopio-sky-watcher-mak150-black-diamond-heq5-pro-go-to\/\" class=\"btn theme-btn inverted\"><span>Continuar a Ler <\/span><\/a>\n\t\t\t<\/div>\n","protected":false},"featured_media":1920,"comment_status":"open","ping_status":"closed","template":"","meta":[],"product_brand":[],"product_cat":[17],"product_tag":[],"class_list":{"0":"post-1919","1":"product","2":"type-product","3":"status-publish","4":"has-post-thumbnail","6":"product_cat-telescopios-catadioptricos","8":"first","9":"onbackorder","10":"sale","11":"shipping-taxable","12":"purchasable","13":"product-type-simple"},"_links":{"self":[{"href":"https:\/\/site.astrofoto.com.pt\/welcome\/wp-json\/wp\/v2\/product\/1919","targetHints":{"allow":["GET"]}}],"collection":[{"href":"https:\/\/site.astrofoto.com.pt\/welcome\/wp-json\/wp\/v2\/product"}],"about":[{"href":"https:\/\/site.astrofoto.com.pt\/welcome\/wp-json\/wp\/v2\/types\/product"}],"replies":[{"embeddable":true,"href":"https:\/\/site.astrofoto.com.pt\/welcome\/wp-json\/wp\/v2\/comments?post=1919"}],"wp:featuredmedia":[{"embeddable":true,"href":"https:\/\/site.astrofoto.com.pt\/welcome\/wp-json\/wp\/v2\/media\/1920"}],"wp:attachment":[{"href":"https:\/\/site.astrofoto.com.pt\/welcome\/wp-json\/wp\/v2\/media?parent=1919"}],"wp:term":[{"taxonomy":"product_brand","embeddable":true,"href":"https:\/\/site.astrofoto.com.pt\/welcome\/wp-json\/wp\/v2\/product_brand?post=1919"},{"taxonomy":"product_cat","embeddable":true,"href":"https:\/\/site.astrofoto.com.pt\/welcome\/wp-json\/wp\/v2\/product_cat?post=1919"},{"taxonomy":"product_tag","embeddable":true,"href":"https:\/\/site.astrofoto.com.pt\/welcome\/wp-json\/wp\/v2\/product_tag?post=1919"}],"curies":[{"name":"wp","href":"https:\/\/api.w.org\/{rel}","templated":true}]}}