{"id":1917,"date":"2016-11-21T22:58:26","date_gmt":"2016-11-21T22:58:26","guid":{"rendered":"http:\/\/site.astrofoto.com.pt\/welcome\/?post_type=product&#038;p=1917"},"modified":"2024-11-21T20:23:05","modified_gmt":"2024-11-21T20:23:05","slug":"telescopio-sky-watcher-mak-127-az-synscan-goto","status":"publish","type":"product","link":"https:\/\/site.astrofoto.com.pt\/welcome\/produto\/telescopio-sky-watcher-mak-127-az-synscan-goto\/","title":{"rendered":"Telesc\u00f3pio Sky-Watcher Mak 127 AZ SynScan GoTo"},"content":{"rendered":"<p><a href=\"http:\/\/site.astrofoto.com.pt\/welcome\/wp-content\/uploads\/2016\/11\/telescope-sky-watcher-mak-127-sur-az-goto.jpg\"><img fetchpriority=\"high\" decoding=\"async\" class=\"alignleft size-medium wp-image-2742\" src=\"http:\/\/site.astrofoto.com.pt\/welcome\/wp-content\/uploads\/2016\/11\/telescope-sky-watcher-mak-127-sur-az-goto-300x300.jpg\" alt=\"\" width=\"300\" height=\"300\" srcset=\"https:\/\/site.astrofoto.com.pt\/welcome\/wp-content\/uploads\/2016\/11\/telescope-sky-watcher-mak-127-sur-az-goto-300x300.jpg 300w, https:\/\/site.astrofoto.com.pt\/welcome\/wp-content\/uploads\/2016\/11\/telescope-sky-watcher-mak-127-sur-az-goto-450x450.jpg 450w, https:\/\/site.astrofoto.com.pt\/welcome\/wp-content\/uploads\/2016\/11\/telescope-sky-watcher-mak-127-sur-az-goto-100x100.jpg 100w, https:\/\/site.astrofoto.com.pt\/welcome\/wp-content\/uploads\/2016\/11\/telescope-sky-watcher-mak-127-sur-az-goto-150x150.jpg 150w, https:\/\/site.astrofoto.com.pt\/welcome\/wp-content\/uploads\/2016\/11\/telescope-sky-watcher-mak-127-sur-az-goto.jpg 600w\" sizes=\"(max-width: 300px) 100vw, 300px\" \/><\/a><strong>\u00a0 Telesc\u00f3pio SkyWatcher Mak127 AZ SynScan GoTo<\/strong><\/p>\n<p>\u25baPara oferecer mais conforto ao utilizador, a SkyWatcher decidiu equipar parte de sua linha de instrumentos com uma montagem azimutal computorizada de eixo duplo e um controlador manual capaz de apontar e fazer seguimento.<\/p>\n<p>\u25baA montagem SkyWatcher AZ SynScan GOTO\u00a0 encarrega-se de mover o instrumento em dire\u00e7\u00e3o ao alvo que voc\u00ea deseja observar e at\u00e9 vai sugerindo objetos disponiveis na sua zona de observa\u00e7\u00e3o e na data em que est\u00e1.<\/p>\n<p>&nbsp;<\/p>\n<p><em>Caracter\u00edsticas<br \/>\n<\/em>\u2022 Tubo Optico em Alum\u00ednio<br \/>\n\u2022 Dovetail integrada<br \/>\n\u2022 Dist\u00e2ncia Focal: 1500mm<br \/>\n\u2022 Porta-Oculares 31,75mm (1.25&#8243;)<br \/>\n\u2022 Oculares: Super 25mm e 10mm 1,25&#8243;<br \/>\n\u2022 Buscador: 6x24mm<br \/>\n\u2022 Rosca T no porta-oculares<br \/>\n\u2022 Poder de resolu\u00e7\u00e3o: 0.95&#8243;<br \/>\n\u2022 Magnitude limite: 13.2<br \/>\n\u2022 Dimens\u00f5es: 140mm x 330mm<br \/>\n\u2022 Peso do Tubo Optico: 3.6kg<br \/>\n\u2022 Montagem altAzimutal\u00a0 AZ SynScan Go-To<br \/>\n\u2022 Motoriza\u00e7\u00e3o duplo eixo com GOTO<br \/>\n\u2022 Servo-motores DC &#8211; Resolu\u00e7\u00e3o: 0,8923 arc\/sec<br \/>\n\u2022 Capacidade de carga: 5kg<br \/>\n\u2022 Porta PC para actualiza\u00e7\u00e3o do comando Synscan<br \/>\n\u2022 Sistema SynScan Go-To\u00a0 com\u00a0 42 900 objectos de cat\u00e1logos mais usados<br \/>\n\u2022 Velocidade de desloca\u00e7\u00e3o: 1x, 2x, 16x, 32x, 64x, 128x, 400x, 500x, 600x, 800x<br \/>\n\u2022 Modo de seguimento: Sideral, Lunar ou Solar<br \/>\n\u2022 Trip\u00e9 de a\u00e7o regul\u00e1vel em altura (71cm a 123cm)<br \/>\n\u2022 Caixa de pilhas (pilhas n\u00e3o inclu\u00eddas)<br \/>\n\u2022 Alimenta\u00e7\u00e3o 12V DC <a href=\"http:\/\/site.astrofoto.com.pt\/welcome\/produto\/adaptador-12v-3a\/\"><strong>em op\u00e7\u00e3o<\/strong><\/a><\/p>\n<p>\u25ba ver no <a href=\"https:\/\/www.youtube.com\/watch?v=P1fAjWI_dNc\">youtube<\/a>\u00a0(LAshotts)<\/p>\n<p>&nbsp;<\/p>\n","protected":false},"excerpt":{"rendered":"<p>\u00a0 Telesc\u00f3pio SkyWatcher Mak127 AZ SynScan GoTo \u25baPara oferecer mais conforto ao utilizador, a SkyWatcher decidiu equipar parte de sua linha de instrumentos com uma montagem azimutal computorizada de eixo duplo e um controlador manual capaz de apontar e fazer seguimento. \u25baA montagem SkyWatcher AZ SynScan GOTO\u00a0 encarrega-se de mover o instrumento em dire\u00e7\u00e3o ao<\/p>\n<div class=\"more-link\">\n\t\t\t\t <a href=\"https:\/\/site.astrofoto.com.pt\/welcome\/produto\/telescopio-sky-watcher-mak-127-az-synscan-goto\/\" class=\"btn theme-btn inverted\"><span>Continuar a Ler <\/span><\/a>\n\t\t\t<\/div>\n","protected":false},"featured_media":1918,"comment_status":"open","ping_status":"closed","template":"","meta":[],"product_brand":[],"product_cat":[17],"product_tag":[],"class_list":{"0":"post-1917","1":"product","2":"type-product","3":"status-publish","4":"has-post-thumbnail","6":"product_cat-telescopios-catadioptricos","8":"first","9":"outofstock","10":"shipping-taxable","11":"purchasable","12":"product-type-simple"},"_links":{"self":[{"href":"https:\/\/site.astrofoto.com.pt\/welcome\/wp-json\/wp\/v2\/product\/1917","targetHints":{"allow":["GET"]}}],"collection":[{"href":"https:\/\/site.astrofoto.com.pt\/welcome\/wp-json\/wp\/v2\/product"}],"about":[{"href":"https:\/\/site.astrofoto.com.pt\/welcome\/wp-json\/wp\/v2\/types\/product"}],"replies":[{"embeddable":true,"href":"https:\/\/site.astrofoto.com.pt\/welcome\/wp-json\/wp\/v2\/comments?post=1917"}],"wp:featuredmedia":[{"embeddable":true,"href":"https:\/\/site.astrofoto.com.pt\/welcome\/wp-json\/wp\/v2\/media\/1918"}],"wp:attachment":[{"href":"https:\/\/site.astrofoto.com.pt\/welcome\/wp-json\/wp\/v2\/media?parent=1917"}],"wp:term":[{"taxonomy":"product_brand","embeddable":true,"href":"https:\/\/site.astrofoto.com.pt\/welcome\/wp-json\/wp\/v2\/product_brand?post=1917"},{"taxonomy":"product_cat","embeddable":true,"href":"https:\/\/site.astrofoto.com.pt\/welcome\/wp-json\/wp\/v2\/product_cat?post=1917"},{"taxonomy":"product_tag","embeddable":true,"href":"https:\/\/site.astrofoto.com.pt\/welcome\/wp-json\/wp\/v2\/product_tag?post=1917"}],"curies":[{"name":"wp","href":"https:\/\/api.w.org\/{rel}","templated":true}]}}