{"id":1914,"date":"2016-11-21T22:44:54","date_gmt":"2016-11-21T22:44:54","guid":{"rendered":"http:\/\/site.astrofoto.com.pt\/welcome\/?post_type=product&#038;p=1914"},"modified":"2025-09-02T13:38:55","modified_gmt":"2025-09-02T13:38:55","slug":"telescopio-sky-watcher-mak-1271500-eq3-2-go-to","status":"publish","type":"product","link":"https:\/\/site.astrofoto.com.pt\/welcome\/produto\/telescopio-sky-watcher-mak-1271500-eq3-2-go-to\/","title":{"rendered":"Telesc\u00f3pio Sky-Watcher Mak 127\/1500 EQ3-2 Go-To"},"content":{"rendered":"<p><strong>Telesc\u00f3pio SkyWatcher Mak 127\/1500 EQ3-2 Go-To\u00a0\u00a0<\/strong><br \/>\nCaracteristicas\u00a0\u00a0 \u00a0Mak127 SkyWatcher Black Diamond Montagem EQ3-2 Pro Go-To<br \/>\nTubo Optico\u00a0\u00a0 \u00a0Alum\u00ednio<br \/>\nDovetail integrada<br \/>\nDist\u00e2ncia Focal\u00a0\u00a0 \u00a01500mm<br \/>\nPorta-Oculares\u00a0\u00a0 \u00a0Porta-Oculares 31,75mm com adapta\u00e7\u00e3o M42 Rosca T .<br \/>\nPeso do tubo \u00a0\u00a0 3.6kg<br \/>\nDimens\u00e3o do tubo (di\u00e2metro\u00a0 x Comprimento)\u00a0\u00a0 \u00a0140mm x 330mm<br \/>\nPoder de resolu\u00e7\u00e3o\u00a0\u00a0 \u00a00.95&#8243;<br \/>\nMagnitude limite\u00a0\u00a0 \u00a013.2<br \/>\nMontagem equatorial alem\u00e3 NEQ3-2<br \/>\nMotorizada nos 2 eixos com\u00a0 GOTO<br \/>\n<strong><em>\u25baA montagem SkyWatcher SynScan GOTO encarrega-se de mover o instrumento em dire\u00e7\u00e3o ao alvo que voc\u00ea deseja observar e at\u00e9 vai sugerindo objetos disponiveis na sua zona de observa\u00e7\u00e3o e na data em que est\u00e1.<\/em><\/strong><br \/>\nMotor de passos resolu\u00e7\u00e3o: 0.144 arc\/sec<br \/>\nVelocidade at\u00e9 3.4\u00b0\/sec &#8211; Escala\u00a0 de 2x \u00e0 800x<br \/>\nCapacidade de carga\u00a0\u00a0 \u00a05kg<br \/>\nSistema Go-To\u00a0\u00a0 \u00a0Comando Synscan com\u00a0 42 900 objectos de cat\u00e1logos mais usados<br \/>\nModo de seguimento: Sideral, Lunar ou Solar<br \/>\nFun\u00e7\u00e3o: Parquear, sincronizar, \u201cBacklash\u201d, identifica\u00e7\u00e3o, \u201cTour\u201d<br \/>\n2 Contra Pesos fornecidos : 3,5kg et 1,5kg<br \/>\nTrip\u00e9 em alum\u00ednio regul\u00e1vel em altura (71cm \u00e0 123cm)<br \/>\nPeso dos elementos\u00a0\u00a0 \u00a0Montagem com Kit GOTO: 7kg<br \/>\nTrip\u00e9 : 2,8kg<br \/>\nAlimenta\u00e7\u00e3o\u00a0\u00a0 \u00a0Cabo de isqueiro incluido<br \/>\nAlimenta\u00e7\u00e3o DC12V ou caixa de pilhas<\/p>\n<p>\u25ba Kit GoTo vem \u00e0 parte e ter\u00e1 de ser montado \u25baver no <a href=\"https:\/\/www.youtube.com\/watch?v=p-BWQhAjUx4\">youtube<\/a><\/p>\n<p>&nbsp;<\/p>\n","protected":false},"excerpt":{"rendered":"<p>Telesc\u00f3pio SkyWatcher Mak 127\/1500 EQ3-2 Go-To\u00a0\u00a0 Caracteristicas\u00a0\u00a0 \u00a0Mak127 SkyWatcher Black Diamond Montagem EQ3-2 Pro Go-To Tubo Optico\u00a0\u00a0 \u00a0Alum\u00ednio Dovetail integrada Dist\u00e2ncia Focal\u00a0\u00a0 \u00a01500mm Porta-Oculares\u00a0\u00a0 \u00a0Porta-Oculares 31,75mm com adapta\u00e7\u00e3o M42 Rosca T . Peso do tubo \u00a0\u00a0 3.6kg Dimens\u00e3o do tubo (di\u00e2metro\u00a0 x Comprimento)\u00a0\u00a0 \u00a0140mm x 330mm Poder de resolu\u00e7\u00e3o\u00a0\u00a0 \u00a00.95&#8243; Magnitude limite\u00a0\u00a0 \u00a013.2 Montagem equatorial<\/p>\n<div class=\"more-link\">\n\t\t\t\t <a href=\"https:\/\/site.astrofoto.com.pt\/welcome\/produto\/telescopio-sky-watcher-mak-1271500-eq3-2-go-to\/\" class=\"btn theme-btn inverted\"><span>Continuar a Ler <\/span><\/a>\n\t\t\t<\/div>\n","protected":false},"featured_media":1915,"comment_status":"open","ping_status":"closed","template":"","meta":[],"product_brand":[],"product_cat":[92,17],"product_tag":[],"class_list":{"0":"post-1914","1":"product","2":"type-product","3":"status-publish","4":"has-post-thumbnail","6":"product_cat-swpromo","7":"product_cat-telescopios-catadioptricos","9":"first","10":"onbackorder","11":"sale","12":"shipping-taxable","13":"purchasable","14":"product-type-simple"},"_links":{"self":[{"href":"https:\/\/site.astrofoto.com.pt\/welcome\/wp-json\/wp\/v2\/product\/1914","targetHints":{"allow":["GET"]}}],"collection":[{"href":"https:\/\/site.astrofoto.com.pt\/welcome\/wp-json\/wp\/v2\/product"}],"about":[{"href":"https:\/\/site.astrofoto.com.pt\/welcome\/wp-json\/wp\/v2\/types\/product"}],"replies":[{"embeddable":true,"href":"https:\/\/site.astrofoto.com.pt\/welcome\/wp-json\/wp\/v2\/comments?post=1914"}],"wp:featuredmedia":[{"embeddable":true,"href":"https:\/\/site.astrofoto.com.pt\/welcome\/wp-json\/wp\/v2\/media\/1915"}],"wp:attachment":[{"href":"https:\/\/site.astrofoto.com.pt\/welcome\/wp-json\/wp\/v2\/media?parent=1914"}],"wp:term":[{"taxonomy":"product_brand","embeddable":true,"href":"https:\/\/site.astrofoto.com.pt\/welcome\/wp-json\/wp\/v2\/product_brand?post=1914"},{"taxonomy":"product_cat","embeddable":true,"href":"https:\/\/site.astrofoto.com.pt\/welcome\/wp-json\/wp\/v2\/product_cat?post=1914"},{"taxonomy":"product_tag","embeddable":true,"href":"https:\/\/site.astrofoto.com.pt\/welcome\/wp-json\/wp\/v2\/product_tag?post=1914"}],"curies":[{"name":"wp","href":"https:\/\/api.w.org\/{rel}","templated":true}]}}