{"id":1910,"date":"2016-11-21T09:53:43","date_gmt":"2016-11-21T09:53:43","guid":{"rendered":"http:\/\/site.astrofoto.com.pt\/welcome\/?post_type=product&#038;p=1910"},"modified":"2024-07-26T17:07:59","modified_gmt":"2024-07-26T17:07:59","slug":"telescopio-sky-watcher-mak1271500-eq3-2","status":"publish","type":"product","link":"https:\/\/site.astrofoto.com.pt\/welcome\/produto\/telescopio-sky-watcher-mak1271500-eq3-2\/","title":{"rendered":"Telesc\u00f3pio Sky-Watcher Mak127\/1500 EQ3-2"},"content":{"rendered":"<p><a href=\"http:\/\/site.astrofoto.com.pt\/welcome\/wp-content\/uploads\/2016\/11\/SWMak127EQ3.jpg\"><img fetchpriority=\"high\" decoding=\"async\" class=\"alignleft size-medium wp-image-1911\" src=\"http:\/\/site.astrofoto.com.pt\/welcome\/wp-content\/uploads\/2016\/11\/SWMak127EQ3-300x300.jpg\" alt=\"swmak127eq3\" width=\"300\" height=\"300\" srcset=\"https:\/\/site.astrofoto.com.pt\/welcome\/wp-content\/uploads\/2016\/11\/SWMak127EQ3-300x300.jpg 300w, https:\/\/site.astrofoto.com.pt\/welcome\/wp-content\/uploads\/2016\/11\/SWMak127EQ3-100x100.jpg 100w, https:\/\/site.astrofoto.com.pt\/welcome\/wp-content\/uploads\/2016\/11\/SWMak127EQ3-150x150.jpg 150w, https:\/\/site.astrofoto.com.pt\/welcome\/wp-content\/uploads\/2016\/11\/SWMak127EQ3.jpg 330w\" sizes=\"(max-width: 300px) 100vw, 300px\" \/><\/a><\/p>\n<p><strong>Telesc\u00f3pio SkyWatcher Mak 127\/1500 EQ3-2<\/strong><\/p>\n<p>Tubo Optico\u00a0\u00a0 \u00a0Alum\u00ednio<br \/>\nDovetail integrada<br \/>\nDist\u00e2ncia Focal\u00a0\u00a0 \u00a01500mm<br \/>\nPorta-Oculares\u00a0\u00a0 \u00a0Porta-Oculares 31,75mm com adapta\u00e7\u00e3o M42 Rosca T .<br \/>\nPesodo tubo \u00a0\u00a0 3.6kg<br \/>\nDimens\u00e3o do tubo (di\u00e2metro\u00a0 x Comprimento)\u00a0\u00a0 \u00a0140mm x 330mm<br \/>\nPoder de resolu\u00e7\u00e3o\u00a0\u00a0 \u00a00.95&#8243;<br \/>\nMagnitude limite\u00a0\u00a0 \u00a013.2<br \/>\nMontagem\u00a0\u00a0 \u00a0Montagem equatorial alem\u00e3 EQ3-2<br \/>\nMotoriz\u00e1vel em 1 ou nos 2 eixos<br \/>\n\u201cupgrade\u201d possivel com Kit GOTO<br \/>\nCapacidade de carga\u00a0\u00a0 \u00a05kg<br \/>\nContra Peso fornecidos : 3,5kg e 1,5kg<br \/>\nTrip\u00e9 em alum\u00ednio regul\u00e1vel em altura (71cm a 123cm)<br \/>\nPeso dos elementos:<br \/>\nMontagem : 6kg<br \/>\nTrip\u00e9 : 2,8kg<\/p>\n","protected":false},"excerpt":{"rendered":"<p>Telesc\u00f3pio SkyWatcher Mak 127\/1500 EQ3-2 Tubo Optico\u00a0\u00a0 \u00a0Alum\u00ednio Dovetail integrada Dist\u00e2ncia Focal\u00a0\u00a0 \u00a01500mm Porta-Oculares\u00a0\u00a0 \u00a0Porta-Oculares 31,75mm com adapta\u00e7\u00e3o M42 Rosca T . Pesodo tubo \u00a0\u00a0 3.6kg Dimens\u00e3o do tubo (di\u00e2metro\u00a0 x Comprimento)\u00a0\u00a0 \u00a0140mm x 330mm Poder de resolu\u00e7\u00e3o\u00a0\u00a0 \u00a00.95&#8243; Magnitude limite\u00a0\u00a0 \u00a013.2 Montagem\u00a0\u00a0 \u00a0Montagem equatorial alem\u00e3 EQ3-2 Motoriz\u00e1vel em 1 ou nos 2 eixos \u201cupgrade\u201d<\/p>\n<div class=\"more-link\">\n\t\t\t\t <a href=\"https:\/\/site.astrofoto.com.pt\/welcome\/produto\/telescopio-sky-watcher-mak1271500-eq3-2\/\" class=\"btn theme-btn inverted\"><span>Continuar a Ler <\/span><\/a>\n\t\t\t<\/div>\n","protected":false},"featured_media":1911,"comment_status":"open","ping_status":"closed","template":"","meta":[],"product_brand":[],"product_cat":[92,17],"product_tag":[],"class_list":{"0":"post-1910","1":"product","2":"type-product","3":"status-publish","4":"has-post-thumbnail","6":"product_cat-swpromo","7":"product_cat-telescopios-catadioptricos","9":"first","10":"onbackorder","11":"sale","12":"shipping-taxable","13":"purchasable","14":"product-type-simple"},"_links":{"self":[{"href":"https:\/\/site.astrofoto.com.pt\/welcome\/wp-json\/wp\/v2\/product\/1910","targetHints":{"allow":["GET"]}}],"collection":[{"href":"https:\/\/site.astrofoto.com.pt\/welcome\/wp-json\/wp\/v2\/product"}],"about":[{"href":"https:\/\/site.astrofoto.com.pt\/welcome\/wp-json\/wp\/v2\/types\/product"}],"replies":[{"embeddable":true,"href":"https:\/\/site.astrofoto.com.pt\/welcome\/wp-json\/wp\/v2\/comments?post=1910"}],"wp:featuredmedia":[{"embeddable":true,"href":"https:\/\/site.astrofoto.com.pt\/welcome\/wp-json\/wp\/v2\/media\/1911"}],"wp:attachment":[{"href":"https:\/\/site.astrofoto.com.pt\/welcome\/wp-json\/wp\/v2\/media?parent=1910"}],"wp:term":[{"taxonomy":"product_brand","embeddable":true,"href":"https:\/\/site.astrofoto.com.pt\/welcome\/wp-json\/wp\/v2\/product_brand?post=1910"},{"taxonomy":"product_cat","embeddable":true,"href":"https:\/\/site.astrofoto.com.pt\/welcome\/wp-json\/wp\/v2\/product_cat?post=1910"},{"taxonomy":"product_tag","embeddable":true,"href":"https:\/\/site.astrofoto.com.pt\/welcome\/wp-json\/wp\/v2\/product_tag?post=1910"}],"curies":[{"name":"wp","href":"https:\/\/api.w.org\/{rel}","templated":true}]}}