{"id":1892,"date":"2016-11-18T18:02:54","date_gmt":"2016-11-18T18:02:54","guid":{"rendered":"http:\/\/site.astrofoto.com.pt\/welcome\/?post_type=product&#038;p=1892"},"modified":"2024-06-10T12:27:01","modified_gmt":"2024-06-10T12:27:01","slug":"1892","status":"publish","type":"product","link":"https:\/\/site.astrofoto.com.pt\/welcome\/produto\/1892\/","title":{"rendered":"Telesc\u00f3pio Sky-Watcher 250\/1200 Dupla velocidadeAZEQ6 Pro Go-To BD"},"content":{"rendered":"<p><a href=\"http:\/\/site.astrofoto.com.pt\/welcome\/wp-content\/uploads\/2016\/11\/SW0301.jpg\"><img fetchpriority=\"high\" decoding=\"async\" class=\"alignleft size-medium wp-image-1893\" src=\"http:\/\/site.astrofoto.com.pt\/welcome\/wp-content\/uploads\/2016\/11\/SW0301-300x300.jpg\" alt=\"sw0301\" width=\"300\" height=\"300\" srcset=\"https:\/\/site.astrofoto.com.pt\/welcome\/wp-content\/uploads\/2016\/11\/SW0301-300x300.jpg 300w, https:\/\/site.astrofoto.com.pt\/welcome\/wp-content\/uploads\/2016\/11\/SW0301-100x100.jpg 100w, https:\/\/site.astrofoto.com.pt\/welcome\/wp-content\/uploads\/2016\/11\/SW0301-150x150.jpg 150w, https:\/\/site.astrofoto.com.pt\/welcome\/wp-content\/uploads\/2016\/11\/SW0301.jpg 330w\" sizes=\"(max-width: 300px) 100vw, 300px\" \/><\/a><strong>Telesc\u00f3pio SkyWatcher 250\/1200 Dupla velocidadeAZEQ6 Pro Go-To BD<\/strong><br \/>\nTubo Optico\u00a0\u00a0 \u00a0Alum\u00ednio<br \/>\nCom dovetail e aneis de fixa\u00e7\u00e3o<br \/>\nDist\u00e2ncia Focal\u00a0\u00a0 \u00a01200mm<br \/>\nEspelho\u00a0\u00a0 \u00a0Parab\u00f3lico<br \/>\nPoder de resolu\u00e7\u00e3o\u00a0\u00a0 \u00a00.45&#8243;<br \/>\nMagnitude limite\u00a0\u00a0 \u00a014.5<br \/>\nPorta-Oculares\u00a0\u00a0 \u00a0Crayford 50.8\/31.75 Sky-Watcher com microfocador (dupla velocidade1:10)<br \/>\nDimens\u00f5es\u00a0\u00a0 \u00a028.8cm x 112cm<br \/>\nPeso\u00a0\u00a0 \u00a014.38 kg<br \/>\nMontagem\u00a0\u00a0 \u00a0Montagem Sky-Watcher AZ-EQ6 Pro Go-To<br \/>\nModo equatorial e altazimutal<br \/>\nMotorizada nos 2 eixos com\u00a0 GOTO<br \/>\nMotor de passos resolu\u00e7\u00e3o: 0.144 arc\/sec<br \/>\nVelocidade at\u00e9 3.4\u00b0\/sec &#8211; Escala\u00a0 de 0.125x \u00e0 800x<br \/>\nCorre\u00e7\u00e3o de erros peri\u00f3dicos(PEC)<br \/>\nRoda dentada em lat\u00e3o (RA\/DEC) di\u00e2metro\u00a0 92.5mm, 180 dentes<br \/>\nParafuso sem-fim em a\u00e7o<br \/>\nVisor polar integrado<br \/>\nCapacidade de carga\u00a0\u00a0 \u00a019kg<br \/>\nCapacidade de carga em astrofotografia: 16kg<br \/>\nRegula\u00e7\u00e3o em latitude\u00a0\u00a0 \u00a010\u00b0 \u00e0 70\u00b0 (equatorial\u00a0 90\u00b0 (azimutal)<br \/>\nRegula\u00e7\u00e3o em azimute \u00a0\u00a0 +\/- 9\u00b0<br \/>\nSistema Go-To\u00a0\u00a0 \u00a0Comando Synscan com\u00a0 42 900 objectos de cat\u00e1logos mais usados<br \/>\nModo de seguimento: Sideral, Lunar ou Solar<br \/>\nFun\u00e7\u00e3o: Parquear, sincronizar, \u201cBacklash\u201d, identifica\u00e7\u00e3o, \u201cTour\u201d<br \/>\n3 Contra Pesos de 5kg fornecidos<br \/>\nTrip\u00e9 tubular em a\u00e7o regul\u00e1vel em altura (85cm \u00e0 147cm)<br \/>\nPeso dos elementos\u00a0\u00a0 \u00a0Montagem : 15kg<br \/>\nTrip\u00e9 : 7,5kg<br \/>\nAlimenta\u00e7\u00e3o\u00a0\u00a0 \u00a0Cabo de isqueiro incluido<br \/>\nAlimenta\u00e7\u00e3o DC12V ou caixa de pilhas<\/p>\n","protected":false},"excerpt":{"rendered":"<p>Telesc\u00f3pio SkyWatcher 250\/1200 Dupla velocidadeAZEQ6 Pro Go-To BD Tubo Optico\u00a0\u00a0 \u00a0Alum\u00ednio Com dovetail e aneis de fixa\u00e7\u00e3o Dist\u00e2ncia Focal\u00a0\u00a0 \u00a01200mm Espelho\u00a0\u00a0 \u00a0Parab\u00f3lico Poder de resolu\u00e7\u00e3o\u00a0\u00a0 \u00a00.45&#8243; Magnitude limite\u00a0\u00a0 \u00a014.5 Porta-Oculares\u00a0\u00a0 \u00a0Crayford 50.8\/31.75 Sky-Watcher com microfocador (dupla velocidade1:10) Dimens\u00f5es\u00a0\u00a0 \u00a028.8cm x 112cm Peso\u00a0\u00a0 \u00a014.38 kg Montagem\u00a0\u00a0 \u00a0Montagem Sky-Watcher AZ-EQ6 Pro Go-To Modo equatorial e altazimutal Motorizada<\/p>\n<div class=\"more-link\">\n\t\t\t\t <a href=\"https:\/\/site.astrofoto.com.pt\/welcome\/produto\/1892\/\" class=\"btn theme-btn inverted\"><span>Continuar a Ler <\/span><\/a>\n\t\t\t<\/div>\n","protected":false},"featured_media":1893,"comment_status":"open","ping_status":"closed","template":"","meta":[],"product_brand":[],"product_cat":[92,15],"product_tag":[],"class_list":{"0":"post-1892","1":"product","2":"type-product","3":"status-publish","4":"has-post-thumbnail","6":"product_cat-swpromo","7":"product_cat-telescopios-reflectores","9":"first","10":"onbackorder","11":"sale","12":"shipping-taxable","13":"purchasable","14":"product-type-simple"},"_links":{"self":[{"href":"https:\/\/site.astrofoto.com.pt\/welcome\/wp-json\/wp\/v2\/product\/1892","targetHints":{"allow":["GET"]}}],"collection":[{"href":"https:\/\/site.astrofoto.com.pt\/welcome\/wp-json\/wp\/v2\/product"}],"about":[{"href":"https:\/\/site.astrofoto.com.pt\/welcome\/wp-json\/wp\/v2\/types\/product"}],"replies":[{"embeddable":true,"href":"https:\/\/site.astrofoto.com.pt\/welcome\/wp-json\/wp\/v2\/comments?post=1892"}],"wp:featuredmedia":[{"embeddable":true,"href":"https:\/\/site.astrofoto.com.pt\/welcome\/wp-json\/wp\/v2\/media\/1893"}],"wp:attachment":[{"href":"https:\/\/site.astrofoto.com.pt\/welcome\/wp-json\/wp\/v2\/media?parent=1892"}],"wp:term":[{"taxonomy":"product_brand","embeddable":true,"href":"https:\/\/site.astrofoto.com.pt\/welcome\/wp-json\/wp\/v2\/product_brand?post=1892"},{"taxonomy":"product_cat","embeddable":true,"href":"https:\/\/site.astrofoto.com.pt\/welcome\/wp-json\/wp\/v2\/product_cat?post=1892"},{"taxonomy":"product_tag","embeddable":true,"href":"https:\/\/site.astrofoto.com.pt\/welcome\/wp-json\/wp\/v2\/product_tag?post=1892"}],"curies":[{"name":"wp","href":"https:\/\/api.w.org\/{rel}","templated":true}]}}