{"id":189,"date":"2015-04-30T17:09:26","date_gmt":"2015-04-30T17:09:26","guid":{"rendered":"http:\/\/site.astrofoto.com.pt\/welcome\/?post_type=product&#038;p=189"},"modified":"2020-07-21T12:12:49","modified_gmt":"2020-07-21T12:12:49","slug":"telescopio-orion-skyquest-xt8-gt-2","status":"publish","type":"product","link":"https:\/\/site.astrofoto.com.pt\/welcome\/produto\/telescopio-orion-skyquest-xt8-gt-2\/","title":{"rendered":"Telescopio Orion SkyQuest XT8 GT"},"content":{"rendered":"<p><a href=\"http:\/\/site.astrofoto.com.pt\/welcome\/wp-content\/uploads\/2015\/04\/d16.jpg\"><img fetchpriority=\"high\" decoding=\"async\" class=\"alignleft size-medium wp-image-190\" src=\"http:\/\/site.astrofoto.com.pt\/welcome\/wp-content\/uploads\/2015\/04\/d16-300x286.jpg\" alt=\"d16\" width=\"300\" height=\"286\" srcset=\"https:\/\/site.astrofoto.com.pt\/welcome\/wp-content\/uploads\/2015\/04\/d16-300x286.jpg 300w, https:\/\/site.astrofoto.com.pt\/welcome\/wp-content\/uploads\/2015\/04\/d16-450x429.jpg 450w, https:\/\/site.astrofoto.com.pt\/welcome\/wp-content\/uploads\/2015\/04\/d16.jpg 542w\" sizes=\"(max-width: 300px) 100vw, 300px\" \/><\/a><\/p>\n<p><span class=\"style5 style15\"><strong><span style=\"font-size: small;\">Orion SkyQuest XT8 GT<\/span><\/strong><br \/>\n<\/span><\/p>\n<p><span class=\"style5 style15\">\u2022<span class=\"style16\"> diametro:<\/span> 203mm<br \/>\n\u2022 focal: 1200mm<br \/>\n\u2022 Raz\u00e3o focal:\u00a0 F\/5.9<br \/>\n\u2022 Buscador: EZ Finder II<br \/>\n\u2022 Oculares:\u00a0 PL 12.5mm (1.25&#8243;) &#8211; 96x e DeepView 28.0mm (2&#8243;) -42x<br \/>\n\u2022 Magnitude limite: 14.2<br \/>\n\u2022 Focador Crayford 2&#8243; de 2 velocidades<br \/>\n\u2022 Sistema GoTo<br \/>\n\u2022 Processo de alinhamento: Alinhamento por 2 estrelas, Brightest Star<br \/>\n\u2022 Velocidades de seguimento:\u00a0 Sideral Lunar e Solar<br \/>\n\u2022 Tipo de motores: Servo motores DC com encoders<br \/>\n\u2022 Alimenta\u00e7\u00e3o: 12V<br \/>\n\u2022 Portas dispon\u00edveis: RS-232, Aux.<br \/>\n\u2022 Tubo: Em A\u00e7o<br \/>\n\u2022 Montagem: Dobson (madeira)<br \/>\n\u2022 Peso do tubo \u00f3ptico: 19.7 kg <\/span><\/p>\n<p>&nbsp;<\/p>\n<p>** os portes dos telesc\u00f3pios n\u00e3o est\u00e3o incluidos na taxa de 7 \u20ac:<\/p>\n","protected":false},"excerpt":{"rendered":"<p>Orion SkyQuest XT8 GT \u2022 diametro: 203mm \u2022 focal: 1200mm \u2022 Raz\u00e3o focal:\u00a0 F\/5.9 \u2022 Buscador: EZ Finder II \u2022 Oculares:\u00a0 PL 12.5mm (1.25&#8243;) &#8211; 96x e DeepView 28.0mm (2&#8243;) -42x \u2022 Magnitude limite: 14.2 \u2022 Focador Crayford 2&#8243; de 2 velocidades \u2022 Sistema GoTo \u2022 Processo de alinhamento: Alinhamento por 2 estrelas, Brightest Star<\/p>\n<div class=\"more-link\">\n\t\t\t\t <a href=\"https:\/\/site.astrofoto.com.pt\/welcome\/produto\/telescopio-orion-skyquest-xt8-gt-2\/\" class=\"btn theme-btn inverted\"><span>Continuar a Ler <\/span><\/a>\n\t\t\t<\/div>\n","protected":false},"featured_media":190,"comment_status":"open","ping_status":"closed","template":"","meta":[],"product_brand":[],"product_cat":[15],"product_tag":[],"class_list":{"0":"post-189","1":"product","2":"type-product","3":"status-publish","4":"has-post-thumbnail","6":"product_cat-telescopios-reflectores","7":"product_shipping_class-taxa-media","9":"first","10":"outofstock","11":"shipping-taxable","12":"purchasable","13":"product-type-simple"},"_links":{"self":[{"href":"https:\/\/site.astrofoto.com.pt\/welcome\/wp-json\/wp\/v2\/product\/189","targetHints":{"allow":["GET"]}}],"collection":[{"href":"https:\/\/site.astrofoto.com.pt\/welcome\/wp-json\/wp\/v2\/product"}],"about":[{"href":"https:\/\/site.astrofoto.com.pt\/welcome\/wp-json\/wp\/v2\/types\/product"}],"replies":[{"embeddable":true,"href":"https:\/\/site.astrofoto.com.pt\/welcome\/wp-json\/wp\/v2\/comments?post=189"}],"wp:featuredmedia":[{"embeddable":true,"href":"https:\/\/site.astrofoto.com.pt\/welcome\/wp-json\/wp\/v2\/media\/190"}],"wp:attachment":[{"href":"https:\/\/site.astrofoto.com.pt\/welcome\/wp-json\/wp\/v2\/media?parent=189"}],"wp:term":[{"taxonomy":"product_brand","embeddable":true,"href":"https:\/\/site.astrofoto.com.pt\/welcome\/wp-json\/wp\/v2\/product_brand?post=189"},{"taxonomy":"product_cat","embeddable":true,"href":"https:\/\/site.astrofoto.com.pt\/welcome\/wp-json\/wp\/v2\/product_cat?post=189"},{"taxonomy":"product_tag","embeddable":true,"href":"https:\/\/site.astrofoto.com.pt\/welcome\/wp-json\/wp\/v2\/product_tag?post=189"}],"curies":[{"name":"wp","href":"https:\/\/api.w.org\/{rel}","templated":true}]}}