{"id":1878,"date":"2016-11-18T16:11:03","date_gmt":"2016-11-18T16:11:03","guid":{"rendered":"http:\/\/site.astrofoto.com.pt\/welcome\/?post_type=product&#038;p=1878"},"modified":"2025-09-02T13:39:34","modified_gmt":"2025-09-02T13:39:34","slug":"telescopio-newton-sky-watcher-2001000-neq5-pro-go-to","status":"publish","type":"product","link":"https:\/\/site.astrofoto.com.pt\/welcome\/produto\/telescopio-newton-sky-watcher-2001000-neq5-pro-go-to\/","title":{"rendered":"Telesc\u00f3pio Newton Sky-Watcher 200\/1000 DS NEQ5 Pro Go-To"},"content":{"rendered":"<p><a href=\"http:\/\/site.astrofoto.com.pt\/welcome\/wp-content\/uploads\/2016\/11\/SW0029-3.jpg\"><img fetchpriority=\"high\" decoding=\"async\" class=\"alignleft size-medium wp-image-1877\" src=\"http:\/\/site.astrofoto.com.pt\/welcome\/wp-content\/uploads\/2016\/11\/SW0029-3-300x300.jpg\" alt=\"sw0029\" width=\"300\" height=\"300\" srcset=\"https:\/\/site.astrofoto.com.pt\/welcome\/wp-content\/uploads\/2016\/11\/SW0029-3-300x300.jpg 300w, https:\/\/site.astrofoto.com.pt\/welcome\/wp-content\/uploads\/2016\/11\/SW0029-3-100x100.jpg 100w, https:\/\/site.astrofoto.com.pt\/welcome\/wp-content\/uploads\/2016\/11\/SW0029-3-150x150.jpg 150w, https:\/\/site.astrofoto.com.pt\/welcome\/wp-content\/uploads\/2016\/11\/SW0029-3.jpg 330w\" sizes=\"(max-width: 300px) 100vw, 300px\" \/><\/a><strong>Telesc\u00f3pio Newton SkyWatcher 200\/1000 DS NEQ5 Pro Go-To<\/strong><\/p>\n<p>\u2022 Newton SkyWatcher Black Diamond 200mm f\/5<br \/>\n\u25ba micro-focador<br \/>\n\u2022 Montagem equatorial\u00a0 NEQ5 Pro Go-To<br \/>\n\u2022 Tubo Optico\u00a0\u00a0 \u00a0Alum\u00ednio<br \/>\n\u2022 Com dovetail e aneis de fixa\u00e7\u00e3o<br \/>\n\u2022 Dist\u00e2ncia Focal\u00a0\u00a0 \u00a01000mm<br \/>\n\u2022 Espelho\u00a0\u00a0 \u00a0Parab\u00f3lico<br \/>\n\u2022 Poder de resolu\u00e7\u00e3o\u00a0\u00a0 \u00a00.6&#8243;<br \/>\n\u2022 Magnitude limite\u00a0\u00a0 \u00a014.2<br \/>\n\u2022 Porta-Oculares\u00a0\u00a0 \u00a0Crayford 50.8\/31.75 Sky-Watcher com microfocador<\/p>\n<p>\u2022 Ocular: Let 28mm 2&#8243;<br \/>\n\u2022 Dimens\u00f5es\u00a0\u00a0 \u00a024cm x 92cm<br \/>\n\u2022 Peso do tubo Optico\u00a0\u00a0 \u00a08.75 kg<br \/>\n\u2022 Montagem\u00a0\u00a0 \u00a0Montagem equatorial alem\u00e3 NEQ5 Pro Go-To<br \/>\n\u2022 Motorizada nos 2 eixos com\u00a0 GOTO<br \/>\n<strong><em>\u25baA montagem SkyWatcher SynScan GOTO encarrega-se de mover o instrumento em dire\u00e7\u00e3o ao alvo que voc\u00ea deseja observar e at\u00e9 vai sugerindo objetos disponiveis na sua zona de observa\u00e7\u00e3o e na data em que est\u00e1.<\/em><\/strong><br \/>\n\u2022 Motor de passos resolu\u00e7\u00e3o: 0.144 arc\/sec<br \/>\n\u2022 Velocidade at\u00e9 3.4\u00b0\/sec &#8211; Escala\u00a0 de 2x \u00e0 800x<br \/>\n\u2022 Capacidade de carga\u00a0\u00a0 \u00a09kg<br \/>\n\u2022 Capacidade de carga em astrofotografia: 7.5kg<br \/>\n\u2022 Sistema Go-To\u00a0\u00a0 \u00a0Comando Synscan com\u00a0 42 900 objectos de cat\u00e1logos mais usados<br \/>\n\u2022 Modo de seguimento: Sideral, Lunar ou Solar<br \/>\n\u2022 Fun\u00e7\u00e3o: Parquear, sincronizar, \u201cBacklash\u201d, identifica\u00e7\u00e3o, \u201cTour\u201d<br \/>\n\u2022 2 Contra Pesos de 5kg fornecidos<br \/>\n\u2022 Trip\u00e9 tubular em a\u00e7o regul\u00e1vel em altura (71cm \u00e0 123cm)<br \/>\n\u2022 Peso dos elementos\u00a0\u00a0 \u00a0Montagem : 7kg<br \/>\n\u2022 Trip\u00e9 : 3,8kg<br \/>\n\u2022 Alimenta\u00e7\u00e3o\u00a0\u00a0 \u00a0Cabo de isqueiro incluido<br \/>\n\u2022 Alimenta\u00e7\u00e3o DC12V ou caixa de pilhas<\/p>\n<p>\u25ba o Kit GoTo vem \u00e0 parte para ser montado \u25baver no <a href=\"https:\/\/www.youtube.com\/watch?v=yKO1NhGVZ78\">youtube<\/a><\/p>\n","protected":false},"excerpt":{"rendered":"<p>Telesc\u00f3pio Newton SkyWatcher 200\/1000 DS NEQ5 Pro Go-To \u2022 Newton SkyWatcher Black Diamond 200mm f\/5 \u25ba micro-focador \u2022 Montagem equatorial\u00a0 NEQ5 Pro Go-To \u2022 Tubo Optico\u00a0\u00a0 \u00a0Alum\u00ednio \u2022 Com dovetail e aneis de fixa\u00e7\u00e3o \u2022 Dist\u00e2ncia Focal\u00a0\u00a0 \u00a01000mm \u2022 Espelho\u00a0\u00a0 \u00a0Parab\u00f3lico \u2022 Poder de resolu\u00e7\u00e3o\u00a0\u00a0 \u00a00.6&#8243; \u2022 Magnitude limite\u00a0\u00a0 \u00a014.2 \u2022 Porta-Oculares\u00a0\u00a0 \u00a0Crayford 50.8\/31.75 Sky-Watcher<\/p>\n<div class=\"more-link\">\n\t\t\t\t <a href=\"https:\/\/site.astrofoto.com.pt\/welcome\/produto\/telescopio-newton-sky-watcher-2001000-neq5-pro-go-to\/\" class=\"btn theme-btn inverted\"><span>Continuar a Ler <\/span><\/a>\n\t\t\t<\/div>\n","protected":false},"featured_media":1877,"comment_status":"open","ping_status":"closed","template":"","meta":[],"product_brand":[],"product_cat":[92,15],"product_tag":[],"class_list":{"0":"post-1878","1":"product","2":"type-product","3":"status-publish","4":"has-post-thumbnail","6":"product_cat-swpromo","7":"product_cat-telescopios-reflectores","9":"first","10":"onbackorder","11":"sale","12":"shipping-taxable","13":"purchasable","14":"product-type-simple"},"_links":{"self":[{"href":"https:\/\/site.astrofoto.com.pt\/welcome\/wp-json\/wp\/v2\/product\/1878","targetHints":{"allow":["GET"]}}],"collection":[{"href":"https:\/\/site.astrofoto.com.pt\/welcome\/wp-json\/wp\/v2\/product"}],"about":[{"href":"https:\/\/site.astrofoto.com.pt\/welcome\/wp-json\/wp\/v2\/types\/product"}],"replies":[{"embeddable":true,"href":"https:\/\/site.astrofoto.com.pt\/welcome\/wp-json\/wp\/v2\/comments?post=1878"}],"wp:featuredmedia":[{"embeddable":true,"href":"https:\/\/site.astrofoto.com.pt\/welcome\/wp-json\/wp\/v2\/media\/1877"}],"wp:attachment":[{"href":"https:\/\/site.astrofoto.com.pt\/welcome\/wp-json\/wp\/v2\/media?parent=1878"}],"wp:term":[{"taxonomy":"product_brand","embeddable":true,"href":"https:\/\/site.astrofoto.com.pt\/welcome\/wp-json\/wp\/v2\/product_brand?post=1878"},{"taxonomy":"product_cat","embeddable":true,"href":"https:\/\/site.astrofoto.com.pt\/welcome\/wp-json\/wp\/v2\/product_cat?post=1878"},{"taxonomy":"product_tag","embeddable":true,"href":"https:\/\/site.astrofoto.com.pt\/welcome\/wp-json\/wp\/v2\/product_tag?post=1878"}],"curies":[{"name":"wp","href":"https:\/\/api.w.org\/{rel}","templated":true}]}}