{"id":1868,"date":"2016-11-16T16:26:52","date_gmt":"2016-11-16T16:26:52","guid":{"rendered":"http:\/\/site.astrofoto.com.pt\/welcome\/?post_type=product&#038;p=1868"},"modified":"2024-06-10T12:29:16","modified_gmt":"2024-06-10T12:29:16","slug":"sw0028telescopio-newton-sky-watcher-2001000-neq5-motorisee-double-axe","status":"publish","type":"product","link":"https:\/\/site.astrofoto.com.pt\/welcome\/produto\/sw0028telescopio-newton-sky-watcher-2001000-neq5-motorisee-double-axe\/","title":{"rendered":"Telesc\u00f3pio Newton Sky-Watcher 200\/1000 NEQ5 motorizado dois eixos"},"content":{"rendered":"<p><a href=\"http:\/\/site.astrofoto.com.pt\/welcome\/wp-content\/uploads\/2016\/11\/SWG003-1.jpg\"><img fetchpriority=\"high\" decoding=\"async\" class=\"alignleft size-medium wp-image-1869\" src=\"http:\/\/site.astrofoto.com.pt\/welcome\/wp-content\/uploads\/2016\/11\/SWG003-1-300x300.jpg\" alt=\"swg003\" width=\"300\" height=\"300\" srcset=\"https:\/\/site.astrofoto.com.pt\/welcome\/wp-content\/uploads\/2016\/11\/SWG003-1-300x300.jpg 300w, https:\/\/site.astrofoto.com.pt\/welcome\/wp-content\/uploads\/2016\/11\/SWG003-1-100x100.jpg 100w, https:\/\/site.astrofoto.com.pt\/welcome\/wp-content\/uploads\/2016\/11\/SWG003-1-150x150.jpg 150w, https:\/\/site.astrofoto.com.pt\/welcome\/wp-content\/uploads\/2016\/11\/SWG003-1.jpg 330w\" sizes=\"(max-width: 300px) 100vw, 300px\" \/><\/a><\/p>\n<p><strong>Telesc\u00f3pio Newton SkyWatcher 200\/1000 NEQ5 motorizado dois eixos<\/strong><\/p>\n<p>Tubo Optico\u00a0\u00a0 \u00a0Alum\u00ednio<br \/>\nCom dovetail e an\u00e9is de fixa\u00e7\u00e3o<br \/>\nDist\u00e2ncia Focal\u00a0\u00a0 \u00a01000mm<br \/>\nEspelho\u00a0\u00a0 \u00a0Parab\u00f3lico<br \/>\nPoder de resolu\u00e7\u00e3o\u00a0\u00a0 \u00a00.6&#8243;<br \/>\nMagnitude limite\u00a0\u00a0 \u00a014.2<br \/>\nPorta-Oculares\u00a0\u00a0 \u00a0Crayford 50.8\/31.75 Sky-Watcher<br \/>\nDimens\u00f5es\u00a0\u00a0 \u00a024cm x 92cm<br \/>\nPeso do Tubo Optico\u00a0\u00a0 \u00a08.75 kg<br \/>\nMontagem equatorial alem\u00e3 NEQ5<br \/>\nMotorizada nos 2 eixos<br \/>\n\u25baAlimenta\u00e7\u00e3o: <strong>6V<\/strong> (cx para pilhas fornecida)<br \/>\nOculares S25mm e S10mm<br \/>\n\u201cupgrade\u201d possivel com Kit GOTO (em op\u00e7\u00e3o SW0126)<br \/>\nCapacidade de carga\u00a0\u00a0 \u00a09kg<br \/>\nCapacidade de carga em astrofotografia: 7.5kg<br \/>\n2 Contra Pesos de 5kg fornecidos<br \/>\nTrip\u00e9 tubular em a\u00e7o regul\u00e1vel em altura (71cm \u00e0 123cm)<br \/>\nPeso dos elementos\u00a0\u00a0 \u00a0Montagem : 6kg<br \/>\nTrip\u00e9 : 3,8kg<\/p>\n","protected":false},"excerpt":{"rendered":"<p>Telesc\u00f3pio Newton SkyWatcher 200\/1000 NEQ5 motorizado dois eixos Tubo Optico\u00a0\u00a0 \u00a0Alum\u00ednio Com dovetail e an\u00e9is de fixa\u00e7\u00e3o Dist\u00e2ncia Focal\u00a0\u00a0 \u00a01000mm Espelho\u00a0\u00a0 \u00a0Parab\u00f3lico Poder de resolu\u00e7\u00e3o\u00a0\u00a0 \u00a00.6&#8243; Magnitude limite\u00a0\u00a0 \u00a014.2 Porta-Oculares\u00a0\u00a0 \u00a0Crayford 50.8\/31.75 Sky-Watcher Dimens\u00f5es\u00a0\u00a0 \u00a024cm x 92cm Peso do Tubo Optico\u00a0\u00a0 \u00a08.75 kg Montagem equatorial alem\u00e3 NEQ5 Motorizada nos 2 eixos \u25baAlimenta\u00e7\u00e3o: 6V (cx para<\/p>\n<div class=\"more-link\">\n\t\t\t\t <a href=\"https:\/\/site.astrofoto.com.pt\/welcome\/produto\/sw0028telescopio-newton-sky-watcher-2001000-neq5-motorisee-double-axe\/\" class=\"btn theme-btn inverted\"><span>Continuar a Ler <\/span><\/a>\n\t\t\t<\/div>\n","protected":false},"featured_media":1869,"comment_status":"open","ping_status":"closed","template":"","meta":[],"product_brand":[],"product_cat":[92,15],"product_tag":[],"class_list":{"0":"post-1868","1":"product","2":"type-product","3":"status-publish","4":"has-post-thumbnail","6":"product_cat-swpromo","7":"product_cat-telescopios-reflectores","9":"first","10":"onbackorder","11":"sale","12":"shipping-taxable","13":"purchasable","14":"product-type-simple"},"_links":{"self":[{"href":"https:\/\/site.astrofoto.com.pt\/welcome\/wp-json\/wp\/v2\/product\/1868","targetHints":{"allow":["GET"]}}],"collection":[{"href":"https:\/\/site.astrofoto.com.pt\/welcome\/wp-json\/wp\/v2\/product"}],"about":[{"href":"https:\/\/site.astrofoto.com.pt\/welcome\/wp-json\/wp\/v2\/types\/product"}],"replies":[{"embeddable":true,"href":"https:\/\/site.astrofoto.com.pt\/welcome\/wp-json\/wp\/v2\/comments?post=1868"}],"wp:featuredmedia":[{"embeddable":true,"href":"https:\/\/site.astrofoto.com.pt\/welcome\/wp-json\/wp\/v2\/media\/1869"}],"wp:attachment":[{"href":"https:\/\/site.astrofoto.com.pt\/welcome\/wp-json\/wp\/v2\/media?parent=1868"}],"wp:term":[{"taxonomy":"product_brand","embeddable":true,"href":"https:\/\/site.astrofoto.com.pt\/welcome\/wp-json\/wp\/v2\/product_brand?post=1868"},{"taxonomy":"product_cat","embeddable":true,"href":"https:\/\/site.astrofoto.com.pt\/welcome\/wp-json\/wp\/v2\/product_cat?post=1868"},{"taxonomy":"product_tag","embeddable":true,"href":"https:\/\/site.astrofoto.com.pt\/welcome\/wp-json\/wp\/v2\/product_tag?post=1868"}],"curies":[{"name":"wp","href":"https:\/\/api.w.org\/{rel}","templated":true}]}}