{"id":1866,"date":"2016-11-16T16:17:17","date_gmt":"2016-11-16T16:17:17","guid":{"rendered":"http:\/\/site.astrofoto.com.pt\/welcome\/?post_type=product&#038;p=1866"},"modified":"2024-11-13T15:25:48","modified_gmt":"2024-11-13T15:25:48","slug":"telescopio-newton-sky-watcher-2001000-neq5","status":"publish","type":"product","link":"https:\/\/site.astrofoto.com.pt\/welcome\/produto\/telescopio-newton-sky-watcher-2001000-neq5\/","title":{"rendered":"Telesc\u00f3pio Newton Sky-Watcher 200\/1000 NEQ5"},"content":{"rendered":"<p><a href=\"http:\/\/site.astrofoto.com.pt\/welcome\/wp-content\/uploads\/2016\/11\/SWG003.jpg\"><img fetchpriority=\"high\" decoding=\"async\" class=\"alignleft size-medium wp-image-1867\" src=\"http:\/\/site.astrofoto.com.pt\/welcome\/wp-content\/uploads\/2016\/11\/SWG003-300x300.jpg\" alt=\"swg003\" width=\"300\" height=\"300\" srcset=\"https:\/\/site.astrofoto.com.pt\/welcome\/wp-content\/uploads\/2016\/11\/SWG003-300x300.jpg 300w, https:\/\/site.astrofoto.com.pt\/welcome\/wp-content\/uploads\/2016\/11\/SWG003-100x100.jpg 100w, https:\/\/site.astrofoto.com.pt\/welcome\/wp-content\/uploads\/2016\/11\/SWG003-150x150.jpg 150w, https:\/\/site.astrofoto.com.pt\/welcome\/wp-content\/uploads\/2016\/11\/SWG003.jpg 330w\" sizes=\"(max-width: 300px) 100vw, 300px\" \/><\/a><strong>Telesc\u00f3pio Newton SkyWatcher 200\/1000 NEQ5<\/strong><\/p>\n<p>\u2022Di\u00e2metro do espelho: 203mm (8&#8243;)<br \/>\n\u2022Dist\u00e2ncia Focal : 1000mm<br \/>\n\u2022Tubo Optico\u00a0 em Alum\u00ednio<br \/>\n\u2022Com dovetail e aneis de fixa\u00e7\u00e3o<br \/>\n\u2022Espelho Parab\u00f3lico<br \/>\n\u2022Poder de resolu\u00e7\u00e3o\u00a0 0.6&#8243;<br \/>\n\u2022Magnitude limite\u00a0 14.2<br \/>\n\u2022Focador Crayford 50.8\/31.75 Sky-Watcher<br \/>\n\u2022oculares: S25mm e S10mm<br \/>\n\u2022Barlow 2x<br \/>\n\u2022Dimens\u00f5es\u00a0\u00a0 \u00a024cm x 92cm<br \/>\n\u2022Peso do Tubo Optico\u00a0\u00a0 \u00a08.75 kg<br \/>\n\u2022Montagem equatorial alem\u00e3 NEQ5 c\/ trip\u00e9 de a\u00e7o<br \/>\n\u2022Motoriz\u00e1vel em 1 ou nos 2 eixos (op\u00e7\u00e3o)<br \/>\n\u2022\u201cupgrade\u201d poss\u00edvel com Kit GOTO<br \/>\n\u2022Capacidade de carga\u00a0\u00a0 \u00a09kg<br \/>\n\u20222 Contra Pesos de 5kg<br \/>\n\u2022Trip\u00e9 tubular em a\u00e7o regul\u00e1vel em altura (71cm \u00e0 123cm)<br \/>\n\u2022Peso dos elementos\u00a0\u00a0 \u00a0Montagem : 6kg<br \/>\n\u2022Trip\u00e9 : 3,8kg<\/p>\n","protected":false},"excerpt":{"rendered":"<p>Telesc\u00f3pio Newton SkyWatcher 200\/1000 NEQ5 \u2022Di\u00e2metro do espelho: 203mm (8&#8243;) \u2022Dist\u00e2ncia Focal : 1000mm \u2022Tubo Optico\u00a0 em Alum\u00ednio \u2022Com dovetail e aneis de fixa\u00e7\u00e3o \u2022Espelho Parab\u00f3lico \u2022Poder de resolu\u00e7\u00e3o\u00a0 0.6&#8243; \u2022Magnitude limite\u00a0 14.2 \u2022Focador Crayford 50.8\/31.75 Sky-Watcher \u2022oculares: S25mm e S10mm \u2022Barlow 2x \u2022Dimens\u00f5es\u00a0\u00a0 \u00a024cm x 92cm \u2022Peso do Tubo Optico\u00a0\u00a0 \u00a08.75 kg \u2022Montagem equatorial<\/p>\n<div class=\"more-link\">\n\t\t\t\t <a href=\"https:\/\/site.astrofoto.com.pt\/welcome\/produto\/telescopio-newton-sky-watcher-2001000-neq5\/\" class=\"btn theme-btn inverted\"><span>Continuar a Ler <\/span><\/a>\n\t\t\t<\/div>\n","protected":false},"featured_media":1867,"comment_status":"open","ping_status":"closed","template":"","meta":[],"product_brand":[],"product_cat":[63,92,15],"product_tag":[],"class_list":{"0":"post-1866","1":"product","2":"type-product","3":"status-publish","4":"has-post-thumbnail","6":"product_cat-promocoes","7":"product_cat-swpromo","8":"product_cat-telescopios-reflectores","10":"first","11":"onbackorder","12":"shipping-taxable","13":"purchasable","14":"product-type-simple"},"_links":{"self":[{"href":"https:\/\/site.astrofoto.com.pt\/welcome\/wp-json\/wp\/v2\/product\/1866","targetHints":{"allow":["GET"]}}],"collection":[{"href":"https:\/\/site.astrofoto.com.pt\/welcome\/wp-json\/wp\/v2\/product"}],"about":[{"href":"https:\/\/site.astrofoto.com.pt\/welcome\/wp-json\/wp\/v2\/types\/product"}],"replies":[{"embeddable":true,"href":"https:\/\/site.astrofoto.com.pt\/welcome\/wp-json\/wp\/v2\/comments?post=1866"}],"wp:featuredmedia":[{"embeddable":true,"href":"https:\/\/site.astrofoto.com.pt\/welcome\/wp-json\/wp\/v2\/media\/1867"}],"wp:attachment":[{"href":"https:\/\/site.astrofoto.com.pt\/welcome\/wp-json\/wp\/v2\/media?parent=1866"}],"wp:term":[{"taxonomy":"product_brand","embeddable":true,"href":"https:\/\/site.astrofoto.com.pt\/welcome\/wp-json\/wp\/v2\/product_brand?post=1866"},{"taxonomy":"product_cat","embeddable":true,"href":"https:\/\/site.astrofoto.com.pt\/welcome\/wp-json\/wp\/v2\/product_cat?post=1866"},{"taxonomy":"product_tag","embeddable":true,"href":"https:\/\/site.astrofoto.com.pt\/welcome\/wp-json\/wp\/v2\/product_tag?post=1866"}],"curies":[{"name":"wp","href":"https:\/\/api.w.org\/{rel}","templated":true}]}}