{"id":1862,"date":"2016-11-16T16:01:56","date_gmt":"2016-11-16T16:01:56","guid":{"rendered":"http:\/\/site.astrofoto.com.pt\/welcome\/?post_type=product&#038;p=1862"},"modified":"2025-09-02T13:33:15","modified_gmt":"2025-09-02T13:33:15","slug":"telescopio-newton-sky-watcher-2001000-black-diamond-neq5-pro-go-to1-09000-e","status":"publish","type":"product","link":"https:\/\/site.astrofoto.com.pt\/welcome\/produto\/telescopio-newton-sky-watcher-2001000-black-diamond-neq5-pro-go-to1-09000-e\/","title":{"rendered":"Telesc\u00f3pio Newton Sky-Watcher 200\/1000 Black Diamond NEQ5 Pro Go-To"},"content":{"rendered":"<p><a href=\"http:\/\/site.astrofoto.com.pt\/welcome\/wp-content\/uploads\/2016\/11\/SWG007-2.jpg\"><img fetchpriority=\"high\" decoding=\"async\" class=\"alignleft size-medium wp-image-1863\" src=\"http:\/\/site.astrofoto.com.pt\/welcome\/wp-content\/uploads\/2016\/11\/SWG007-2-300x300.jpg\" alt=\"swg007\" width=\"300\" height=\"300\" srcset=\"https:\/\/site.astrofoto.com.pt\/welcome\/wp-content\/uploads\/2016\/11\/SWG007-2-300x300.jpg 300w, https:\/\/site.astrofoto.com.pt\/welcome\/wp-content\/uploads\/2016\/11\/SWG007-2-100x100.jpg 100w, https:\/\/site.astrofoto.com.pt\/welcome\/wp-content\/uploads\/2016\/11\/SWG007-2-150x150.jpg 150w, https:\/\/site.astrofoto.com.pt\/welcome\/wp-content\/uploads\/2016\/11\/SWG007-2.jpg 330w\" sizes=\"(max-width: 300px) 100vw, 300px\" \/><\/a><\/p>\n<p><strong>Telesc\u00f3pio Newton SkyWatcher 200\/1000 Black Diamond NEQ5 Pro Go-To<\/strong><\/p>\n<p><strong>Tubo Optico\u00a0\u00a0<\/strong><br \/>\nEm Alum\u00ednio com dovetail e an\u00e9is de fixa\u00e7\u00e3o<br \/>\nDist\u00e2ncia Focal\u00a0\u00a0 \u00a01000mm<br \/>\nEspelho\u00a0\u00a0 \u00a0Parab\u00f3lico<br \/>\nPoder de resolu\u00e7\u00e3o\u00a0\u00a0 \u00a00.6&#8243;<br \/>\nMagnitude limite\u00a0\u00a0 \u00a014.2<br \/>\nFocador Crayford 50.8\/31.75<br \/>\noculares: S25mm e S10mm<br \/>\nDimens\u00f5es\u00a0\u00a0 \u00a024cm x 92cm<br \/>\nPeso\u00a0\u00a0 \u00a08.75 kg<\/p>\n<p><strong>Montagem<\/strong><br \/>\nMontagem equatorial alem\u00e3 NEQ5 Pro Go-To<br \/>\nMotorizada nos 2 eixos com\u00a0 GOTO<br \/>\nMotor de passos resolu\u00e7\u00e3o: 0.144 arc\/sec<br \/>\nVelocidade at\u00e9 3.4\u00b0\/sec &#8211;\u00a0 de 2x a 800x<br \/>\n<strong>Sistema Go-To<br \/>\n<em>\u25baA montagem SkyWatcher SynScan GOTO encarrega-se de mover o instrumento em dire\u00e7\u00e3o ao alvo que voc\u00ea deseja observar e at\u00e9 vai sugerindo objetos disponiveis na sua zona de observa\u00e7\u00e3o e na data em que est\u00e1.<\/em><\/strong><br \/>\nComando Synscan com\u00a0 42 900 objectos de cat\u00e1logos mais usados<br \/>\nModo de seguimento: Sideral, Lunar ou Solar<br \/>\nFun\u00e7\u00f5es: Parquear, sincronizar, \u201cBacklash\u201d, identifica\u00e7\u00e3o, \u201cTour\u201d<br \/>\n2 Contrapesos de 5kg fornecidos<br \/>\nTrip\u00e9 tubular em a\u00e7o regul\u00e1vel em altura (71cm a 123cm)<br \/>\nPeso dos elementos:<br \/>\nMontagem : 7kg<br \/>\nMontagem com Kit GOTO: 8kg<br \/>\nTrip\u00e9 : 3,8kg<br \/>\nPeso Total do Telescopio sem contrapesos: 20Kg<\/p>\n<p>&nbsp;<\/p>\n<p>\u25ba o Kit GoTo vem \u00e0 parte para ser montado \u25baver no <a href=\"https:\/\/www.youtube.com\/watch?v=yKO1NhGVZ78\">youtube<\/a><\/p>\n","protected":false},"excerpt":{"rendered":"<p>Telesc\u00f3pio Newton SkyWatcher 200\/1000 Black Diamond NEQ5 Pro Go-To Tubo Optico\u00a0\u00a0 Em Alum\u00ednio com dovetail e an\u00e9is de fixa\u00e7\u00e3o Dist\u00e2ncia Focal\u00a0\u00a0 \u00a01000mm Espelho\u00a0\u00a0 \u00a0Parab\u00f3lico Poder de resolu\u00e7\u00e3o\u00a0\u00a0 \u00a00.6&#8243; Magnitude limite\u00a0\u00a0 \u00a014.2 Focador Crayford 50.8\/31.75 oculares: S25mm e S10mm Dimens\u00f5es\u00a0\u00a0 \u00a024cm x 92cm Peso\u00a0\u00a0 \u00a08.75 kg Montagem Montagem equatorial alem\u00e3 NEQ5 Pro Go-To Motorizada nos 2<\/p>\n<div class=\"more-link\">\n\t\t\t\t <a href=\"https:\/\/site.astrofoto.com.pt\/welcome\/produto\/telescopio-newton-sky-watcher-2001000-black-diamond-neq5-pro-go-to1-09000-e\/\" class=\"btn theme-btn inverted\"><span>Continuar a Ler <\/span><\/a>\n\t\t\t<\/div>\n","protected":false},"featured_media":1863,"comment_status":"open","ping_status":"closed","template":"","meta":[],"product_brand":[],"product_cat":[92,15],"product_tag":[],"class_list":{"0":"post-1862","1":"product","2":"type-product","3":"status-publish","4":"has-post-thumbnail","6":"product_cat-swpromo","7":"product_cat-telescopios-reflectores","9":"first","10":"onbackorder","11":"sale","12":"shipping-taxable","13":"purchasable","14":"product-type-simple"},"_links":{"self":[{"href":"https:\/\/site.astrofoto.com.pt\/welcome\/wp-json\/wp\/v2\/product\/1862","targetHints":{"allow":["GET"]}}],"collection":[{"href":"https:\/\/site.astrofoto.com.pt\/welcome\/wp-json\/wp\/v2\/product"}],"about":[{"href":"https:\/\/site.astrofoto.com.pt\/welcome\/wp-json\/wp\/v2\/types\/product"}],"replies":[{"embeddable":true,"href":"https:\/\/site.astrofoto.com.pt\/welcome\/wp-json\/wp\/v2\/comments?post=1862"}],"wp:featuredmedia":[{"embeddable":true,"href":"https:\/\/site.astrofoto.com.pt\/welcome\/wp-json\/wp\/v2\/media\/1863"}],"wp:attachment":[{"href":"https:\/\/site.astrofoto.com.pt\/welcome\/wp-json\/wp\/v2\/media?parent=1862"}],"wp:term":[{"taxonomy":"product_brand","embeddable":true,"href":"https:\/\/site.astrofoto.com.pt\/welcome\/wp-json\/wp\/v2\/product_brand?post=1862"},{"taxonomy":"product_cat","embeddable":true,"href":"https:\/\/site.astrofoto.com.pt\/welcome\/wp-json\/wp\/v2\/product_cat?post=1862"},{"taxonomy":"product_tag","embeddable":true,"href":"https:\/\/site.astrofoto.com.pt\/welcome\/wp-json\/wp\/v2\/product_tag?post=1862"}],"curies":[{"name":"wp","href":"https:\/\/api.w.org\/{rel}","templated":true}]}}