{"id":1833,"date":"2016-11-15T11:42:12","date_gmt":"2016-11-15T11:42:12","guid":{"rendered":"http:\/\/site.astrofoto.com.pt\/welcome\/?post_type=product&#038;p=1833"},"modified":"2024-06-10T12:32:34","modified_gmt":"2024-06-10T12:32:34","slug":"1833","status":"publish","type":"product","link":"https:\/\/site.astrofoto.com.pt\/welcome\/produto\/1833\/","title":{"rendered":"Telesc\u00f3pio Newton Sky-Watcher 150\/750 EQ3-2"},"content":{"rendered":"<p><a href=\"http:\/\/site.astrofoto.com.pt\/welcome\/wp-content\/uploads\/2016\/11\/SW002.jpg\"><img fetchpriority=\"high\" decoding=\"async\" class=\"alignleft size-medium wp-image-1834\" src=\"http:\/\/site.astrofoto.com.pt\/welcome\/wp-content\/uploads\/2016\/11\/SW002-300x300.jpg\" alt=\"sw002\" width=\"300\" height=\"300\" srcset=\"https:\/\/site.astrofoto.com.pt\/welcome\/wp-content\/uploads\/2016\/11\/SW002-300x300.jpg 300w, https:\/\/site.astrofoto.com.pt\/welcome\/wp-content\/uploads\/2016\/11\/SW002-100x100.jpg 100w, https:\/\/site.astrofoto.com.pt\/welcome\/wp-content\/uploads\/2016\/11\/SW002-150x150.jpg 150w, https:\/\/site.astrofoto.com.pt\/welcome\/wp-content\/uploads\/2016\/11\/SW002.jpg 330w\" sizes=\"(max-width: 300px) 100vw, 300px\" \/><\/a><strong> Telesc\u00f3pio Newton SkyWatcher 150\/750 EQ3-2<\/strong><br \/>\n\u2022Tubo \u00d3ptico\u00a0\u00a0 \u00a0Alum\u00ednio<br \/>\n\u2022Com dovetail e an\u00e9is de fixa\u00e7\u00e3o<br \/>\n\u2022Dist\u00e2ncia Focal: 750mm<br \/>\n\u2022Espelho: Parab\u00f3lico<br \/>\n\u2022Poder de resolu\u00e7\u00e3o: 0.8&#8243;<br \/>\n\u2022Magnitude limite: 13.5<br \/>\n\u2022Focador:\u00a0 Crayford 50.8\/31.75 Sky-Watcher<br \/>\n\u2022Dimens\u00f5es: 18,2cm x 69cm<br \/>\n\u2022Montagem equatorial alem\u00e3 EQ3-2<br \/>\n\u2022Motoriz\u00e1vel em 1 ou nos 2 eixos<br \/>\n\u2022\u201cupgrade\u201d poss\u00edvel com Kit GOTO<br \/>\n\u2022Capacidade de carga: \u00a0\u00a0 5kg<br \/>\n\u20222 Contra Pesos fornecidos : 3,5kg et 1,5kg<br \/>\n\u2022Trip\u00e9 em alum\u00ednio regul\u00e1vel em altura (71cm a 123cm)<br \/>\n\u2022Oculares : Super 10 e 25mm<br \/>\n\u2022Buscador 6&#215;30<br \/>\n\u2022Rosca T<br \/>\n\u2022Peso dos elementos<br \/>\n-Montagem : 6kg<br \/>\n-Trip\u00e9 : 2,8kg<br \/>\n-Tubo: 4,9kg<\/p>\n<p>\u25ba upgrade possivel com o Kit Synscan<\/p>\n","protected":false},"excerpt":{"rendered":"<p>Telesc\u00f3pio Newton SkyWatcher 150\/750 EQ3-2 \u2022Tubo \u00d3ptico\u00a0\u00a0 \u00a0Alum\u00ednio \u2022Com dovetail e an\u00e9is de fixa\u00e7\u00e3o \u2022Dist\u00e2ncia Focal: 750mm \u2022Espelho: Parab\u00f3lico \u2022Poder de resolu\u00e7\u00e3o: 0.8&#8243; \u2022Magnitude limite: 13.5 \u2022Focador:\u00a0 Crayford 50.8\/31.75 Sky-Watcher \u2022Dimens\u00f5es: 18,2cm x 69cm \u2022Montagem equatorial alem\u00e3 EQ3-2 \u2022Motoriz\u00e1vel em 1 ou nos 2 eixos \u2022\u201cupgrade\u201d poss\u00edvel com Kit GOTO \u2022Capacidade de carga: \u00a0\u00a0 5kg<\/p>\n<div class=\"more-link\">\n\t\t\t\t <a href=\"https:\/\/site.astrofoto.com.pt\/welcome\/produto\/1833\/\" class=\"btn theme-btn inverted\"><span>Continuar a Ler <\/span><\/a>\n\t\t\t<\/div>\n","protected":false},"featured_media":1834,"comment_status":"open","ping_status":"closed","template":"","meta":[],"product_brand":[],"product_cat":[63,92,15],"product_tag":[],"class_list":{"0":"post-1833","1":"product","2":"type-product","3":"status-publish","4":"has-post-thumbnail","6":"product_cat-promocoes","7":"product_cat-swpromo","8":"product_cat-telescopios-reflectores","10":"first","11":"onbackorder","12":"sale","13":"shipping-taxable","14":"purchasable","15":"product-type-simple"},"_links":{"self":[{"href":"https:\/\/site.astrofoto.com.pt\/welcome\/wp-json\/wp\/v2\/product\/1833","targetHints":{"allow":["GET"]}}],"collection":[{"href":"https:\/\/site.astrofoto.com.pt\/welcome\/wp-json\/wp\/v2\/product"}],"about":[{"href":"https:\/\/site.astrofoto.com.pt\/welcome\/wp-json\/wp\/v2\/types\/product"}],"replies":[{"embeddable":true,"href":"https:\/\/site.astrofoto.com.pt\/welcome\/wp-json\/wp\/v2\/comments?post=1833"}],"wp:featuredmedia":[{"embeddable":true,"href":"https:\/\/site.astrofoto.com.pt\/welcome\/wp-json\/wp\/v2\/media\/1834"}],"wp:attachment":[{"href":"https:\/\/site.astrofoto.com.pt\/welcome\/wp-json\/wp\/v2\/media?parent=1833"}],"wp:term":[{"taxonomy":"product_brand","embeddable":true,"href":"https:\/\/site.astrofoto.com.pt\/welcome\/wp-json\/wp\/v2\/product_brand?post=1833"},{"taxonomy":"product_cat","embeddable":true,"href":"https:\/\/site.astrofoto.com.pt\/welcome\/wp-json\/wp\/v2\/product_cat?post=1833"},{"taxonomy":"product_tag","embeddable":true,"href":"https:\/\/site.astrofoto.com.pt\/welcome\/wp-json\/wp\/v2\/product_tag?post=1833"}],"curies":[{"name":"wp","href":"https:\/\/api.w.org\/{rel}","templated":true}]}}