{"id":1829,"date":"2016-11-15T11:19:41","date_gmt":"2016-11-15T11:19:41","guid":{"rendered":"http:\/\/site.astrofoto.com.pt\/welcome\/?post_type=product&#038;p=1829"},"modified":"2024-06-10T12:40:09","modified_gmt":"2024-06-10T12:40:09","slug":"sw0032telescopio-newton-sky-watcher-150750-black-diamond-neq5","status":"publish","type":"product","link":"https:\/\/site.astrofoto.com.pt\/welcome\/produto\/sw0032telescopio-newton-sky-watcher-150750-black-diamond-neq5\/","title":{"rendered":"Telesc\u00f3pio Newton Sky-Watcher 150\/750 DS Black Diamond NEQ5"},"content":{"rendered":"<p><strong>\u00a0\u00a0 Telesc\u00f3pio Newton SkyWatcher 150\/750 DS Black Diamond NEQ5<\/strong><\/p>\n<p>T<a href=\"http:\/\/site.astrofoto.com.pt\/welcome\/wp-content\/uploads\/2016\/11\/SWG005.jpg\"><img fetchpriority=\"high\" decoding=\"async\" class=\"alignleft size-medium wp-image-1830\" src=\"http:\/\/site.astrofoto.com.pt\/welcome\/wp-content\/uploads\/2016\/11\/SWG005-300x300.jpg\" alt=\"swg005\" width=\"300\" height=\"300\" srcset=\"https:\/\/site.astrofoto.com.pt\/welcome\/wp-content\/uploads\/2016\/11\/SWG005-300x300.jpg 300w, https:\/\/site.astrofoto.com.pt\/welcome\/wp-content\/uploads\/2016\/11\/SWG005-100x100.jpg 100w, https:\/\/site.astrofoto.com.pt\/welcome\/wp-content\/uploads\/2016\/11\/SWG005-150x150.jpg 150w, https:\/\/site.astrofoto.com.pt\/welcome\/wp-content\/uploads\/2016\/11\/SWG005.jpg 330w\" sizes=\"(max-width: 300px) 100vw, 300px\" \/><\/a>ubo \u00d3ptico\u00a0\u00a0 \u00a0Alum\u00ednio<br \/>\nCom dovetail e an\u00e9is de fixa\u00e7\u00e3o<br \/>\nDist\u00e2ncia Focal\u00a0\u00a0 \u00a0750mm<br \/>\nEspelho\u00a0\u00a0 \u00a0Parab\u00f3lico<br \/>\nPoder de resolu\u00e7\u00e3o\u00a0\u00a0 \u00a00.8&#8243;<br \/>\nMagnitude limite\u00a0\u00a0 \u00a013.5<br \/>\nPorta-Oculares\u00a0\u00a0 \u00a0Crayford 50.8\/31.75 Sky-<br \/>\nWatcher com microfocador (dual speed 1:10)<br \/>\nOcular LET 28mm 2&#8243;<br \/>\nDimens\u00f5es\u00a0\u00a0 \u00a018,2cm x 69cm<br \/>\nPeso do tubo \u00a0 6 kg<br \/>\nMontagem equatorial alem\u00e3 NEQ5<br \/>\nMotoriz\u00e1vel em 1 ou nos 2 eixos (op\u00e7\u00e3o)<br \/>\nCapacidade de carga\u00a0\u00a0 \u00a09kg<br \/>\n2 Contra Pesos de 5kg fornecidos<br \/>\nTrip\u00e9 tubular em a\u00e7o regul\u00e1vel em altura (71cm \u00e0 123cm)<br \/>\nPeso dos elementos\u00a0\u00a0 \u00a0Montagem : 7kg<br \/>\nTrip\u00e9 : 3,8kg<\/p>\n","protected":false},"excerpt":{"rendered":"<p>\u00a0\u00a0 Telesc\u00f3pio Newton SkyWatcher 150\/750 DS Black Diamond NEQ5 Tubo \u00d3ptico\u00a0\u00a0 \u00a0Alum\u00ednio Com dovetail e an\u00e9is de fixa\u00e7\u00e3o Dist\u00e2ncia Focal\u00a0\u00a0 \u00a0750mm Espelho\u00a0\u00a0 \u00a0Parab\u00f3lico Poder de resolu\u00e7\u00e3o\u00a0\u00a0 \u00a00.8&#8243; Magnitude limite\u00a0\u00a0 \u00a013.5 Porta-Oculares\u00a0\u00a0 \u00a0Crayford 50.8\/31.75 Sky- Watcher com microfocador (dual speed 1:10) Ocular LET 28mm 2&#8243; Dimens\u00f5es\u00a0\u00a0 \u00a018,2cm x 69cm Peso do tubo \u00a0 6 kg Montagem<\/p>\n<div class=\"more-link\">\n\t\t\t\t <a href=\"https:\/\/site.astrofoto.com.pt\/welcome\/produto\/sw0032telescopio-newton-sky-watcher-150750-black-diamond-neq5\/\" class=\"btn theme-btn inverted\"><span>Continuar a Ler <\/span><\/a>\n\t\t\t<\/div>\n","protected":false},"featured_media":1830,"comment_status":"open","ping_status":"closed","template":"","meta":[],"product_brand":[],"product_cat":[15],"product_tag":[],"class_list":{"0":"post-1829","1":"product","2":"type-product","3":"status-publish","4":"has-post-thumbnail","6":"product_cat-telescopios-reflectores","8":"first","9":"onbackorder","10":"shipping-taxable","11":"purchasable","12":"product-type-simple"},"_links":{"self":[{"href":"https:\/\/site.astrofoto.com.pt\/welcome\/wp-json\/wp\/v2\/product\/1829","targetHints":{"allow":["GET"]}}],"collection":[{"href":"https:\/\/site.astrofoto.com.pt\/welcome\/wp-json\/wp\/v2\/product"}],"about":[{"href":"https:\/\/site.astrofoto.com.pt\/welcome\/wp-json\/wp\/v2\/types\/product"}],"replies":[{"embeddable":true,"href":"https:\/\/site.astrofoto.com.pt\/welcome\/wp-json\/wp\/v2\/comments?post=1829"}],"wp:featuredmedia":[{"embeddable":true,"href":"https:\/\/site.astrofoto.com.pt\/welcome\/wp-json\/wp\/v2\/media\/1830"}],"wp:attachment":[{"href":"https:\/\/site.astrofoto.com.pt\/welcome\/wp-json\/wp\/v2\/media?parent=1829"}],"wp:term":[{"taxonomy":"product_brand","embeddable":true,"href":"https:\/\/site.astrofoto.com.pt\/welcome\/wp-json\/wp\/v2\/product_brand?post=1829"},{"taxonomy":"product_cat","embeddable":true,"href":"https:\/\/site.astrofoto.com.pt\/welcome\/wp-json\/wp\/v2\/product_cat?post=1829"},{"taxonomy":"product_tag","embeddable":true,"href":"https:\/\/site.astrofoto.com.pt\/welcome\/wp-json\/wp\/v2\/product_tag?post=1829"}],"curies":[{"name":"wp","href":"https:\/\/api.w.org\/{rel}","templated":true}]}}