{"id":1791,"date":"2016-11-09T19:06:33","date_gmt":"2016-11-09T19:06:33","guid":{"rendered":"http:\/\/site.astrofoto.com.pt\/welcome\/?post_type=product&#038;p=1791"},"modified":"2024-06-26T16:13:42","modified_gmt":"2024-06-26T16:13:42","slug":"telescopio-newton-sky-watcher-130900-eq2-2","status":"publish","type":"product","link":"https:\/\/site.astrofoto.com.pt\/welcome\/produto\/telescopio-newton-sky-watcher-130900-eq2-2\/","title":{"rendered":"Telesc\u00f3pio Newton Sky-Watcher 130\/900 EQ2"},"content":{"rendered":"<p><strong>Telesc\u00f3pio Newton SkyWatcher 130\/900 EQ2\u00a0<\/strong><\/p>\n<p>Tubo \u00d3ptico\u00a0\u00a0 \u00a0Alum\u00ednio<br \/>\nDist\u00e2ncia Focal\u00a0\u00a0 \u00a0900mm<br \/>\nAbertura relativa\u00a0\u00a0 \u00a0F\/D 6,9<br \/>\nPoder separador\u00a0\u00a0 \u00a00,9&#8243;<br \/>\nMagnitude limite\u00a0\u00a0 \u00a013,3<br \/>\nAumento m\u00e1ximo recomendado\u00a0\u00a0 \u00a0200x<br \/>\nComprimento do Tubo Optico\u00a0\u00a0 \u00a0840mm<br \/>\nPeso total\u00a0\u00a0 \u00a013 kg<br \/>\nPorta-Oculares\u00a0\u00a0 \u00a0Cremalheira di\u00e2metro 31,75mm<br \/>\nOculares S 25mm e S 10mm<br \/>\nBarlow 2x<br \/>\nMontagem equatorial alem\u00e3\u00a0 EQ2 motoriz\u00e1vel (op\u00e7\u00e3o)<br \/>\nC\u00edrculos graduados nos 2 eixos<br \/>\nTrip\u00e9 em alum\u00ednio regul\u00e1vel em altura (71cm \u00e0 123cm)<\/p>\n","protected":false},"excerpt":{"rendered":"<p>Telesc\u00f3pio Newton SkyWatcher 130\/900 EQ2\u00a0 Tubo \u00d3ptico\u00a0\u00a0 \u00a0Alum\u00ednio Dist\u00e2ncia Focal\u00a0\u00a0 \u00a0900mm Abertura relativa\u00a0\u00a0 \u00a0F\/D 6,9 Poder separador\u00a0\u00a0 \u00a00,9&#8243; Magnitude limite\u00a0\u00a0 \u00a013,3 Aumento m\u00e1ximo recomendado\u00a0\u00a0 \u00a0200x Comprimento do Tubo Optico\u00a0\u00a0 \u00a0840mm Peso total\u00a0\u00a0 \u00a013 kg Porta-Oculares\u00a0\u00a0 \u00a0Cremalheira di\u00e2metro 31,75mm Oculares S 25mm e S 10mm Barlow 2x Montagem equatorial alem\u00e3\u00a0 EQ2 motoriz\u00e1vel (op\u00e7\u00e3o) C\u00edrculos graduados nos<\/p>\n<div class=\"more-link\">\n\t\t\t\t <a href=\"https:\/\/site.astrofoto.com.pt\/welcome\/produto\/telescopio-newton-sky-watcher-130900-eq2-2\/\" class=\"btn theme-btn inverted\"><span>Continuar a Ler <\/span><\/a>\n\t\t\t<\/div>\n","protected":false},"featured_media":1792,"comment_status":"open","ping_status":"closed","template":"","meta":[],"product_brand":[],"product_cat":[92,15],"product_tag":[],"class_list":{"0":"post-1791","1":"product","2":"type-product","3":"status-publish","4":"has-post-thumbnail","6":"product_cat-swpromo","7":"product_cat-telescopios-reflectores","9":"first","10":"onbackorder","11":"sale","12":"shipping-taxable","13":"purchasable","14":"product-type-simple"},"_links":{"self":[{"href":"https:\/\/site.astrofoto.com.pt\/welcome\/wp-json\/wp\/v2\/product\/1791","targetHints":{"allow":["GET"]}}],"collection":[{"href":"https:\/\/site.astrofoto.com.pt\/welcome\/wp-json\/wp\/v2\/product"}],"about":[{"href":"https:\/\/site.astrofoto.com.pt\/welcome\/wp-json\/wp\/v2\/types\/product"}],"replies":[{"embeddable":true,"href":"https:\/\/site.astrofoto.com.pt\/welcome\/wp-json\/wp\/v2\/comments?post=1791"}],"wp:featuredmedia":[{"embeddable":true,"href":"https:\/\/site.astrofoto.com.pt\/welcome\/wp-json\/wp\/v2\/media\/1792"}],"wp:attachment":[{"href":"https:\/\/site.astrofoto.com.pt\/welcome\/wp-json\/wp\/v2\/media?parent=1791"}],"wp:term":[{"taxonomy":"product_brand","embeddable":true,"href":"https:\/\/site.astrofoto.com.pt\/welcome\/wp-json\/wp\/v2\/product_brand?post=1791"},{"taxonomy":"product_cat","embeddable":true,"href":"https:\/\/site.astrofoto.com.pt\/welcome\/wp-json\/wp\/v2\/product_cat?post=1791"},{"taxonomy":"product_tag","embeddable":true,"href":"https:\/\/site.astrofoto.com.pt\/welcome\/wp-json\/wp\/v2\/product_tag?post=1791"}],"curies":[{"name":"wp","href":"https:\/\/api.w.org\/{rel}","templated":true}]}}