{"id":179,"date":"2015-04-30T16:25:04","date_gmt":"2015-04-30T16:25:04","guid":{"rendered":"http:\/\/site.astrofoto.com.pt\/welcome\/?post_type=product&#038;p=179"},"modified":"2020-07-21T12:13:28","modified_gmt":"2020-07-21T12:13:28","slug":"telescopio-orion-skyquest-xt10i","status":"publish","type":"product","link":"https:\/\/site.astrofoto.com.pt\/welcome\/produto\/telescopio-orion-skyquest-xt10i\/","title":{"rendered":"Telescopio Orion SkyQuest XT10i"},"content":{"rendered":"<p><a href=\"http:\/\/site.astrofoto.com.pt\/welcome\/wp-content\/uploads\/2015\/04\/d10.jpg\"><img fetchpriority=\"high\" decoding=\"async\" class=\"alignleft size-medium wp-image-180\" src=\"http:\/\/site.astrofoto.com.pt\/welcome\/wp-content\/uploads\/2015\/04\/d10-291x300.jpg\" alt=\"d10\" width=\"291\" height=\"300\" srcset=\"https:\/\/site.astrofoto.com.pt\/welcome\/wp-content\/uploads\/2015\/04\/d10-291x300.jpg 291w, https:\/\/site.astrofoto.com.pt\/welcome\/wp-content\/uploads\/2015\/04\/d10-450x465.jpg 450w, https:\/\/site.astrofoto.com.pt\/welcome\/wp-content\/uploads\/2015\/04\/d10-300x310.jpg 300w, https:\/\/site.astrofoto.com.pt\/welcome\/wp-content\/uploads\/2015\/04\/d10.jpg 492w\" sizes=\"(max-width: 291px) 100vw, 291px\" \/><\/a><\/p>\n<p>Orion SkyQuest XT10i<\/p>\n<p>\u2022diametro: 254mm (6&#8243;)<br \/>\n\u2022focal: 1200mm f\/4.8<br \/>\n\u2022buscador: 9&#215;50<br \/>\n\u2022oculares:\u00a0PL25mm<br \/>\n\u2022montagem: Dobson com intelliscope<\/p>\n<p>\u008f Localiza mais de 14.000 objectos no C\u00e9u com o controlador incluido Intelliscope<br \/>\n\u008f Edi\u00e7\u00e3o gratis do programa Starry Night<\/p>\n<p>&nbsp;<\/p>\n<p class=\"style1\">** os portes dos telesc\u00f3pios n\u00e3o est\u00e3o incluidos na taxa de 5 \u20ac:<br \/>\n<a href=\"http:\/\/astrofoto.com.pt\/envios.htm\">http:\/\/astrofoto.com.pt\/envios.htm<\/a><\/p>\n","protected":false},"excerpt":{"rendered":"<p>Orion SkyQuest XT10i \u2022diametro: 254mm (6&#8243;) \u2022focal: 1200mm f\/4.8 \u2022buscador: 9&#215;50 \u2022oculares:\u00a0PL25mm \u2022montagem: Dobson com intelliscope \u008f Localiza mais de 14.000 objectos no C\u00e9u com o controlador incluido Intelliscope \u008f Edi\u00e7\u00e3o gratis do programa Starry Night &nbsp; ** os portes dos telesc\u00f3pios n\u00e3o est\u00e3o incluidos na taxa de 5 \u20ac: http:\/\/astrofoto.com.pt\/envios.htm<\/p>\n","protected":false},"featured_media":180,"comment_status":"open","ping_status":"closed","template":"","meta":[],"product_brand":[],"product_cat":[15],"product_tag":[],"class_list":{"0":"post-179","1":"product","2":"type-product","3":"status-publish","4":"has-post-thumbnail","6":"product_cat-telescopios-reflectores","7":"product_shipping_class-taxa-media","9":"first","10":"outofstock","11":"shipping-taxable","12":"purchasable","13":"product-type-simple"},"_links":{"self":[{"href":"https:\/\/site.astrofoto.com.pt\/welcome\/wp-json\/wp\/v2\/product\/179","targetHints":{"allow":["GET"]}}],"collection":[{"href":"https:\/\/site.astrofoto.com.pt\/welcome\/wp-json\/wp\/v2\/product"}],"about":[{"href":"https:\/\/site.astrofoto.com.pt\/welcome\/wp-json\/wp\/v2\/types\/product"}],"replies":[{"embeddable":true,"href":"https:\/\/site.astrofoto.com.pt\/welcome\/wp-json\/wp\/v2\/comments?post=179"}],"wp:featuredmedia":[{"embeddable":true,"href":"https:\/\/site.astrofoto.com.pt\/welcome\/wp-json\/wp\/v2\/media\/180"}],"wp:attachment":[{"href":"https:\/\/site.astrofoto.com.pt\/welcome\/wp-json\/wp\/v2\/media?parent=179"}],"wp:term":[{"taxonomy":"product_brand","embeddable":true,"href":"https:\/\/site.astrofoto.com.pt\/welcome\/wp-json\/wp\/v2\/product_brand?post=179"},{"taxonomy":"product_cat","embeddable":true,"href":"https:\/\/site.astrofoto.com.pt\/welcome\/wp-json\/wp\/v2\/product_cat?post=179"},{"taxonomy":"product_tag","embeddable":true,"href":"https:\/\/site.astrofoto.com.pt\/welcome\/wp-json\/wp\/v2\/product_tag?post=179"}],"curies":[{"name":"wp","href":"https:\/\/api.w.org\/{rel}","templated":true}]}}