{"id":1786,"date":"2016-11-09T18:51:52","date_gmt":"2016-11-09T18:51:52","guid":{"rendered":"http:\/\/site.astrofoto.com.pt\/welcome\/?post_type=product&#038;p=1786"},"modified":"2022-08-10T12:47:03","modified_gmt":"2022-08-10T12:47:03","slug":"ota-newton-sky-watcher-200800-pro-carbono-2","status":"publish","type":"product","link":"https:\/\/site.astrofoto.com.pt\/welcome\/produto\/ota-newton-sky-watcher-200800-pro-carbono-2\/","title":{"rendered":"OTA Newton Sky-Watcher 200\/800 Pro Carbono"},"content":{"rendered":"<p><a href=\"http:\/\/site.astrofoto.com.pt\/welcome\/wp-content\/uploads\/2016\/11\/SW0052.jpg\"><img fetchpriority=\"high\" decoding=\"async\" class=\"alignleft size-medium wp-image-1784\" src=\"http:\/\/site.astrofoto.com.pt\/welcome\/wp-content\/uploads\/2016\/11\/SW0052-300x300.jpg\" alt=\"sw0052\" width=\"300\" height=\"300\" srcset=\"https:\/\/site.astrofoto.com.pt\/welcome\/wp-content\/uploads\/2016\/11\/SW0052-300x300.jpg 300w, https:\/\/site.astrofoto.com.pt\/welcome\/wp-content\/uploads\/2016\/11\/SW0052-100x100.jpg 100w, https:\/\/site.astrofoto.com.pt\/welcome\/wp-content\/uploads\/2016\/11\/SW0052-150x150.jpg 150w, https:\/\/site.astrofoto.com.pt\/welcome\/wp-content\/uploads\/2016\/11\/SW0052.jpg 330w\" sizes=\"(max-width: 300px) 100vw, 300px\" \/><\/a><strong>Tubo Optico Newton SkyWatcher 200\/800 Pro Carbono<\/strong><br \/>\nTubo \u00d3ptico\u00a0\u00a0 \u00a0Carbono<br \/>\nCom dovetail e an\u00e9is de fixa\u00e7\u00e3o<br \/>\nDist\u00e2ncia Focal\u00a0\u00a0 \u00a0800mm<br \/>\nEspelho\u00a0\u00a0 \u00a0Pyrex<br \/>\nPoder de resolu\u00e7\u00e3o\u00a0\u00a0 \u00a00.6&#8243;<br \/>\nMagnitude limite\u00a0\u00a0 \u00a014.2<br \/>\nPorta-Oculares\u00a0\u00a0 \u00a0Crayford Linear Power 50.8\/31.75 Sky-Watcher com microfocador (dual speed 1:10)<br \/>\nDimens\u00f5es\u00a0\u00a0 \u00a023.5cm x 71.1cm<br \/>\nPeso\u00a0\u00a0 \u00a08.3 kg<\/p>\n","protected":false},"excerpt":{"rendered":"<p>Tubo Optico Newton SkyWatcher 200\/800 Pro Carbono Tubo \u00d3ptico\u00a0\u00a0 \u00a0Carbono Com dovetail e an\u00e9is de fixa\u00e7\u00e3o Dist\u00e2ncia Focal\u00a0\u00a0 \u00a0800mm Espelho\u00a0\u00a0 \u00a0Pyrex Poder de resolu\u00e7\u00e3o\u00a0\u00a0 \u00a00.6&#8243; Magnitude limite\u00a0\u00a0 \u00a014.2 Porta-Oculares\u00a0\u00a0 \u00a0Crayford Linear Power 50.8\/31.75 Sky-Watcher com microfocador (dual speed 1:10) Dimens\u00f5es\u00a0\u00a0 \u00a023.5cm x 71.1cm Peso\u00a0\u00a0 \u00a08.3 kg<\/p>\n","protected":false},"featured_media":1784,"comment_status":"open","ping_status":"closed","template":"","meta":[],"product_brand":[],"product_cat":[15],"product_tag":[],"class_list":{"0":"post-1786","1":"product","2":"type-product","3":"status-publish","4":"has-post-thumbnail","6":"product_cat-telescopios-reflectores","8":"first","9":"outofstock","10":"shipping-taxable","11":"purchasable","12":"product-type-simple"},"_links":{"self":[{"href":"https:\/\/site.astrofoto.com.pt\/welcome\/wp-json\/wp\/v2\/product\/1786","targetHints":{"allow":["GET"]}}],"collection":[{"href":"https:\/\/site.astrofoto.com.pt\/welcome\/wp-json\/wp\/v2\/product"}],"about":[{"href":"https:\/\/site.astrofoto.com.pt\/welcome\/wp-json\/wp\/v2\/types\/product"}],"replies":[{"embeddable":true,"href":"https:\/\/site.astrofoto.com.pt\/welcome\/wp-json\/wp\/v2\/comments?post=1786"}],"wp:featuredmedia":[{"embeddable":true,"href":"https:\/\/site.astrofoto.com.pt\/welcome\/wp-json\/wp\/v2\/media\/1784"}],"wp:attachment":[{"href":"https:\/\/site.astrofoto.com.pt\/welcome\/wp-json\/wp\/v2\/media?parent=1786"}],"wp:term":[{"taxonomy":"product_brand","embeddable":true,"href":"https:\/\/site.astrofoto.com.pt\/welcome\/wp-json\/wp\/v2\/product_brand?post=1786"},{"taxonomy":"product_cat","embeddable":true,"href":"https:\/\/site.astrofoto.com.pt\/welcome\/wp-json\/wp\/v2\/product_cat?post=1786"},{"taxonomy":"product_tag","embeddable":true,"href":"https:\/\/site.astrofoto.com.pt\/welcome\/wp-json\/wp\/v2\/product_tag?post=1786"}],"curies":[{"name":"wp","href":"https:\/\/api.w.org\/{rel}","templated":true}]}}