{"id":1774,"date":"2016-11-09T18:30:29","date_gmt":"2016-11-09T18:30:29","guid":{"rendered":"http:\/\/site.astrofoto.com.pt\/welcome\/?post_type=product&#038;p=1774"},"modified":"2024-05-14T19:53:49","modified_gmt":"2024-05-14T19:53:49","slug":"ota-newton-sky-watcher-150750-black-diamond","status":"publish","type":"product","link":"https:\/\/site.astrofoto.com.pt\/welcome\/produto\/ota-newton-sky-watcher-150750-black-diamond\/","title":{"rendered":"OTA Newton Sky-Watcher 150\/750 Black Diamond PDS"},"content":{"rendered":"<p><strong>OTA Newton Sky-Watcher 150\/750 Black Diamond PDS Dual Speed<br \/>\n<\/strong><\/p>\n<p>Tubo Optico\u00a0\u00a0 \u00a0Alum\u00ednio<br \/>\nCom dovetail e aneis de fixa\u00e7\u00e3o<br \/>\nDist\u00e2ncia Focal\u00a0\u00a0 \u00a0750mm<br \/>\nEspelho\u00a0\u00a0 \u00a0Parab\u00f3lico<br \/>\nPoder de resolu\u00e7\u00e3o\u00a0\u00a0 \u00a00.8&#8243;<br \/>\nMagnitude limite\u00a0\u00a0 \u00a013.5<br \/>\nPorta-Oculares\u00a0\u00a0 \u00a0Crayford 50.8\/31.75 Sky-Watcher com microfocador (dual speed 1:10)<br \/>\nDimens\u00f5es\u00a0\u00a0 \u00a018,2cm x 69cm<br \/>\nPeso\u00a0\u00a0\u00a0 4,8 kg<\/p>\n","protected":false},"excerpt":{"rendered":"<p>OTA Newton Sky-Watcher 150\/750 Black Diamond PDS Dual Speed Tubo Optico\u00a0\u00a0 \u00a0Alum\u00ednio Com dovetail e aneis de fixa\u00e7\u00e3o Dist\u00e2ncia Focal\u00a0\u00a0 \u00a0750mm Espelho\u00a0\u00a0 \u00a0Parab\u00f3lico Poder de resolu\u00e7\u00e3o\u00a0\u00a0 \u00a00.8&#8243; Magnitude limite\u00a0\u00a0 \u00a013.5 Porta-Oculares\u00a0\u00a0 \u00a0Crayford 50.8\/31.75 Sky-Watcher com microfocador (dual speed 1:10) Dimens\u00f5es\u00a0\u00a0 \u00a018,2cm x 69cm Peso\u00a0\u00a0\u00a0 4,8 kg<\/p>\n","protected":false},"featured_media":6871,"comment_status":"open","ping_status":"closed","template":"","meta":[],"product_brand":[],"product_cat":[15],"product_tag":[],"class_list":{"0":"post-1774","1":"product","2":"type-product","3":"status-publish","4":"has-post-thumbnail","6":"product_cat-telescopios-reflectores","8":"first","9":"onbackorder","10":"sale","11":"shipping-taxable","12":"purchasable","13":"product-type-simple"},"_links":{"self":[{"href":"https:\/\/site.astrofoto.com.pt\/welcome\/wp-json\/wp\/v2\/product\/1774","targetHints":{"allow":["GET"]}}],"collection":[{"href":"https:\/\/site.astrofoto.com.pt\/welcome\/wp-json\/wp\/v2\/product"}],"about":[{"href":"https:\/\/site.astrofoto.com.pt\/welcome\/wp-json\/wp\/v2\/types\/product"}],"replies":[{"embeddable":true,"href":"https:\/\/site.astrofoto.com.pt\/welcome\/wp-json\/wp\/v2\/comments?post=1774"}],"wp:featuredmedia":[{"embeddable":true,"href":"https:\/\/site.astrofoto.com.pt\/welcome\/wp-json\/wp\/v2\/media\/6871"}],"wp:attachment":[{"href":"https:\/\/site.astrofoto.com.pt\/welcome\/wp-json\/wp\/v2\/media?parent=1774"}],"wp:term":[{"taxonomy":"product_brand","embeddable":true,"href":"https:\/\/site.astrofoto.com.pt\/welcome\/wp-json\/wp\/v2\/product_brand?post=1774"},{"taxonomy":"product_cat","embeddable":true,"href":"https:\/\/site.astrofoto.com.pt\/welcome\/wp-json\/wp\/v2\/product_cat?post=1774"},{"taxonomy":"product_tag","embeddable":true,"href":"https:\/\/site.astrofoto.com.pt\/welcome\/wp-json\/wp\/v2\/product_tag?post=1774"}],"curies":[{"name":"wp","href":"https:\/\/api.w.org\/{rel}","templated":true}]}}