{"id":1743,"date":"2016-11-04T20:55:43","date_gmt":"2016-11-04T20:55:43","guid":{"rendered":"http:\/\/site.astrofoto.com.pt\/welcome\/?post_type=product&#038;p=1743"},"modified":"2025-03-12T15:31:50","modified_gmt":"2025-03-12T15:31:50","slug":"telescopio-newton-sky-watcher-130900-eq2-motorizada","status":"publish","type":"product","link":"https:\/\/site.astrofoto.com.pt\/welcome\/produto\/telescopio-newton-sky-watcher-130900-eq2-motorizada\/","title":{"rendered":"Telesc\u00f3pio Newton Sky-Watcher 130\/900 EQ2 motorizada"},"content":{"rendered":"<p><a href=\"http:\/\/site.astrofoto.com.pt\/welcome\/wp-content\/uploads\/2016\/11\/SW0023.jpg\"><img fetchpriority=\"high\" decoding=\"async\" class=\"alignleft size-medium wp-image-1744\" src=\"http:\/\/site.astrofoto.com.pt\/welcome\/wp-content\/uploads\/2016\/11\/SW0023-300x300.jpg\" alt=\"sw0023\" width=\"300\" height=\"300\" srcset=\"https:\/\/site.astrofoto.com.pt\/welcome\/wp-content\/uploads\/2016\/11\/SW0023-300x300.jpg 300w, https:\/\/site.astrofoto.com.pt\/welcome\/wp-content\/uploads\/2016\/11\/SW0023-100x100.jpg 100w, https:\/\/site.astrofoto.com.pt\/welcome\/wp-content\/uploads\/2016\/11\/SW0023-150x150.jpg 150w, https:\/\/site.astrofoto.com.pt\/welcome\/wp-content\/uploads\/2016\/11\/SW0023.jpg 330w\" sizes=\"(max-width: 300px) 100vw, 300px\" \/><\/a> <strong>Telesc\u00f3pio Newton SkyWatcher 130\/900 EQ2 motorizada D\u00a0<\/strong><br \/>\nTubo Optico\u00a0\u00a0 \u00a0Alum\u00ednio<br \/>\nDistancia Focal\u00a0\u00a0 \u00a0900mm<br \/>\nRela\u00e7\u00e3o focal\u00a0\u00a0 \u00a0F\/D 6,9<br \/>\nPoder separador\u00a0\u00a0 \u00a00,9&#8243;<br \/>\nMagnitude Limite\u00a0\u00a0 \u00a013,3<br \/>\nAumento m\u00e1ximo\u00a0\u00a0 \u00a0200x<br \/>\nComprimento do Tubo \u00d3ptico\u00a0\u00a0 \u00a0840mm<br \/>\nPeso total\u00a0\u00a0 \u00a013 kg<br \/>\nPorta-oculares\u00a0\u00a0 \u00a0De cremalheira sa\u00edda31,75mm<br \/>\nOculares S 25mm e S 10mm<br \/>\nBarlow 2x<br \/>\nMontagem equatorial alem\u00e3 EQ2 Motorizada em AR c\/comando<br \/>\nC\u00edrculos graduados nos 2 eixos<br \/>\nTrip\u00e9 em alum\u00ednio regul\u00e1vel em altura (71cm a 123cm)<\/p>\n","protected":false},"excerpt":{"rendered":"<p>Telesc\u00f3pio Newton SkyWatcher 130\/900 EQ2 motorizada D\u00a0 Tubo Optico\u00a0\u00a0 \u00a0Alum\u00ednio Distancia Focal\u00a0\u00a0 \u00a0900mm Rela\u00e7\u00e3o focal\u00a0\u00a0 \u00a0F\/D 6,9 Poder separador\u00a0\u00a0 \u00a00,9&#8243; Magnitude Limite\u00a0\u00a0 \u00a013,3 Aumento m\u00e1ximo\u00a0\u00a0 \u00a0200x Comprimento do Tubo \u00d3ptico\u00a0\u00a0 \u00a0840mm Peso total\u00a0\u00a0 \u00a013 kg Porta-oculares\u00a0\u00a0 \u00a0De cremalheira sa\u00edda31,75mm Oculares S 25mm e S 10mm Barlow 2x Montagem equatorial alem\u00e3 EQ2 Motorizada em AR c\/comando<\/p>\n<div class=\"more-link\">\n\t\t\t\t <a href=\"https:\/\/site.astrofoto.com.pt\/welcome\/produto\/telescopio-newton-sky-watcher-130900-eq2-motorizada\/\" class=\"btn theme-btn inverted\"><span>Continuar a Ler <\/span><\/a>\n\t\t\t<\/div>\n","protected":false},"featured_media":1744,"comment_status":"open","ping_status":"closed","template":"","meta":[],"product_brand":[],"product_cat":[92,15],"product_tag":[],"class_list":{"0":"post-1743","1":"product","2":"type-product","3":"status-publish","4":"has-post-thumbnail","6":"product_cat-swpromo","7":"product_cat-telescopios-reflectores","9":"first","10":"onbackorder","11":"sale","12":"shipping-taxable","13":"purchasable","14":"product-type-simple"},"_links":{"self":[{"href":"https:\/\/site.astrofoto.com.pt\/welcome\/wp-json\/wp\/v2\/product\/1743","targetHints":{"allow":["GET"]}}],"collection":[{"href":"https:\/\/site.astrofoto.com.pt\/welcome\/wp-json\/wp\/v2\/product"}],"about":[{"href":"https:\/\/site.astrofoto.com.pt\/welcome\/wp-json\/wp\/v2\/types\/product"}],"replies":[{"embeddable":true,"href":"https:\/\/site.astrofoto.com.pt\/welcome\/wp-json\/wp\/v2\/comments?post=1743"}],"wp:featuredmedia":[{"embeddable":true,"href":"https:\/\/site.astrofoto.com.pt\/welcome\/wp-json\/wp\/v2\/media\/1744"}],"wp:attachment":[{"href":"https:\/\/site.astrofoto.com.pt\/welcome\/wp-json\/wp\/v2\/media?parent=1743"}],"wp:term":[{"taxonomy":"product_brand","embeddable":true,"href":"https:\/\/site.astrofoto.com.pt\/welcome\/wp-json\/wp\/v2\/product_brand?post=1743"},{"taxonomy":"product_cat","embeddable":true,"href":"https:\/\/site.astrofoto.com.pt\/welcome\/wp-json\/wp\/v2\/product_cat?post=1743"},{"taxonomy":"product_tag","embeddable":true,"href":"https:\/\/site.astrofoto.com.pt\/welcome\/wp-json\/wp\/v2\/product_tag?post=1743"}],"curies":[{"name":"wp","href":"https:\/\/api.w.org\/{rel}","templated":true}]}}