{"id":170,"date":"2015-04-30T15:50:37","date_gmt":"2015-04-30T15:50:37","guid":{"rendered":"http:\/\/site.astrofoto.com.pt\/welcome\/?post_type=product&#038;p=170"},"modified":"2020-10-23T11:27:02","modified_gmt":"2020-10-23T11:27:02","slug":"telescopio-gso-dobson-12-de-luxe","status":"publish","type":"product","link":"https:\/\/site.astrofoto.com.pt\/welcome\/produto\/telescopio-gso-dobson-12-de-luxe\/","title":{"rendered":"Telesc\u00f3pio GSO Dobson 12&#8243; de luxe"},"content":{"rendered":"<p><a href=\"http:\/\/site.astrofoto.com.pt\/welcome\/wp-content\/uploads\/2015\/04\/d06.jpg\"><img fetchpriority=\"high\" decoding=\"async\" class=\"alignleft size-medium wp-image-171\" src=\"http:\/\/site.astrofoto.com.pt\/welcome\/wp-content\/uploads\/2015\/04\/d06-200x300.jpg\" alt=\"d06\" width=\"200\" height=\"300\" srcset=\"https:\/\/site.astrofoto.com.pt\/welcome\/wp-content\/uploads\/2015\/04\/d06-200x300.jpg 200w, https:\/\/site.astrofoto.com.pt\/welcome\/wp-content\/uploads\/2015\/04\/d06-150x225.jpg 150w, https:\/\/site.astrofoto.com.pt\/welcome\/wp-content\/uploads\/2015\/04\/d06-300x450.jpg 300w, https:\/\/site.astrofoto.com.pt\/welcome\/wp-content\/uploads\/2015\/04\/d06.jpg 400w\" sizes=\"(max-width: 200px) 100vw, 200px\" \/><\/a><\/p>\n<p><strong><span style=\"font-family: Arial; font-size: small;\">GS980 &#8211; 12&#8243; f\/5 Dobsonian by GSO <\/span><\/strong><\/p>\n<p><strong><span style=\"text-decoration: underline;\"><span style=\"font-family: Arial; font-size: small;\"> Dobson 12&#8243; f\/5<br \/>\n<\/span><\/span><\/strong><\/p>\n<p><span style=\"font-family: Arial; font-size: small;\">\u2022 Abertura: 300mm<\/span><\/p>\n<p><span style=\"font-family: Arial; font-size: small;\">\u2022 Distancia Focal: 1500<\/span><\/p>\n<p><span style=\"font-family: Arial; font-size: small;\">\u2022 Espelho prim\u00e1rio em BK7 diffration limited<\/span><\/p>\n<p><span style=\"font-family: Arial; font-size: small;\">\u2022\u00a0Focador\u00a0 Crayford 2&#8243;\u00a0dupla velocidade\u00a01:10. <a href=\"http:\/\/astrofoto.com.pt\/imagenscatalogo\/GSO\/GSO_Crayford.jpg\"><img decoding=\"async\" src=\"http:\/\/astrofoto.com.pt\/imagenscatalogo\/GSO\/GSO_Crayfords.jpg\" alt=\"crayford\" width=\"45\" height=\"36\" \/><\/a><\/span><\/p>\n<p><span style=\"font-family: Arial; font-size: small;\">\u2022\u00a0Buscador\u00a08&#215;50 lentes multirevcestidas. <\/span><\/p>\n<p><span style=\"font-family: Arial; font-size: small;\">\u2022\u00a0Oculares:\u00a0 ERFLE 30mm 2&#8243;\u00a0grande angular + Pl 9mm 1,25&#8243;<\/span><\/p>\n<p><span style=\"font-family: Arial; font-size: small;\">\u2022\u00a0Montagem Dobson com movimentos suaves e fixa\u00e7\u00e3o especial <a href=\"http:\/\/astrofoto.com.pt\/imagenscatalogo\/GSO\/GSO_apoio.jpg\"><img decoding=\"async\" src=\"http:\/\/astrofoto.com.pt\/imagenscatalogo\/GSO\/GSO_apoios.jpg\" alt=\"apoio\" width=\"38\" height=\"32\" \/><\/a><br \/>\n<\/span><\/p>\n<p><span style=\"font-family: Arial; font-size: small;\">\u2022\u00a0Inovador sistema de rolamentos em azimute <a href=\"http:\/\/astrofoto.com.pt\/imagenscatalogo\/GSO\/GSO_rol.jpg\"><img loading=\"lazy\" decoding=\"async\" src=\"http:\/\/astrofoto.com.pt\/imagenscatalogo\/GSO\/GSO_rol.sjpg.jpg\" alt=\"rolamentos\" width=\"38\" height=\"27\" \/><\/a><\/span><\/p>\n<p><span style=\"font-family: Arial; font-size: small;\">\u2022\u00a0Revestimento melhorado com transmiss\u00e3o a 94%<\/span><\/p>\n<p><span style=\"font-family: Arial; font-size: small;\">\u2022\u00a0Arrefecimento do prim\u00e1rio por ventoinha 12V<\/span><\/p>\n<p class=\"style1\">** os portes dos telesc\u00f3pios n\u00e3o est\u00e3o incluidos na taxa de 7 \u20ac:<br \/>\n<a href=\"http:\/\/astrofoto.com.pt\/envios.htm\"><span style=\"color: #ff6500;\">http:\/\/astrofoto.com.pt\/envios.htm<\/span><\/a><\/p>\n","protected":false},"excerpt":{"rendered":"<p>GS980 &#8211; 12&#8243; f\/5 Dobsonian by GSO Dobson 12&#8243; f\/5 \u2022 Abertura: 300mm \u2022 Distancia Focal: 1500 \u2022 Espelho prim\u00e1rio em BK7 diffration limited \u2022\u00a0Focador\u00a0 Crayford 2&#8243;\u00a0dupla velocidade\u00a01:10. \u2022\u00a0Buscador\u00a08&#215;50 lentes multirevcestidas. \u2022\u00a0Oculares:\u00a0 ERFLE 30mm 2&#8243;\u00a0grande angular + Pl 9mm 1,25&#8243; \u2022\u00a0Montagem Dobson com movimentos suaves e fixa\u00e7\u00e3o especial \u2022\u00a0Inovador sistema de rolamentos em azimute \u2022\u00a0Revestimento<\/p>\n<div class=\"more-link\">\n\t\t\t\t <a href=\"https:\/\/site.astrofoto.com.pt\/welcome\/produto\/telescopio-gso-dobson-12-de-luxe\/\" class=\"btn theme-btn inverted\"><span>Continuar a Ler <\/span><\/a>\n\t\t\t<\/div>\n","protected":false},"featured_media":171,"comment_status":"open","ping_status":"closed","template":"","meta":[],"product_brand":[],"product_cat":[15],"product_tag":[],"class_list":{"0":"post-170","1":"product","2":"type-product","3":"status-publish","4":"has-post-thumbnail","6":"product_cat-telescopios-reflectores","7":"product_shipping_class-taxa-media","9":"first","10":"onbackorder","11":"shipping-taxable","12":"purchasable","13":"product-type-simple"},"_links":{"self":[{"href":"https:\/\/site.astrofoto.com.pt\/welcome\/wp-json\/wp\/v2\/product\/170","targetHints":{"allow":["GET"]}}],"collection":[{"href":"https:\/\/site.astrofoto.com.pt\/welcome\/wp-json\/wp\/v2\/product"}],"about":[{"href":"https:\/\/site.astrofoto.com.pt\/welcome\/wp-json\/wp\/v2\/types\/product"}],"replies":[{"embeddable":true,"href":"https:\/\/site.astrofoto.com.pt\/welcome\/wp-json\/wp\/v2\/comments?post=170"}],"wp:featuredmedia":[{"embeddable":true,"href":"https:\/\/site.astrofoto.com.pt\/welcome\/wp-json\/wp\/v2\/media\/171"}],"wp:attachment":[{"href":"https:\/\/site.astrofoto.com.pt\/welcome\/wp-json\/wp\/v2\/media?parent=170"}],"wp:term":[{"taxonomy":"product_brand","embeddable":true,"href":"https:\/\/site.astrofoto.com.pt\/welcome\/wp-json\/wp\/v2\/product_brand?post=170"},{"taxonomy":"product_cat","embeddable":true,"href":"https:\/\/site.astrofoto.com.pt\/welcome\/wp-json\/wp\/v2\/product_cat?post=170"},{"taxonomy":"product_tag","embeddable":true,"href":"https:\/\/site.astrofoto.com.pt\/welcome\/wp-json\/wp\/v2\/product_tag?post=170"}],"curies":[{"name":"wp","href":"https:\/\/api.w.org\/{rel}","templated":true}]}}