{"id":1695,"date":"2016-10-31T16:08:44","date_gmt":"2016-10-31T16:08:44","guid":{"rendered":"http:\/\/site.astrofoto.com.pt\/welcome\/?post_type=product&#038;p=1695"},"modified":"2017-01-23T10:17:56","modified_gmt":"2017-01-23T10:17:56","slug":"telescopio-celestron-9-25-edge-hd-cgem","status":"publish","type":"product","link":"https:\/\/site.astrofoto.com.pt\/welcome\/produto\/telescopio-celestron-9-25-edge-hd-cgem\/","title":{"rendered":"Telescopio Celestron 9.25&#8243; EDGE HD CGEM"},"content":{"rendered":"<p>Caracter\u00edsticas:<\/p>\n<p>\u2022 OTA Celestron 9.25&#8243; EDGE HD CGEM<a href=\"http:\/\/site.astrofoto.com.pt\/welcome\/wp-content\/uploads\/2016\/10\/CGEM925s.jpg\"><img fetchpriority=\"high\" decoding=\"async\" class=\"alignleft size-medium wp-image-1696\" src=\"http:\/\/site.astrofoto.com.pt\/welcome\/wp-content\/uploads\/2016\/10\/CGEM925s-300x295.jpg\" alt=\"cgem925s\" width=\"300\" height=\"295\" srcset=\"https:\/\/site.astrofoto.com.pt\/welcome\/wp-content\/uploads\/2016\/10\/CGEM925s-300x295.jpg 300w, https:\/\/site.astrofoto.com.pt\/welcome\/wp-content\/uploads\/2016\/10\/CGEM925s-150x147.jpg 150w, https:\/\/site.astrofoto.com.pt\/welcome\/wp-content\/uploads\/2016\/10\/CGEM925s.jpg 336w\" sizes=\"(max-width: 300px) 100vw, 300px\" \/><\/a><br \/>\n\u2022 Tubo em fibra de carbono<br \/>\n\u2022 Buscador 6&#215;30 mm<br \/>\n\u2022 Ocular UWA 23 mm 2&#8243;<br \/>\n\u2022 Prisma diagonal 1.25&#8243;<br \/>\n\u2022 Montagem Equatorial Alem\u00e3 CGEM com controlo GoTo e 40.000 objectos em mem\u00f3ria<br \/>\n\u2022 Trip\u00e9 met\u00e1lico<br \/>\n\u2022 Cabo de liga\u00e7\u00e3o \u00e0 bateria do carro e transformador de 12Volts.<br \/>\n\u2022 M\u00f3dulo GPS CN16 opcional<\/p>\n<p><strong>Caracter\u00edsticas de software e electr\u00f3nica: <\/strong><br \/>\n\u2022 GPS compat\u00edvel com acess\u00f3rio opcional CN 16 GPS #93967<br \/>\n\u2022 Sistema GoTo com exactid\u00e3o at\u00e9 1.5 min-arc.<br \/>\n\u2022 Base de dados com +40.000 objectos e 400 objectos definidos pelo utilizador.<br \/>\nInclui: Calibra\u00e7\u00e3o de b\u00fassola, rotina de alinhamento polar, base de dados com limites filtrado, modo de hiberna\u00e7\u00e3o, Auto-Norte e nivelamento, Alinhamento r\u00e1pido (Quick-Align) e limite de velocidade (slew) definido pelo utilizador. \u2022 Modo Hiberna\u00e7\u00e3o &#8211; mant\u00e9m alinhamento mesmo desligado.<br \/>\n\u2022 Rotina de alinhamento para o hemisf\u00e9rio Norte e Sul.<br \/>\n\u2022 Filtragem de limites &#8211; mostra somente os objectos que se encontram acima do horizonte.<br \/>\n\u2022 Correc\u00e7\u00e3o permanente program\u00e1vel de erro peri\u00f3dico (PEC) &#8211; corrige os erros inerentes a todos os sistemas de roda dentada.<br \/>\n\u2022 Doseamento na acelera\u00e7\u00e3o de modo a evitar o desgaste por arranque r\u00e1pido.<br \/>\n\u2022 Sensores em ambos os eixo de A.R e Dec.<br \/>\n\u2022 Sensores de fim de curso em A.R.<br \/>\n\u2022 Rel\u00f3gio em tempo real &#8211; mant\u00e9m configura\u00e7\u00e3o mesmo desligado.<br \/>\n\u2022 Servo-motores 12VDC com encoders \u00f3pticos integrados com resolu\u00e7\u00e3o de 0.11 seg-arc.<\/p>\n","protected":false},"excerpt":{"rendered":"<p>Caracter\u00edsticas: \u2022 OTA Celestron 9.25&#8243; EDGE HD CGEM \u2022 Tubo em fibra de carbono \u2022 Buscador 6&#215;30 mm \u2022 Ocular UWA 23 mm 2&#8243; \u2022 Prisma diagonal 1.25&#8243; \u2022 Montagem Equatorial Alem\u00e3 CGEM com controlo GoTo e 40.000 objectos em mem\u00f3ria \u2022 Trip\u00e9 met\u00e1lico \u2022 Cabo de liga\u00e7\u00e3o \u00e0 bateria do carro e transformador de<\/p>\n<div class=\"more-link\">\n\t\t\t\t <a href=\"https:\/\/site.astrofoto.com.pt\/welcome\/produto\/telescopio-celestron-9-25-edge-hd-cgem\/\" class=\"btn theme-btn inverted\"><span>Continuar a Ler <\/span><\/a>\n\t\t\t<\/div>\n","protected":false},"featured_media":1696,"comment_status":"open","ping_status":"closed","template":"","meta":[],"product_brand":[],"product_cat":[17],"product_tag":[],"class_list":{"0":"post-1695","1":"product","2":"type-product","3":"status-publish","4":"has-post-thumbnail","6":"product_cat-telescopios-catadioptricos","8":"first","9":"onbackorder","10":"shipping-taxable","11":"purchasable","12":"product-type-simple"},"_links":{"self":[{"href":"https:\/\/site.astrofoto.com.pt\/welcome\/wp-json\/wp\/v2\/product\/1695","targetHints":{"allow":["GET"]}}],"collection":[{"href":"https:\/\/site.astrofoto.com.pt\/welcome\/wp-json\/wp\/v2\/product"}],"about":[{"href":"https:\/\/site.astrofoto.com.pt\/welcome\/wp-json\/wp\/v2\/types\/product"}],"replies":[{"embeddable":true,"href":"https:\/\/site.astrofoto.com.pt\/welcome\/wp-json\/wp\/v2\/comments?post=1695"}],"wp:featuredmedia":[{"embeddable":true,"href":"https:\/\/site.astrofoto.com.pt\/welcome\/wp-json\/wp\/v2\/media\/1696"}],"wp:attachment":[{"href":"https:\/\/site.astrofoto.com.pt\/welcome\/wp-json\/wp\/v2\/media?parent=1695"}],"wp:term":[{"taxonomy":"product_brand","embeddable":true,"href":"https:\/\/site.astrofoto.com.pt\/welcome\/wp-json\/wp\/v2\/product_brand?post=1695"},{"taxonomy":"product_cat","embeddable":true,"href":"https:\/\/site.astrofoto.com.pt\/welcome\/wp-json\/wp\/v2\/product_cat?post=1695"},{"taxonomy":"product_tag","embeddable":true,"href":"https:\/\/site.astrofoto.com.pt\/welcome\/wp-json\/wp\/v2\/product_tag?post=1695"}],"curies":[{"name":"wp","href":"https:\/\/api.w.org\/{rel}","templated":true}]}}