{"id":1605,"date":"2016-10-25T19:20:00","date_gmt":"2016-10-25T19:20:00","guid":{"rendered":"http:\/\/site.astrofoto.com.pt\/welcome\/?post_type=product&#038;p=1605"},"modified":"2022-03-02T12:11:46","modified_gmt":"2022-03-02T12:11:46","slug":"gso-ritchey-chretien-8","status":"publish","type":"product","link":"https:\/\/site.astrofoto.com.pt\/welcome\/produto\/gso-ritchey-chretien-8\/","title":{"rendered":"GSO Ritchey Chretien 8&#8243;"},"content":{"rendered":"<p><a href=\"http:\/\/site.astrofoto.com.pt\/welcome\/wp-content\/uploads\/2016\/10\/t6-1.jpg\"><img fetchpriority=\"high\" decoding=\"async\" class=\"alignleft size-medium wp-image-1606\" src=\"http:\/\/site.astrofoto.com.pt\/welcome\/wp-content\/uploads\/2016\/10\/t6-1-300x216.jpg\" alt=\"t6\" width=\"300\" height=\"216\" srcset=\"https:\/\/site.astrofoto.com.pt\/welcome\/wp-content\/uploads\/2016\/10\/t6-1-300x216.jpg 300w, https:\/\/site.astrofoto.com.pt\/welcome\/wp-content\/uploads\/2016\/10\/t6-1-150x108.jpg 150w, https:\/\/site.astrofoto.com.pt\/welcome\/wp-content\/uploads\/2016\/10\/t6-1.jpg 450w\" sizes=\"(max-width: 300px) 100vw, 300px\" \/><\/a><\/p>\n<hr \/>\n<p>Telescopio GSO Ritchey Chretien 8&#8243; f\/8<\/p>\n<p><u><strong>\u2022 Genuino R\/C com prim\u00e1rio e secund\u00e1rio hiperb\u00f3licos<br \/>\n<\/strong><\/u><\/p>\n<p>\u2022 Abertura: 203mm.<br \/>\n\u2022 Focal: 1624mm.<br \/>\n\u2022 Rela\u00e7\u00e3o focal: f\/8<br \/>\n\u2022 \u00d3tica do Primario: BK7 &#8211; precis\u00e3o inferior a 1\/12 Lambda com 99% de cobertura (Dielectrico)<br \/>\n\u2022 \u00d3tica do Secundario:\u00a0BK7 com 99% de cobertura (Dielectrico). Obstru\u00e7\u00e3o central: 77mm<br \/>\n\u2022 Focador: Crayford 2&#8243; com microfocus 1:10. Inclui redutor a 1,25&#8243;<br \/>\n\u2022 Peso do tubo:\u00a07,5kg.<br \/>\n\u2022 Inclui dovetail tipo Vixen (2 unidades)<\/p>\n<p><strong>\u2022 Baffles otimizados\u00a0\u00a0\u00a0\u00a0\u00a0\u00a0\u00a0\u00a0\u00a0\u2022 Focador Crayford 2 velocidades\u00a0\u00a0\u00a0\u00a0\u00a0<\/strong><\/p>\n<p><a href=\"http:\/\/astrofoto.com.pt\/imagenscatalogo\/GSO\/gso_RC10Carb01.gif\"><img decoding=\"async\" src=\"http:\/\/astrofoto.com.pt\/imagenscatalogo\/GSO\/gso_RC10Carb01s.gif\" alt=\"buffles\" width=\"66\" height=\"54\" \/><\/a>\u00a0\u00a0\u00a0\u00a0\u00a0\u00a0\u00a0\u00a0\u00a0\u00a0\u00a0\u00a0\u00a0\u00a0\u00a0\u00a0 <a href=\"http:\/\/astrofoto.com.pt\/imagenscatalogo\/GSO\/GSO_Crayford.jpg\"><img decoding=\"async\" src=\"http:\/\/astrofoto.com.pt\/imagenscatalogo\/GSO\/GSO_Crayfords.jpg\" alt=\"crayford\" width=\"55\" height=\"56\" \/><\/a><\/p>\n","protected":false},"excerpt":{"rendered":"<p>Telescopio GSO Ritchey Chretien 8&#8243; f\/8 \u2022 Genuino R\/C com prim\u00e1rio e secund\u00e1rio hiperb\u00f3licos \u2022 Abertura: 203mm. \u2022 Focal: 1624mm. \u2022 Rela\u00e7\u00e3o focal: f\/8 \u2022 \u00d3tica do Primario: BK7 &#8211; precis\u00e3o inferior a 1\/12 Lambda com 99% de cobertura (Dielectrico) \u2022 \u00d3tica do Secundario:\u00a0BK7 com 99% de cobertura (Dielectrico). Obstru\u00e7\u00e3o central: 77mm \u2022 Focador: Crayford<\/p>\n<div class=\"more-link\">\n\t\t\t\t <a href=\"https:\/\/site.astrofoto.com.pt\/welcome\/produto\/gso-ritchey-chretien-8\/\" class=\"btn theme-btn inverted\"><span>Continuar a Ler <\/span><\/a>\n\t\t\t<\/div>\n","protected":false},"featured_media":1606,"comment_status":"open","ping_status":"closed","template":"","meta":[],"product_brand":[],"product_cat":[17],"product_tag":[],"class_list":{"0":"post-1605","1":"product","2":"type-product","3":"status-publish","4":"has-post-thumbnail","6":"product_cat-telescopios-catadioptricos","8":"first","9":"onbackorder","10":"shipping-taxable","11":"purchasable","12":"product-type-simple"},"_links":{"self":[{"href":"https:\/\/site.astrofoto.com.pt\/welcome\/wp-json\/wp\/v2\/product\/1605","targetHints":{"allow":["GET"]}}],"collection":[{"href":"https:\/\/site.astrofoto.com.pt\/welcome\/wp-json\/wp\/v2\/product"}],"about":[{"href":"https:\/\/site.astrofoto.com.pt\/welcome\/wp-json\/wp\/v2\/types\/product"}],"replies":[{"embeddable":true,"href":"https:\/\/site.astrofoto.com.pt\/welcome\/wp-json\/wp\/v2\/comments?post=1605"}],"wp:featuredmedia":[{"embeddable":true,"href":"https:\/\/site.astrofoto.com.pt\/welcome\/wp-json\/wp\/v2\/media\/1606"}],"wp:attachment":[{"href":"https:\/\/site.astrofoto.com.pt\/welcome\/wp-json\/wp\/v2\/media?parent=1605"}],"wp:term":[{"taxonomy":"product_brand","embeddable":true,"href":"https:\/\/site.astrofoto.com.pt\/welcome\/wp-json\/wp\/v2\/product_brand?post=1605"},{"taxonomy":"product_cat","embeddable":true,"href":"https:\/\/site.astrofoto.com.pt\/welcome\/wp-json\/wp\/v2\/product_cat?post=1605"},{"taxonomy":"product_tag","embeddable":true,"href":"https:\/\/site.astrofoto.com.pt\/welcome\/wp-json\/wp\/v2\/product_tag?post=1605"}],"curies":[{"name":"wp","href":"https:\/\/api.w.org\/{rel}","templated":true}]}}