{"id":1603,"date":"2016-10-25T19:16:34","date_gmt":"2016-10-25T19:16:34","guid":{"rendered":"http:\/\/site.astrofoto.com.pt\/welcome\/?post_type=product&#038;p=1603"},"modified":"2016-10-25T19:27:14","modified_gmt":"2016-10-25T19:27:14","slug":"gso-ritchey-chretien-12-carbono","status":"publish","type":"product","link":"https:\/\/site.astrofoto.com.pt\/welcome\/produto\/gso-ritchey-chretien-12-carbono\/","title":{"rendered":"GSO Ritchey Chretien 12&#8243; Carbono"},"content":{"rendered":"<p><a href=\"http:\/\/site.astrofoto.com.pt\/welcome\/wp-content\/uploads\/2016\/10\/t5-1.jpg\"><img fetchpriority=\"high\" decoding=\"async\" class=\"alignleft size-medium wp-image-1604\" src=\"http:\/\/site.astrofoto.com.pt\/welcome\/wp-content\/uploads\/2016\/10\/t5-1-300x277.jpg\" alt=\"t5\" width=\"300\" height=\"277\" srcset=\"https:\/\/site.astrofoto.com.pt\/welcome\/wp-content\/uploads\/2016\/10\/t5-1-300x277.jpg 300w, https:\/\/site.astrofoto.com.pt\/welcome\/wp-content\/uploads\/2016\/10\/t5-1-450x415.jpg 450w, https:\/\/site.astrofoto.com.pt\/welcome\/wp-content\/uploads\/2016\/10\/t5-1-600x554.jpg 600w, https:\/\/site.astrofoto.com.pt\/welcome\/wp-content\/uploads\/2016\/10\/t5-1-768x709.jpg 768w, https:\/\/site.astrofoto.com.pt\/welcome\/wp-content\/uploads\/2016\/10\/t5-1.jpg 921w\" sizes=\"(max-width: 300px) 100vw, 300px\" \/><\/a><\/p>\n<p>&nbsp;<\/p>\n<p>Telescopio GSO Ritchey Chretien 12&#8243; f\/8<\/p>\n<p><u><strong>\u2022 Genuino R\/C com prim\u00e1rio e secund\u00e1rio hiperb\u00f3licos<br \/>\n<\/strong><\/u><\/p>\n<p>\u2022 Abertura: 304mm.<br \/>\n\u2022 Focal: 2.432mm.<br \/>\n\u2022 Rela\u00e7\u00e3o focal: f\/8.<br \/>\n\u2022 \u00d3ptica do Primario: Quartzo &#8211; precis\u00e3o inferior a 1\/12 Lambda<br \/>\n\u2022 \u00d3ptica do Secundario: Quartzo c\/ 99% de cobertura (Dielectrico). Obstru\u00e7\u00e3o central:112 mm<br \/>\n\u2022 Focador: 3&#8243; rotativo em\u00a0360\u00ba com microfocus 1:10.Inclui redutores a 2&#8243;\u00a0e 1,25&#8243;<br \/>\n\u2022 Peso do tubo: 20 kg. FIBRA DE CARBONO<br \/>\n\u2022 Inclui dovetail tipo losmandy<\/p>\n<p>** os portes dos telesc\u00f3pios n\u00e3o est\u00e3o incluidos na taxa de 5 \u20ac:<br \/>\n<a href=\"http:\/\/astrofoto.com.pt\/envios.htm\"><span style=\"color: #ff6500;\">http:\/\/astrofoto.com.pt\/envios.htm<\/span><\/a><br \/>\n<strong>\u2022 Baffles otimizados\u00a0\u00a0\u00a0\u00a0\u00a0\u00a0\u00a0\u00a0\u00a0\u00a0\u2022 arrefecimento do primario<\/strong><\/p>\n<p><a href=\"http:\/\/astrofoto.com.pt\/imagenscatalogo\/GSO\/gso_RC10Carb01.gif\"><img decoding=\"async\" src=\"http:\/\/astrofoto.com.pt\/imagenscatalogo\/GSO\/gso_RC10Carb01s.gif\" alt=\"buffles\" width=\"82\" height=\"69\" \/><\/a>\u00a0\u00a0\u00a0\u00a0\u00a0\u00a0\u00a0\u00a0\u00a0\u00a0\u00a0\u00a0\u00a0\u00a0\u00a0\u00a0 <a href=\"http:\/\/astrofoto.com.pt\/imagenscatalogo\/GSO\/gso_ventoinha.jpg\"><img decoding=\"async\" src=\"http:\/\/astrofoto.com.pt\/imagenscatalogo\/GSO\/gso_ventoinhas.jpg\" alt=\"ventoinhas\" width=\"82\" height=\"75\" \/><\/a><\/p>\n","protected":false},"excerpt":{"rendered":"<p>&nbsp; Telescopio GSO Ritchey Chretien 12&#8243; f\/8 \u2022 Genuino R\/C com prim\u00e1rio e secund\u00e1rio hiperb\u00f3licos \u2022 Abertura: 304mm. \u2022 Focal: 2.432mm. \u2022 Rela\u00e7\u00e3o focal: f\/8. \u2022 \u00d3ptica do Primario: Quartzo &#8211; precis\u00e3o inferior a 1\/12 Lambda \u2022 \u00d3ptica do Secundario: Quartzo c\/ 99% de cobertura (Dielectrico). Obstru\u00e7\u00e3o central:112 mm \u2022 Focador: 3&#8243; rotativo em\u00a0360\u00ba com<\/p>\n<div class=\"more-link\">\n\t\t\t\t <a href=\"https:\/\/site.astrofoto.com.pt\/welcome\/produto\/gso-ritchey-chretien-12-carbono\/\" class=\"btn theme-btn inverted\"><span>Continuar a Ler <\/span><\/a>\n\t\t\t<\/div>\n","protected":false},"featured_media":1604,"comment_status":"open","ping_status":"closed","template":"","meta":[],"product_brand":[],"product_cat":[17],"product_tag":[],"class_list":{"0":"post-1603","1":"product","2":"type-product","3":"status-publish","4":"has-post-thumbnail","6":"product_cat-telescopios-catadioptricos","8":"first","9":"onbackorder","10":"shipping-taxable","11":"purchasable","12":"product-type-simple"},"_links":{"self":[{"href":"https:\/\/site.astrofoto.com.pt\/welcome\/wp-json\/wp\/v2\/product\/1603","targetHints":{"allow":["GET"]}}],"collection":[{"href":"https:\/\/site.astrofoto.com.pt\/welcome\/wp-json\/wp\/v2\/product"}],"about":[{"href":"https:\/\/site.astrofoto.com.pt\/welcome\/wp-json\/wp\/v2\/types\/product"}],"replies":[{"embeddable":true,"href":"https:\/\/site.astrofoto.com.pt\/welcome\/wp-json\/wp\/v2\/comments?post=1603"}],"wp:featuredmedia":[{"embeddable":true,"href":"https:\/\/site.astrofoto.com.pt\/welcome\/wp-json\/wp\/v2\/media\/1604"}],"wp:attachment":[{"href":"https:\/\/site.astrofoto.com.pt\/welcome\/wp-json\/wp\/v2\/media?parent=1603"}],"wp:term":[{"taxonomy":"product_brand","embeddable":true,"href":"https:\/\/site.astrofoto.com.pt\/welcome\/wp-json\/wp\/v2\/product_brand?post=1603"},{"taxonomy":"product_cat","embeddable":true,"href":"https:\/\/site.astrofoto.com.pt\/welcome\/wp-json\/wp\/v2\/product_cat?post=1603"},{"taxonomy":"product_tag","embeddable":true,"href":"https:\/\/site.astrofoto.com.pt\/welcome\/wp-json\/wp\/v2\/product_tag?post=1603"}],"curies":[{"name":"wp","href":"https:\/\/api.w.org\/{rel}","templated":true}]}}