{"id":1599,"date":"2016-10-25T19:07:17","date_gmt":"2016-10-25T19:07:17","guid":{"rendered":"http:\/\/site.astrofoto.com.pt\/welcome\/?post_type=product&#038;p=1599"},"modified":"2022-09-02T11:07:14","modified_gmt":"2022-09-02T11:07:14","slug":"gso-ritchey-chretien-10","status":"publish","type":"product","link":"https:\/\/site.astrofoto.com.pt\/welcome\/produto\/gso-ritchey-chretien-10\/","title":{"rendered":"GSO Ritchey Chretien 10&#8243;"},"content":{"rendered":"<p><a href=\"http:\/\/site.astrofoto.com.pt\/welcome\/wp-content\/uploads\/2016\/10\/t3-1.jpg\"><img fetchpriority=\"high\" decoding=\"async\" class=\"alignleft size-medium wp-image-1600\" src=\"http:\/\/site.astrofoto.com.pt\/welcome\/wp-content\/uploads\/2016\/10\/t3-1-273x300.jpg\" alt=\"t3\" width=\"273\" height=\"300\" srcset=\"https:\/\/site.astrofoto.com.pt\/welcome\/wp-content\/uploads\/2016\/10\/t3-1-273x300.jpg 273w, https:\/\/site.astrofoto.com.pt\/welcome\/wp-content\/uploads\/2016\/10\/t3-1-450x495.jpg 450w, https:\/\/site.astrofoto.com.pt\/welcome\/wp-content\/uploads\/2016\/10\/t3-1-300x330.jpg 300w, https:\/\/site.astrofoto.com.pt\/welcome\/wp-content\/uploads\/2016\/10\/t3-1.jpg 500w\" sizes=\"(max-width: 273px) 100vw, 273px\" \/><\/a><\/p>\n<hr \/>\n<p>Telescopio GSO Ritchey Chretien 10&#8243; f\/8 <u><strong>\u2022 Genuino R\/C com prim\u00e1rio e secund\u00e1rio hiperb\u00f3licos<br \/>\n<\/strong><\/u><\/p>\n<p>\u2022 Abertura: 254mm.<br \/>\n\u2022 Focal: 2000mm.<br \/>\n\u2022 Rela\u00e7\u00e3o focal: f\/8<br \/>\n\u2022 \u00d3tica do Primario: Quartzo &#8211; precis\u00e3o inferior a 1\/12 Lambda<br \/>\n\u2022 \u00d3tica do Secundario: Quartzo com 99% de cobertura (Dielectrico). Obstru\u00e7\u00e3o central:112mm<br \/>\n\u2022 Focador: 3&#8243; rotativo em\u00a0360\u00ba com microfocus 1:10.Inclui redutores a 2&#8243;\u00a0e 1,25&#8243;<br \/>\n\u2022 Peso do tubo:\u00a015,7kg.<br \/>\n\u2022 Inclui dovetail tipo losmandy<\/p>\n<p><strong>\u2022 Baffles otimizados\u00a0\u00a0\u00a0\u00a0\u00a0\u00a0\u00a0\u00a0\u00a0\u00a0\u2022 arrefecimento do primario<\/strong><\/p>\n<p><a href=\"http:\/\/astrofoto.com.pt\/imagenscatalogo\/GSO\/gso_RC10Carb01.gif\"><img decoding=\"async\" src=\"http:\/\/astrofoto.com.pt\/imagenscatalogo\/GSO\/gso_RC10Carb01s.gif\" alt=\"buffles\" width=\"82\" height=\"69\" \/><\/a>\u00a0\u00a0\u00a0\u00a0\u00a0\u00a0\u00a0\u00a0\u00a0\u00a0\u00a0\u00a0\u00a0\u00a0\u00a0\u00a0 <a href=\"http:\/\/astrofoto.com.pt\/imagenscatalogo\/GSO\/gso_ventoinha.jpg\"><img decoding=\"async\" src=\"http:\/\/astrofoto.com.pt\/imagenscatalogo\/GSO\/gso_ventoinhas.jpg\" alt=\"ventoinhas\" width=\"82\" height=\"75\" \/><\/a><\/p>\n<p>&nbsp;<\/p>\n","protected":false},"excerpt":{"rendered":"<p>Telescopio GSO Ritchey Chretien 10&#8243; f\/8 \u2022 Genuino R\/C com prim\u00e1rio e secund\u00e1rio hiperb\u00f3licos \u2022 Abertura: 254mm. \u2022 Focal: 2000mm. \u2022 Rela\u00e7\u00e3o focal: f\/8 \u2022 \u00d3tica do Primario: Quartzo &#8211; precis\u00e3o inferior a 1\/12 Lambda \u2022 \u00d3tica do Secundario: Quartzo com 99% de cobertura (Dielectrico). Obstru\u00e7\u00e3o central:112mm \u2022 Focador: 3&#8243; rotativo em\u00a0360\u00ba com microfocus 1:10.Inclui<\/p>\n<div class=\"more-link\">\n\t\t\t\t <a href=\"https:\/\/site.astrofoto.com.pt\/welcome\/produto\/gso-ritchey-chretien-10\/\" class=\"btn theme-btn inverted\"><span>Continuar a Ler <\/span><\/a>\n\t\t\t<\/div>\n","protected":false},"featured_media":1600,"comment_status":"open","ping_status":"closed","template":"","meta":[],"product_brand":[],"product_cat":[17],"product_tag":[],"class_list":{"0":"post-1599","1":"product","2":"type-product","3":"status-publish","4":"has-post-thumbnail","6":"product_cat-telescopios-catadioptricos","8":"first","9":"onbackorder","10":"shipping-taxable","11":"purchasable","12":"product-type-simple"},"_links":{"self":[{"href":"https:\/\/site.astrofoto.com.pt\/welcome\/wp-json\/wp\/v2\/product\/1599","targetHints":{"allow":["GET"]}}],"collection":[{"href":"https:\/\/site.astrofoto.com.pt\/welcome\/wp-json\/wp\/v2\/product"}],"about":[{"href":"https:\/\/site.astrofoto.com.pt\/welcome\/wp-json\/wp\/v2\/types\/product"}],"replies":[{"embeddable":true,"href":"https:\/\/site.astrofoto.com.pt\/welcome\/wp-json\/wp\/v2\/comments?post=1599"}],"wp:featuredmedia":[{"embeddable":true,"href":"https:\/\/site.astrofoto.com.pt\/welcome\/wp-json\/wp\/v2\/media\/1600"}],"wp:attachment":[{"href":"https:\/\/site.astrofoto.com.pt\/welcome\/wp-json\/wp\/v2\/media?parent=1599"}],"wp:term":[{"taxonomy":"product_brand","embeddable":true,"href":"https:\/\/site.astrofoto.com.pt\/welcome\/wp-json\/wp\/v2\/product_brand?post=1599"},{"taxonomy":"product_cat","embeddable":true,"href":"https:\/\/site.astrofoto.com.pt\/welcome\/wp-json\/wp\/v2\/product_cat?post=1599"},{"taxonomy":"product_tag","embeddable":true,"href":"https:\/\/site.astrofoto.com.pt\/welcome\/wp-json\/wp\/v2\/product_tag?post=1599"}],"curies":[{"name":"wp","href":"https:\/\/api.w.org\/{rel}","templated":true}]}}