{"id":1595,"date":"2016-10-25T18:59:58","date_gmt":"2016-10-25T18:59:58","guid":{"rendered":"http:\/\/site.astrofoto.com.pt\/welcome\/?post_type=product&#038;p=1595"},"modified":"2016-10-25T18:59:58","modified_gmt":"2016-10-25T18:59:58","slug":"gso-ritchey-chretien-6","status":"publish","type":"product","link":"https:\/\/site.astrofoto.com.pt\/welcome\/produto\/gso-ritchey-chretien-6\/","title":{"rendered":"GSO Ritchey Chretien 6&#8243;"},"content":{"rendered":"<p><a href=\"http:\/\/site.astrofoto.com.pt\/welcome\/wp-content\/uploads\/2016\/10\/t1-1.jpg\"><img fetchpriority=\"high\" decoding=\"async\" class=\"alignleft size-medium wp-image-1596\" src=\"http:\/\/site.astrofoto.com.pt\/welcome\/wp-content\/uploads\/2016\/10\/t1-1-300x236.jpg\" alt=\"t1\" width=\"300\" height=\"236\" srcset=\"https:\/\/site.astrofoto.com.pt\/welcome\/wp-content\/uploads\/2016\/10\/t1-1-300x236.jpg 300w, https:\/\/site.astrofoto.com.pt\/welcome\/wp-content\/uploads\/2016\/10\/t1-1-150x118.jpg 150w, https:\/\/site.astrofoto.com.pt\/welcome\/wp-content\/uploads\/2016\/10\/t1-1.jpg 400w\" sizes=\"(max-width: 300px) 100vw, 300px\" \/><\/a><\/p>\n<p>Telescopio GSO Ritchey Chretien 6&#8243; f\/9<\/p>\n<p><u><strong>\u2022 Genuino R\/C com prim\u00e1rio e secund\u00e1rio hiperb\u00f3licos<br \/>\n<\/strong><\/u><\/p>\n<p>\u2022 Abertura: 152mm.<br \/>\n\u2022 Focal: 1370mm.<br \/>\n\u2022 Rela\u00e7\u00e3o focal: f\/89<br \/>\n\u2022 \u00d3tica do Primario: BK7 &#8211; precis\u00e3o inferior a 1\/12 Lambda com 99% de cobertura (Dielectrico)<br \/>\n\u2022 \u00d3tica do Secundario:\u00a0BK7 com 99% de cobertura (Dielectrico). Obstru\u00e7\u00e3o central: 77mm<br \/>\n\u2022 Focador:\u00a0Crayford 2&#8243;\u00a0com microfocus 1:10.Inclui redutor a 1,25&#8243;<br \/>\n\u2022 Peso do tubo:\u00a05,4kg.<br \/>\n\u2022 Inclui dovetail tipo Vixen<\/p>\n<p class=\"style1\">** os portes dos telesc\u00f3pios n\u00e3o est\u00e3o incluidos na taxa de 5 \u20ac:<br \/>\n<a href=\"http:\/\/astrofoto.com.pt\/envios.htm\"><span style=\"color: #ff6500;\">http:\/\/astrofoto.com.pt\/envios.htm<\/span><\/a><\/p>\n<p><strong>\u2022 Baffles otimizados\u00a0\u00a0\u00a0\u00a0\u00a0\u00a0\u00a0\u00a0\u00a0\u2022\u00a0Focador Crayford 2 velocidades\u00a0\u00a0\u00a0\u00a0\u00a0<\/strong><\/p>\n<p><a href=\"http:\/\/astrofoto.com.pt\/imagenscatalogo\/GSO\/gso_RC10Carb01.gif\"><img decoding=\"async\" src=\"http:\/\/astrofoto.com.pt\/imagenscatalogo\/GSO\/gso_RC10Carb01s.gif\" alt=\"buffles\" width=\"66\" height=\"54\" \/><\/a>\u00a0\u00a0\u00a0\u00a0\u00a0\u00a0\u00a0\u00a0\u00a0\u00a0\u00a0\u00a0\u00a0\u00a0\u00a0\u00a0 <a href=\"http:\/\/astrofoto.com.pt\/imagenscatalogo\/GSO\/GSO_Crayford.jpg\"><img decoding=\"async\" src=\"http:\/\/astrofoto.com.pt\/imagenscatalogo\/GSO\/GSO_Crayfords.jpg\" alt=\"crayford\" width=\"55\" height=\"56\" \/><\/a><\/p>\n","protected":false},"excerpt":{"rendered":"<p>Telescopio GSO Ritchey Chretien 6&#8243; f\/9 \u2022 Genuino R\/C com prim\u00e1rio e secund\u00e1rio hiperb\u00f3licos \u2022 Abertura: 152mm. \u2022 Focal: 1370mm. \u2022 Rela\u00e7\u00e3o focal: f\/89 \u2022 \u00d3tica do Primario: BK7 &#8211; precis\u00e3o inferior a 1\/12 Lambda com 99% de cobertura (Dielectrico) \u2022 \u00d3tica do Secundario:\u00a0BK7 com 99% de cobertura (Dielectrico). Obstru\u00e7\u00e3o central: 77mm \u2022 Focador:\u00a0Crayford 2&#8243;\u00a0com<\/p>\n<div class=\"more-link\">\n\t\t\t\t <a href=\"https:\/\/site.astrofoto.com.pt\/welcome\/produto\/gso-ritchey-chretien-6\/\" class=\"btn theme-btn inverted\"><span>Continuar a Ler <\/span><\/a>\n\t\t\t<\/div>\n","protected":false},"featured_media":1596,"comment_status":"open","ping_status":"closed","template":"","meta":[],"product_brand":[],"product_cat":[17],"product_tag":[],"class_list":{"0":"post-1595","1":"product","2":"type-product","3":"status-publish","4":"has-post-thumbnail","6":"product_cat-telescopios-catadioptricos","8":"first","9":"onbackorder","10":"shipping-taxable","11":"purchasable","12":"product-type-simple"},"_links":{"self":[{"href":"https:\/\/site.astrofoto.com.pt\/welcome\/wp-json\/wp\/v2\/product\/1595","targetHints":{"allow":["GET"]}}],"collection":[{"href":"https:\/\/site.astrofoto.com.pt\/welcome\/wp-json\/wp\/v2\/product"}],"about":[{"href":"https:\/\/site.astrofoto.com.pt\/welcome\/wp-json\/wp\/v2\/types\/product"}],"replies":[{"embeddable":true,"href":"https:\/\/site.astrofoto.com.pt\/welcome\/wp-json\/wp\/v2\/comments?post=1595"}],"wp:featuredmedia":[{"embeddable":true,"href":"https:\/\/site.astrofoto.com.pt\/welcome\/wp-json\/wp\/v2\/media\/1596"}],"wp:attachment":[{"href":"https:\/\/site.astrofoto.com.pt\/welcome\/wp-json\/wp\/v2\/media?parent=1595"}],"wp:term":[{"taxonomy":"product_brand","embeddable":true,"href":"https:\/\/site.astrofoto.com.pt\/welcome\/wp-json\/wp\/v2\/product_brand?post=1595"},{"taxonomy":"product_cat","embeddable":true,"href":"https:\/\/site.astrofoto.com.pt\/welcome\/wp-json\/wp\/v2\/product_cat?post=1595"},{"taxonomy":"product_tag","embeddable":true,"href":"https:\/\/site.astrofoto.com.pt\/welcome\/wp-json\/wp\/v2\/product_tag?post=1595"}],"curies":[{"name":"wp","href":"https:\/\/api.w.org\/{rel}","templated":true}]}}