{"id":1588,"date":"2016-10-25T18:27:50","date_gmt":"2016-10-25T18:27:50","guid":{"rendered":"http:\/\/site.astrofoto.com.pt\/welcome\/?post_type=product&#038;p=1588"},"modified":"2025-10-15T18:27:30","modified_gmt":"2025-10-15T18:27:30","slug":"rolamentos-para-dobson-3","status":"publish","type":"product","link":"https:\/\/site.astrofoto.com.pt\/welcome\/produto\/rolamentos-para-dobson-3\/","title":{"rendered":"Rolamentos para Dobson"},"content":{"rendered":"<p>&nbsp;<\/p>\n<p><strong>PLACA DE ROLAMENTOS PARA MONTAGENS DOBSON de 8&#8243; a 16&#8243;<\/strong><\/p>\n<p>\u2022 rolamentos de rolo<br \/>\n\u2022 di\u00e2metro de 32mm<br \/>\n\u2022 duas chapas de a\u00e7o com rolamentos no interior<br \/>\n\u2022 orif\u00edcio central para parafusos de 12mm de di\u00e2metro<\/p>\n<p>* coloca-se entre as placas de madeira girat\u00f3rias substituindo os &#8220;teflons&#8221;<br \/>\n* os rolamentos n\u00e3o contactam com a madeira<br \/>\n* extrema facilidade de desloca\u00e7\u00e3o pois \u00e9 possivel o ajuste de press\u00e3o<\/p>\n","protected":false},"excerpt":{"rendered":"<p>&nbsp; PLACA DE ROLAMENTOS PARA MONTAGENS DOBSON de 8&#8243; a 16&#8243; \u2022 rolamentos de rolo \u2022 di\u00e2metro de 32mm \u2022 duas chapas de a\u00e7o com rolamentos no interior \u2022 orif\u00edcio central para parafusos de 12mm de di\u00e2metro * coloca-se entre as placas de madeira girat\u00f3rias substituindo os &#8220;teflons&#8221; * os rolamentos n\u00e3o contactam com a<\/p>\n<div class=\"more-link\">\n\t\t\t\t <a href=\"https:\/\/site.astrofoto.com.pt\/welcome\/produto\/rolamentos-para-dobson-3\/\" class=\"btn theme-btn inverted\"><span>Continuar a Ler <\/span><\/a>\n\t\t\t<\/div>\n","protected":false},"featured_media":1589,"comment_status":"open","ping_status":"closed","template":"","meta":[],"product_brand":[],"product_cat":[29],"product_tag":[],"class_list":{"0":"post-1588","1":"product","2":"type-product","3":"status-publish","4":"has-post-thumbnail","6":"product_cat-acessorios","8":"first","9":"instock","10":"sale","11":"shipping-taxable","12":"purchasable","13":"product-type-simple"},"_links":{"self":[{"href":"https:\/\/site.astrofoto.com.pt\/welcome\/wp-json\/wp\/v2\/product\/1588","targetHints":{"allow":["GET"]}}],"collection":[{"href":"https:\/\/site.astrofoto.com.pt\/welcome\/wp-json\/wp\/v2\/product"}],"about":[{"href":"https:\/\/site.astrofoto.com.pt\/welcome\/wp-json\/wp\/v2\/types\/product"}],"replies":[{"embeddable":true,"href":"https:\/\/site.astrofoto.com.pt\/welcome\/wp-json\/wp\/v2\/comments?post=1588"}],"wp:featuredmedia":[{"embeddable":true,"href":"https:\/\/site.astrofoto.com.pt\/welcome\/wp-json\/wp\/v2\/media\/1589"}],"wp:attachment":[{"href":"https:\/\/site.astrofoto.com.pt\/welcome\/wp-json\/wp\/v2\/media?parent=1588"}],"wp:term":[{"taxonomy":"product_brand","embeddable":true,"href":"https:\/\/site.astrofoto.com.pt\/welcome\/wp-json\/wp\/v2\/product_brand?post=1588"},{"taxonomy":"product_cat","embeddable":true,"href":"https:\/\/site.astrofoto.com.pt\/welcome\/wp-json\/wp\/v2\/product_cat?post=1588"},{"taxonomy":"product_tag","embeddable":true,"href":"https:\/\/site.astrofoto.com.pt\/welcome\/wp-json\/wp\/v2\/product_tag?post=1588"}],"curies":[{"name":"wp","href":"https:\/\/api.w.org\/{rel}","templated":true}]}}