{"id":1574,"date":"2016-10-25T17:55:08","date_gmt":"2016-10-25T17:55:08","guid":{"rendered":"http:\/\/site.astrofoto.com.pt\/welcome\/?post_type=product&#038;p=1574"},"modified":"2021-07-22T09:44:41","modified_gmt":"2021-07-22T09:44:41","slug":"astromaster-130eq","status":"publish","type":"product","link":"https:\/\/site.astrofoto.com.pt\/welcome\/produto\/astromaster-130eq\/","title":{"rendered":"AstroMaster 130EQ"},"content":{"rendered":"<p><a href=\"http:\/\/site.astrofoto.com.pt\/welcome\/wp-content\/uploads\/2016\/10\/c2.gif\"><img decoding=\"async\" class=\"alignleft size-medium wp-image-1575\" src=\"http:\/\/site.astrofoto.com.pt\/welcome\/wp-content\/uploads\/2016\/10\/c2-150x300.gif\" alt=\"c2\" width=\"150\" height=\"300\" srcset=\"https:\/\/site.astrofoto.com.pt\/welcome\/wp-content\/uploads\/2016\/10\/c2-150x301.gif 150w, https:\/\/site.astrofoto.com.pt\/welcome\/wp-content\/uploads\/2016\/10\/c2-300x602.gif 300w\" sizes=\"(max-width: 150px) 100vw, 150px\" \/><\/a><\/p>\n<p>\u2022 Abertura:130mm<br \/>\n\u2022 Dist\u00e2ncia focal:\u00a0650mm<br \/>\n\u2022 Raz\u00e3o Focal: f\/5<br \/>\n\u2022 Trip\u00e9 em alum\u00ednio<br \/>\n\u2022 Montagem equatorial alem\u00e3 CG-3<br \/>\n\u2022 Oculares: 10mm (65x) e 20mm (33x)<br \/>\n\u2022 Buscador de ponto vermelho (Red dot)<br \/>\n\u2022 Programa CD-Rom TheSky n\u00edvel1<\/p>\n<p>&nbsp;<\/p>\n<p>** os portes dos telesc\u00f3pios n\u00e3o est\u00e3o incluidos na taxa de 7Euros<\/p>\n<p>&nbsp;<\/p>\n","protected":false},"excerpt":{"rendered":"<p>\u2022 Abertura:130mm \u2022 Dist\u00e2ncia focal:\u00a0650mm \u2022 Raz\u00e3o Focal: f\/5 \u2022 Trip\u00e9 em alum\u00ednio \u2022 Montagem equatorial alem\u00e3 CG-3 \u2022 Oculares: 10mm (65x) e 20mm (33x) \u2022 Buscador de ponto vermelho (Red dot) \u2022 Programa CD-Rom TheSky n\u00edvel1 &nbsp; ** os portes dos telesc\u00f3pios n\u00e3o est\u00e3o incluidos na taxa de 7Euros &nbsp;<\/p>\n","protected":false},"featured_media":1575,"comment_status":"open","ping_status":"closed","template":"","meta":[],"product_brand":[],"product_cat":[15],"product_tag":[],"class_list":{"0":"post-1574","1":"product","2":"type-product","3":"status-publish","4":"has-post-thumbnail","6":"product_cat-telescopios-reflectores","8":"first","9":"onbackorder","10":"shipping-taxable","11":"purchasable","12":"product-type-simple"},"_links":{"self":[{"href":"https:\/\/site.astrofoto.com.pt\/welcome\/wp-json\/wp\/v2\/product\/1574","targetHints":{"allow":["GET"]}}],"collection":[{"href":"https:\/\/site.astrofoto.com.pt\/welcome\/wp-json\/wp\/v2\/product"}],"about":[{"href":"https:\/\/site.astrofoto.com.pt\/welcome\/wp-json\/wp\/v2\/types\/product"}],"replies":[{"embeddable":true,"href":"https:\/\/site.astrofoto.com.pt\/welcome\/wp-json\/wp\/v2\/comments?post=1574"}],"wp:featuredmedia":[{"embeddable":true,"href":"https:\/\/site.astrofoto.com.pt\/welcome\/wp-json\/wp\/v2\/media\/1575"}],"wp:attachment":[{"href":"https:\/\/site.astrofoto.com.pt\/welcome\/wp-json\/wp\/v2\/media?parent=1574"}],"wp:term":[{"taxonomy":"product_brand","embeddable":true,"href":"https:\/\/site.astrofoto.com.pt\/welcome\/wp-json\/wp\/v2\/product_brand?post=1574"},{"taxonomy":"product_cat","embeddable":true,"href":"https:\/\/site.astrofoto.com.pt\/welcome\/wp-json\/wp\/v2\/product_cat?post=1574"},{"taxonomy":"product_tag","embeddable":true,"href":"https:\/\/site.astrofoto.com.pt\/welcome\/wp-json\/wp\/v2\/product_tag?post=1574"}],"curies":[{"name":"wp","href":"https:\/\/api.w.org\/{rel}","templated":true}]}}