{"id":1572,"date":"2016-10-25T15:51:32","date_gmt":"2016-10-25T15:51:32","guid":{"rendered":"http:\/\/site.astrofoto.com.pt\/welcome\/?post_type=product&#038;p=1572"},"modified":"2016-10-25T15:51:32","modified_gmt":"2016-10-25T15:51:32","slug":"ocular-de-teste-ronchi","status":"publish","type":"product","link":"https:\/\/site.astrofoto.com.pt\/welcome\/produto\/ocular-de-teste-ronchi\/","title":{"rendered":"Ocular de teste Ronchi"},"content":{"rendered":"<p><a href=\"http:\/\/site.astrofoto.com.pt\/welcome\/wp-content\/uploads\/2016\/10\/Ronchi_ocular.jpg\"><img fetchpriority=\"high\" decoding=\"async\" class=\"alignleft size-medium wp-image-1573\" src=\"http:\/\/site.astrofoto.com.pt\/welcome\/wp-content\/uploads\/2016\/10\/Ronchi_ocular-300x256.jpg\" alt=\"ronchi_ocular\" width=\"300\" height=\"256\" srcset=\"https:\/\/site.astrofoto.com.pt\/welcome\/wp-content\/uploads\/2016\/10\/Ronchi_ocular-300x256.jpg 300w, https:\/\/site.astrofoto.com.pt\/welcome\/wp-content\/uploads\/2016\/10\/Ronchi_ocular-450x385.jpg 450w, https:\/\/site.astrofoto.com.pt\/welcome\/wp-content\/uploads\/2016\/10\/Ronchi_ocular.jpg 537w\" sizes=\"(max-width: 300px) 100vw, 300px\" \/><\/a><strong>Ocular de teste Ronchi<\/strong><\/p>\n<p>\u2022 Permite testar a qualidade \u00f3ptica do seu telescopio<\/p>\n<p>\u2022 As linhas devem ficar equi-distantes e paralelas<\/p>\n<p>\u2022 As aberra\u00e7\u00f5es esf\u00e9ricas s\u00e3o imediatamente detectadas<\/p>\n<p>\u2022\u00a0 A colima\u00e7\u00e3o torna-se mais f\u00e1cil<\/p>\n","protected":false},"excerpt":{"rendered":"<p>Ocular de teste Ronchi \u2022 Permite testar a qualidade \u00f3ptica do seu telescopio \u2022 As linhas devem ficar equi-distantes e paralelas \u2022 As aberra\u00e7\u00f5es esf\u00e9ricas s\u00e3o imediatamente detectadas \u2022\u00a0 A colima\u00e7\u00e3o torna-se mais f\u00e1cil<\/p>\n","protected":false},"featured_media":1573,"comment_status":"open","ping_status":"closed","template":"","meta":[],"product_brand":[],"product_cat":[29,31],"product_tag":[],"class_list":{"0":"post-1572","1":"product","2":"type-product","3":"status-publish","4":"has-post-thumbnail","6":"product_cat-acessorios","7":"product_cat-miscelanea","9":"first","10":"onbackorder","11":"shipping-taxable","12":"purchasable","13":"product-type-simple"},"_links":{"self":[{"href":"https:\/\/site.astrofoto.com.pt\/welcome\/wp-json\/wp\/v2\/product\/1572","targetHints":{"allow":["GET"]}}],"collection":[{"href":"https:\/\/site.astrofoto.com.pt\/welcome\/wp-json\/wp\/v2\/product"}],"about":[{"href":"https:\/\/site.astrofoto.com.pt\/welcome\/wp-json\/wp\/v2\/types\/product"}],"replies":[{"embeddable":true,"href":"https:\/\/site.astrofoto.com.pt\/welcome\/wp-json\/wp\/v2\/comments?post=1572"}],"wp:featuredmedia":[{"embeddable":true,"href":"https:\/\/site.astrofoto.com.pt\/welcome\/wp-json\/wp\/v2\/media\/1573"}],"wp:attachment":[{"href":"https:\/\/site.astrofoto.com.pt\/welcome\/wp-json\/wp\/v2\/media?parent=1572"}],"wp:term":[{"taxonomy":"product_brand","embeddable":true,"href":"https:\/\/site.astrofoto.com.pt\/welcome\/wp-json\/wp\/v2\/product_brand?post=1572"},{"taxonomy":"product_cat","embeddable":true,"href":"https:\/\/site.astrofoto.com.pt\/welcome\/wp-json\/wp\/v2\/product_cat?post=1572"},{"taxonomy":"product_tag","embeddable":true,"href":"https:\/\/site.astrofoto.com.pt\/welcome\/wp-json\/wp\/v2\/product_tag?post=1572"}],"curies":[{"name":"wp","href":"https:\/\/api.w.org\/{rel}","templated":true}]}}