{"id":1542,"date":"2016-10-24T17:54:14","date_gmt":"2016-10-24T17:54:14","guid":{"rendered":"http:\/\/site.astrofoto.com.pt\/welcome\/?post_type=product&#038;p=1542"},"modified":"2021-11-06T12:19:38","modified_gmt":"2021-11-06T11:19:38","slug":"astromaster-114eq","status":"publish","type":"product","link":"https:\/\/site.astrofoto.com.pt\/welcome\/produto\/astromaster-114eq\/","title":{"rendered":"AstroMaster 114EQ"},"content":{"rendered":"<p><a href=\"http:\/\/site.astrofoto.com.pt\/welcome\/wp-content\/uploads\/2016\/10\/C114EQ.jpg\"><img fetchpriority=\"high\" decoding=\"async\" class=\"alignleft size-medium wp-image-1549\" src=\"http:\/\/site.astrofoto.com.pt\/welcome\/wp-content\/uploads\/2016\/10\/C114EQ-252x300.jpg\" alt=\"c114eq\" width=\"252\" height=\"300\" srcset=\"https:\/\/site.astrofoto.com.pt\/welcome\/wp-content\/uploads\/2016\/10\/C114EQ-252x300.jpg 252w, https:\/\/site.astrofoto.com.pt\/welcome\/wp-content\/uploads\/2016\/10\/C114EQ-150x178.jpg 150w, https:\/\/site.astrofoto.com.pt\/welcome\/wp-content\/uploads\/2016\/10\/C114EQ-300x357.jpg 300w, https:\/\/site.astrofoto.com.pt\/welcome\/wp-content\/uploads\/2016\/10\/C114EQ.jpg 349w\" sizes=\"(max-width: 252px) 100vw, 252px\" \/><\/a><\/p>\n<p>\u2022 Abertura:114mm<br \/>\n\u2022 Dist\u00e2ncia focal:\u00a01000mm<br \/>\n\u2022 Raz\u00e3o Focal: f\/9<br \/>\n\u2022 Trip\u00e9 em alum\u00ednio<br \/>\n\u2022 Montagem equatorial alem\u00e3 CG-4<br \/>\n\u2022 Oculares: 10mm (100x) e 20mm (50x)<br \/>\n\u2022 Diagonal 90\u00ba<br \/>\n\u2022 Buscador StarPointer<br \/>\n\u2022 Programa CD-Rom TheSky n\u00edvel1<\/p>\n<p>&nbsp;<\/p>\n<p>** os portes dos telesc\u00f3pios n\u00e3o est\u00e3o incluidos na taxa de 5E :<\/p>\n<p><a href=\"http:\/\/astrofoto.com.pt\/envios.htm\">http:\/\/astrofoto.com.pt\/envios.htm<\/a><\/p>\n","protected":false},"excerpt":{"rendered":"<p>\u2022 Abertura:114mm \u2022 Dist\u00e2ncia focal:\u00a01000mm \u2022 Raz\u00e3o Focal: f\/9 \u2022 Trip\u00e9 em alum\u00ednio \u2022 Montagem equatorial alem\u00e3 CG-4 \u2022 Oculares: 10mm (100x) e 20mm (50x) \u2022 Diagonal 90\u00ba \u2022 Buscador StarPointer \u2022 Programa CD-Rom TheSky n\u00edvel1 &nbsp; ** os portes dos telesc\u00f3pios n\u00e3o est\u00e3o incluidos na taxa de 5E : http:\/\/astrofoto.com.pt\/envios.htm<\/p>\n","protected":false},"featured_media":1549,"comment_status":"open","ping_status":"closed","template":"","meta":[],"product_brand":[],"product_cat":[15],"product_tag":[],"class_list":{"0":"post-1542","1":"product","2":"type-product","3":"status-publish","4":"has-post-thumbnail","6":"product_cat-telescopios-reflectores","8":"first","9":"onbackorder","10":"shipping-taxable","11":"purchasable","12":"product-type-simple"},"_links":{"self":[{"href":"https:\/\/site.astrofoto.com.pt\/welcome\/wp-json\/wp\/v2\/product\/1542","targetHints":{"allow":["GET"]}}],"collection":[{"href":"https:\/\/site.astrofoto.com.pt\/welcome\/wp-json\/wp\/v2\/product"}],"about":[{"href":"https:\/\/site.astrofoto.com.pt\/welcome\/wp-json\/wp\/v2\/types\/product"}],"replies":[{"embeddable":true,"href":"https:\/\/site.astrofoto.com.pt\/welcome\/wp-json\/wp\/v2\/comments?post=1542"}],"wp:featuredmedia":[{"embeddable":true,"href":"https:\/\/site.astrofoto.com.pt\/welcome\/wp-json\/wp\/v2\/media\/1549"}],"wp:attachment":[{"href":"https:\/\/site.astrofoto.com.pt\/welcome\/wp-json\/wp\/v2\/media?parent=1542"}],"wp:term":[{"taxonomy":"product_brand","embeddable":true,"href":"https:\/\/site.astrofoto.com.pt\/welcome\/wp-json\/wp\/v2\/product_brand?post=1542"},{"taxonomy":"product_cat","embeddable":true,"href":"https:\/\/site.astrofoto.com.pt\/welcome\/wp-json\/wp\/v2\/product_cat?post=1542"},{"taxonomy":"product_tag","embeddable":true,"href":"https:\/\/site.astrofoto.com.pt\/welcome\/wp-json\/wp\/v2\/product_tag?post=1542"}],"curies":[{"name":"wp","href":"https:\/\/api.w.org\/{rel}","templated":true}]}}