{"id":1506,"date":"2016-10-21T18:49:49","date_gmt":"2016-10-21T18:49:49","guid":{"rendered":"http:\/\/site.astrofoto.com.pt\/welcome\/?post_type=product&#038;p=1506"},"modified":"2024-06-10T12:45:46","modified_gmt":"2024-06-10T12:45:46","slug":"telescopio-sw-dobson-12-goto-2","status":"publish","type":"product","link":"https:\/\/site.astrofoto.com.pt\/welcome\/produto\/telescopio-sw-dobson-12-goto-2\/","title":{"rendered":"Telescopio SW Dobson Flex Tube 12&#8243; GOTO Wi-Fi"},"content":{"rendered":"<p><strong>Telescopio SW Dobson Flex Tube 12&#8243; GOTO Wi-Fi<\/strong><\/p>\n<p>\u25baAgora: placa wifi integrada para condu\u00e7\u00e3o por smartphone com a aplica\u00e7\u00e3o gratuita Synscan app (android e IOS)<\/p>\n<p class=\"style10\"><strong>TUBO EXTENS\u00cdVEL (sem desmontar)<\/strong><br \/>\n\u2022diametro: 305mm (12&#8243;)<br \/>\n\u2022focal: 1500mm f\/4.5<br \/>\n\u2022 montagem: Dobson GOTO<br \/>\n\u2022 Base de dados com + de 42.900 objectos catalogo Messier, NGC e IC + 25 utilizador<br \/>\n\u2022 Velocidades: 1.0X, 2.0X, 8X, 16X, 32X, 200X, 400X, 600X, 800X, 1000X<br \/>\n\u2022 seguimento: Sideral, Lunar e Solar<br \/>\n\u2022 precis\u00e3o dos encoders:<br \/>\nMotor: 1.620.000 pontos\/volta<br \/>\nEixo principal: 11.748 pontos\/volta<br \/>\n\u2022 focador: Crayford 2&#8243; \/ 1,25&#8243;<br \/>\n\u2022 Rosca T<br \/>\n\u2022 oculares: S10mm e S20mm<br \/>\n\u2022 buscador: 8&#215;50<br \/>\n\u2022 alimenta\u00e7\u00e3o: 10 a 15 V DC 1Amp, jack 2.1mm (positivo ao centro)<br \/>\n\u2022 peso: OTA 15 Kg Base 20Kg<\/p>\n<p>\u25baAgora: placa wifi integrada para condu\u00e7\u00e3o por smartphone com a APP gratuita Synscan app (android e IOS)<br \/>\n\u25ba Isso \u00e9 feito por meio da WLAN (WiFi) integrada. A montagem gera um sinal Wi-Fi que permite a liga\u00e7\u00e3o ao seu smartphone ou tablet. Pode controlar o telesc\u00f3pio via aplicativo SynScan do Skywatcher para Android ou via iOS.<br \/>\n\u25ba linguagem multipla (portugues)<\/p>\n<p>&nbsp;<\/p>\n<p class=\"style10\"><a href=\"https:\/\/www.youtube.com\/watch?list=UUtHZCaleDdCljM3hbFFXwLg&amp;v=XW8nRe_-LyE\"><u><strong>\u2022VIDEO<\/strong><\/u><\/a><\/p>\n<p class=\"style1\">\n","protected":false},"excerpt":{"rendered":"<p>Telescopio SW Dobson Flex Tube 12&#8243; GOTO Wi-Fi \u25baAgora: placa wifi integrada para condu\u00e7\u00e3o por smartphone com a aplica\u00e7\u00e3o gratuita Synscan app (android e IOS) TUBO EXTENS\u00cdVEL (sem desmontar) \u2022diametro: 305mm (12&#8243;) \u2022focal: 1500mm f\/4.5 \u2022 montagem: Dobson GOTO \u2022 Base de dados com + de 42.900 objectos catalogo Messier, NGC e IC + 25<\/p>\n<div class=\"more-link\">\n\t\t\t\t <a href=\"https:\/\/site.astrofoto.com.pt\/welcome\/produto\/telescopio-sw-dobson-12-goto-2\/\" class=\"btn theme-btn inverted\"><span>Continuar a Ler <\/span><\/a>\n\t\t\t<\/div>\n","protected":false},"featured_media":8364,"comment_status":"open","ping_status":"closed","template":"","meta":[],"product_brand":[],"product_cat":[92,15],"product_tag":[],"class_list":{"0":"post-1506","1":"product","2":"type-product","3":"status-publish","4":"has-post-thumbnail","6":"product_cat-swpromo","7":"product_cat-telescopios-reflectores","9":"first","10":"onbackorder","11":"sale","12":"shipping-taxable","13":"purchasable","14":"product-type-simple"},"_links":{"self":[{"href":"https:\/\/site.astrofoto.com.pt\/welcome\/wp-json\/wp\/v2\/product\/1506","targetHints":{"allow":["GET"]}}],"collection":[{"href":"https:\/\/site.astrofoto.com.pt\/welcome\/wp-json\/wp\/v2\/product"}],"about":[{"href":"https:\/\/site.astrofoto.com.pt\/welcome\/wp-json\/wp\/v2\/types\/product"}],"replies":[{"embeddable":true,"href":"https:\/\/site.astrofoto.com.pt\/welcome\/wp-json\/wp\/v2\/comments?post=1506"}],"wp:featuredmedia":[{"embeddable":true,"href":"https:\/\/site.astrofoto.com.pt\/welcome\/wp-json\/wp\/v2\/media\/8364"}],"wp:attachment":[{"href":"https:\/\/site.astrofoto.com.pt\/welcome\/wp-json\/wp\/v2\/media?parent=1506"}],"wp:term":[{"taxonomy":"product_brand","embeddable":true,"href":"https:\/\/site.astrofoto.com.pt\/welcome\/wp-json\/wp\/v2\/product_brand?post=1506"},{"taxonomy":"product_cat","embeddable":true,"href":"https:\/\/site.astrofoto.com.pt\/welcome\/wp-json\/wp\/v2\/product_cat?post=1506"},{"taxonomy":"product_tag","embeddable":true,"href":"https:\/\/site.astrofoto.com.pt\/welcome\/wp-json\/wp\/v2\/product_tag?post=1506"}],"curies":[{"name":"wp","href":"https:\/\/api.w.org\/{rel}","templated":true}]}}