{"id":1502,"date":"2016-10-21T18:41:46","date_gmt":"2016-10-21T18:41:46","guid":{"rendered":"http:\/\/site.astrofoto.com.pt\/welcome\/?post_type=product&#038;p=1502"},"modified":"2025-08-14T19:48:24","modified_gmt":"2025-08-14T19:48:24","slug":"telescopio-sw-dobson-10-goto-2","status":"publish","type":"product","link":"https:\/\/site.astrofoto.com.pt\/welcome\/produto\/telescopio-sw-dobson-10-goto-2\/","title":{"rendered":"Telescopio SW Dobson FlexTube 10&#8243; GOTO  Wi-Fi"},"content":{"rendered":"<p><strong>DOBSON SW\u00a0 FlexTube GOTO 10&#8243;Wi-Fi<\/strong><\/p>\n<p><strong><span class=\"style10\">\u25baAgora: <\/span><\/strong><span class=\"style10\">placa Wi-Fi integrada para condu\u00e7\u00e3o por smartphone com a aplica\u00e7\u00e3o<\/span> gratuita Synscan app (android e IOS)<\/p>\n<p class=\"style10\">\u008f TUBO EXTENS\u00cdVEL (sem desmontar)<br \/>\n\u2022diametro: 254mm (10&#8243;)<br \/>\n\u2022focal: 1200mm f\/4.8<br \/>\n\u2022 montagem: Dobson Synscan GOTO<br \/>\n\u2022 Base de dados com + de 42.900 objectos catalogo Messier, NGC e IC + 25 utilizador<br \/>\n\u2022 Velocidades: 1.0X, 2.0X, 8X, 16X, 32X, 200X, 400X, 600X, 800X, 1000X<br \/>\n\u2022 seguimento: Sideral, Lunar e Solar<br \/>\n\u2022 precis\u00e3o dos encoders:<br \/>\nMotor: 1.620.000 pontos\/volta<br \/>\nEixo principal: 11.748 pontos\/volta<br \/>\n\u2022 focador: Crayford 2&#8243; \/ 1,25&#8243;<br \/>\n\u2022 rosca T<br \/>\n\u2022 oculares: Super 20mm WA 70\u00b0 e\u00a0 Super 12.5mm WA 70\u00ba<br \/>\n\u2022 buscador: 8&#215;50<br \/>\n\u2022 alimenta\u00e7\u00e3o: 10 a 15 V DC 1Amp, jack 2.1mm (positivo ao centro)<br \/>\n\u2022 adaptador a smartphone<br \/>\n\u2022 cabo de isqueiro<br \/>\n\u2022 peso: OTA 15 Kg Base 20Kg<\/p>\n<p>\u25baAgora: placa wifi integrada para condu\u00e7\u00e3o por smartphone com a APP gratuita Synscan app (android e IOS)<br \/>\n\u25ba Isso \u00e9 feito por meio da WLAN (WiFi) integrada. A montagem gera um sinal Wi-Fi que permite a liga\u00e7\u00e3o ao seu smartphone ou tablet. Pode controlar o telesc\u00f3pio via aplicativo SynScan do Skywatcher para Android ou via iOS.<br \/>\n\u25ba linguagem multipla (portugues)<\/p>\n<p class=\"style10\">\u25ba<a href=\"https:\/\/www.youtube.com\/watch?v=lH9lY--2tRQ&amp;t=20s\"><u><strong>\u00a0Youtube<\/strong><\/u><\/a><\/p>\n<p class=\"style10\"><a href=\"https:\/\/www.youtube.com\/watch?list=UUtHZCaleDdCljM3hbFFXwLg&amp;v=XW8nRe_-LyE\"><u><strong>\u2022VIDEO<\/strong><\/u><\/a><\/p>\n<p class=\"style1\">\n","protected":false},"excerpt":{"rendered":"<p>DOBSON SW\u00a0 FlexTube GOTO 10&#8243;Wi-Fi \u25baAgora: placa Wi-Fi integrada para condu\u00e7\u00e3o por smartphone com a aplica\u00e7\u00e3o gratuita Synscan app (android e IOS) \u008f TUBO EXTENS\u00cdVEL (sem desmontar) \u2022diametro: 254mm (10&#8243;) \u2022focal: 1200mm f\/4.8 \u2022 montagem: Dobson Synscan GOTO \u2022 Base de dados com + de 42.900 objectos catalogo Messier, NGC e IC + 25 utilizador<\/p>\n<div class=\"more-link\">\n\t\t\t\t <a href=\"https:\/\/site.astrofoto.com.pt\/welcome\/produto\/telescopio-sw-dobson-10-goto-2\/\" class=\"btn theme-btn inverted\"><span>Continuar a Ler <\/span><\/a>\n\t\t\t<\/div>\n","protected":false},"featured_media":8364,"comment_status":"open","ping_status":"closed","template":"","meta":[],"product_brand":[],"product_cat":[92,15],"product_tag":[],"class_list":{"0":"post-1502","1":"product","2":"type-product","3":"status-publish","4":"has-post-thumbnail","6":"product_cat-swpromo","7":"product_cat-telescopios-reflectores","9":"first","10":"onbackorder","11":"sale","12":"shipping-taxable","13":"purchasable","14":"product-type-simple"},"_links":{"self":[{"href":"https:\/\/site.astrofoto.com.pt\/welcome\/wp-json\/wp\/v2\/product\/1502","targetHints":{"allow":["GET"]}}],"collection":[{"href":"https:\/\/site.astrofoto.com.pt\/welcome\/wp-json\/wp\/v2\/product"}],"about":[{"href":"https:\/\/site.astrofoto.com.pt\/welcome\/wp-json\/wp\/v2\/types\/product"}],"replies":[{"embeddable":true,"href":"https:\/\/site.astrofoto.com.pt\/welcome\/wp-json\/wp\/v2\/comments?post=1502"}],"wp:featuredmedia":[{"embeddable":true,"href":"https:\/\/site.astrofoto.com.pt\/welcome\/wp-json\/wp\/v2\/media\/8364"}],"wp:attachment":[{"href":"https:\/\/site.astrofoto.com.pt\/welcome\/wp-json\/wp\/v2\/media?parent=1502"}],"wp:term":[{"taxonomy":"product_brand","embeddable":true,"href":"https:\/\/site.astrofoto.com.pt\/welcome\/wp-json\/wp\/v2\/product_brand?post=1502"},{"taxonomy":"product_cat","embeddable":true,"href":"https:\/\/site.astrofoto.com.pt\/welcome\/wp-json\/wp\/v2\/product_cat?post=1502"},{"taxonomy":"product_tag","embeddable":true,"href":"https:\/\/site.astrofoto.com.pt\/welcome\/wp-json\/wp\/v2\/product_tag?post=1502"}],"curies":[{"name":"wp","href":"https:\/\/api.w.org\/{rel}","templated":true}]}}