{"id":1483,"date":"2016-10-21T18:04:03","date_gmt":"2016-10-21T18:04:03","guid":{"rendered":"http:\/\/site.astrofoto.com.pt\/welcome\/?post_type=product&#038;p=1483"},"modified":"2022-02-07T14:00:12","modified_gmt":"2022-02-07T14:00:12","slug":"telescopio-reflector-sw-6-dobson-2","status":"publish","type":"product","link":"https:\/\/site.astrofoto.com.pt\/welcome\/produto\/telescopio-reflector-sw-6-dobson-2\/","title":{"rendered":"Telesc\u00f3pio Reflector SW  DOBSON 6&#8243;"},"content":{"rendered":"<p><a href=\"http:\/\/site.astrofoto.com.pt\/welcome\/wp-content\/uploads\/2016\/10\/s9.png\"><img decoding=\"async\" class=\"alignleft size-full wp-image-1484\" src=\"http:\/\/site.astrofoto.com.pt\/welcome\/wp-content\/uploads\/2016\/10\/s9.png\" alt=\"s9\" width=\"220\" height=\"220\" srcset=\"https:\/\/site.astrofoto.com.pt\/welcome\/wp-content\/uploads\/2016\/10\/s9.png 220w, https:\/\/site.astrofoto.com.pt\/welcome\/wp-content\/uploads\/2016\/10\/s9-100x100.png 100w, https:\/\/site.astrofoto.com.pt\/welcome\/wp-content\/uploads\/2016\/10\/s9-150x150.png 150w\" sizes=\"(max-width: 220px) 100vw, 220px\" \/><\/a><strong>Telesc\u00f3pio Reflector SW DOBSON 6&#8243;<\/strong><\/p>\n<p>\u2022 Telesc\u00f3pio Reflector (Newton)<br \/>\n<span class=\"style3\">\u2022 D\u00e2metro: 153mm (6&#8243;)<br \/>\n\u2022 Focal: 1200mm f\/7.8<br \/>\n\u2022 Buscador: 6&#215;30<br \/>\n\u2022 Oculares: S10mm e S25mm<br \/>\n\u2022 Montagem: Dobson<\/span><\/p>\n<p><span class=\"style1\">*** evolu\u00e7\u00e3o poss\u00edvel para equatorial: Montagem EQ3 com aneis 6&#8243;<\/span><\/p>\n<p>&nbsp;<\/p>\n","protected":false},"excerpt":{"rendered":"<p>Telesc\u00f3pio Reflector SW DOBSON 6&#8243; \u2022 Telesc\u00f3pio Reflector (Newton) \u2022 D\u00e2metro: 153mm (6&#8243;) \u2022 Focal: 1200mm f\/7.8 \u2022 Buscador: 6&#215;30 \u2022 Oculares: S10mm e S25mm \u2022 Montagem: Dobson *** evolu\u00e7\u00e3o poss\u00edvel para equatorial: Montagem EQ3 com aneis 6&#8243; &nbsp;<\/p>\n","protected":false},"featured_media":1484,"comment_status":"open","ping_status":"closed","template":"","meta":[],"product_brand":[],"product_cat":[15],"product_tag":[],"class_list":{"0":"post-1483","1":"product","2":"type-product","3":"status-publish","4":"has-post-thumbnail","6":"product_cat-telescopios-reflectores","8":"first","9":"onbackorder","10":"shipping-taxable","11":"purchasable","12":"product-type-simple"},"_links":{"self":[{"href":"https:\/\/site.astrofoto.com.pt\/welcome\/wp-json\/wp\/v2\/product\/1483","targetHints":{"allow":["GET"]}}],"collection":[{"href":"https:\/\/site.astrofoto.com.pt\/welcome\/wp-json\/wp\/v2\/product"}],"about":[{"href":"https:\/\/site.astrofoto.com.pt\/welcome\/wp-json\/wp\/v2\/types\/product"}],"replies":[{"embeddable":true,"href":"https:\/\/site.astrofoto.com.pt\/welcome\/wp-json\/wp\/v2\/comments?post=1483"}],"wp:featuredmedia":[{"embeddable":true,"href":"https:\/\/site.astrofoto.com.pt\/welcome\/wp-json\/wp\/v2\/media\/1484"}],"wp:attachment":[{"href":"https:\/\/site.astrofoto.com.pt\/welcome\/wp-json\/wp\/v2\/media?parent=1483"}],"wp:term":[{"taxonomy":"product_brand","embeddable":true,"href":"https:\/\/site.astrofoto.com.pt\/welcome\/wp-json\/wp\/v2\/product_brand?post=1483"},{"taxonomy":"product_cat","embeddable":true,"href":"https:\/\/site.astrofoto.com.pt\/welcome\/wp-json\/wp\/v2\/product_cat?post=1483"},{"taxonomy":"product_tag","embeddable":true,"href":"https:\/\/site.astrofoto.com.pt\/welcome\/wp-json\/wp\/v2\/product_tag?post=1483"}],"curies":[{"name":"wp","href":"https:\/\/api.w.org\/{rel}","templated":true}]}}