{"id":1459,"date":"2016-10-20T16:52:27","date_gmt":"2016-10-20T16:52:27","guid":{"rendered":"http:\/\/site.astrofoto.com.pt\/welcome\/?post_type=product&#038;p=1459"},"modified":"2022-10-18T17:57:18","modified_gmt":"2022-10-18T17:57:18","slug":"celestron-nexstar-90-slt-2","status":"publish","type":"product","link":"https:\/\/site.astrofoto.com.pt\/welcome\/produto\/celestron-nexstar-90-slt-2\/","title":{"rendered":"Celestron NexStar 90 SLT"},"content":{"rendered":"<p><a href=\"http:\/\/site.astrofoto.com.pt\/welcome\/wp-content\/uploads\/2016\/10\/c19.jpg\"><img fetchpriority=\"high\" decoding=\"async\" class=\"alignleft size-medium wp-image-1460\" src=\"http:\/\/site.astrofoto.com.pt\/welcome\/wp-content\/uploads\/2016\/10\/c19-300x300.jpg\" alt=\"c19\" width=\"300\" height=\"300\" srcset=\"https:\/\/site.astrofoto.com.pt\/welcome\/wp-content\/uploads\/2016\/10\/c19-300x300.jpg 300w, https:\/\/site.astrofoto.com.pt\/welcome\/wp-content\/uploads\/2016\/10\/c19-450x450.jpg 450w, https:\/\/site.astrofoto.com.pt\/welcome\/wp-content\/uploads\/2016\/10\/c19-100x100.jpg 100w, https:\/\/site.astrofoto.com.pt\/welcome\/wp-content\/uploads\/2016\/10\/c19-600x600.jpg 600w, https:\/\/site.astrofoto.com.pt\/welcome\/wp-content\/uploads\/2016\/10\/c19-150x150.jpg 150w, https:\/\/site.astrofoto.com.pt\/welcome\/wp-content\/uploads\/2016\/10\/c19-768x768.jpg 768w, https:\/\/site.astrofoto.com.pt\/welcome\/wp-content\/uploads\/2016\/10\/c19.jpg 800w\" sizes=\"(max-width: 300px) 100vw, 300px\" \/><\/a><\/p>\n<p>TELESCOPIO CELESTRON NEXSTAR MAK90 SLT<\/p>\n<p>\u2022 Maksutov\/Cassegrain<br \/>\n\u2022 90x1250mm<br \/>\n\u2022 oculares 25mm e 10mm<br \/>\n\u2022 rosca T<br \/>\n\u2022 rosca para trip\u00e9 fotogr\u00e1fico<br \/>\n\u2022 buscador\/Mira Red dot finder<\/p>\n<p>\u2022 Montagem Azimutal motorizada em ambos os eixos<br \/>\n\u2022 Nove velocidades de movimento: 4\u00ba\/seg, 2\u00ba\/seg, 1\u00ba\/seg, 0.5\u00ba\/seg, 32x, 16x, 8x, 4x, 2x<br \/>\n\u2022 Oculares de 25 mm (26x) e 10 mm (66x)<br \/>\n\u2022 Diagonal 90\u00ba<br \/>\n\u2022 Buscador Red Dot<br \/>\n\u2022 Trip\u00e9 em alum\u00ednio<br \/>\n\u2022 Unidade de controlo Nexstar com fun\u00e7\u00e3o GoTo e 4000 objectos em mem\u00f3ria.<\/p>\n","protected":false},"excerpt":{"rendered":"<p>TELESCOPIO CELESTRON NEXSTAR MAK90 SLT \u2022 Maksutov\/Cassegrain \u2022 90x1250mm \u2022 oculares 25mm e 10mm \u2022 rosca T \u2022 rosca para trip\u00e9 fotogr\u00e1fico \u2022 buscador\/Mira Red dot finder \u2022 Montagem Azimutal motorizada em ambos os eixos \u2022 Nove velocidades de movimento: 4\u00ba\/seg, 2\u00ba\/seg, 1\u00ba\/seg, 0.5\u00ba\/seg, 32x, 16x, 8x, 4x, 2x \u2022 Oculares de 25 mm (26x)<\/p>\n<div class=\"more-link\">\n\t\t\t\t <a href=\"https:\/\/site.astrofoto.com.pt\/welcome\/produto\/celestron-nexstar-90-slt-2\/\" class=\"btn theme-btn inverted\"><span>Continuar a Ler <\/span><\/a>\n\t\t\t<\/div>\n","protected":false},"featured_media":1460,"comment_status":"open","ping_status":"closed","template":"","meta":[],"product_brand":[],"product_cat":[17],"product_tag":[],"class_list":{"0":"post-1459","1":"product","2":"type-product","3":"status-publish","4":"has-post-thumbnail","6":"product_cat-telescopios-catadioptricos","8":"first","9":"onbackorder","10":"shipping-taxable","11":"purchasable","12":"product-type-simple"},"_links":{"self":[{"href":"https:\/\/site.astrofoto.com.pt\/welcome\/wp-json\/wp\/v2\/product\/1459","targetHints":{"allow":["GET"]}}],"collection":[{"href":"https:\/\/site.astrofoto.com.pt\/welcome\/wp-json\/wp\/v2\/product"}],"about":[{"href":"https:\/\/site.astrofoto.com.pt\/welcome\/wp-json\/wp\/v2\/types\/product"}],"replies":[{"embeddable":true,"href":"https:\/\/site.astrofoto.com.pt\/welcome\/wp-json\/wp\/v2\/comments?post=1459"}],"wp:featuredmedia":[{"embeddable":true,"href":"https:\/\/site.astrofoto.com.pt\/welcome\/wp-json\/wp\/v2\/media\/1460"}],"wp:attachment":[{"href":"https:\/\/site.astrofoto.com.pt\/welcome\/wp-json\/wp\/v2\/media?parent=1459"}],"wp:term":[{"taxonomy":"product_brand","embeddable":true,"href":"https:\/\/site.astrofoto.com.pt\/welcome\/wp-json\/wp\/v2\/product_brand?post=1459"},{"taxonomy":"product_cat","embeddable":true,"href":"https:\/\/site.astrofoto.com.pt\/welcome\/wp-json\/wp\/v2\/product_cat?post=1459"},{"taxonomy":"product_tag","embeddable":true,"href":"https:\/\/site.astrofoto.com.pt\/welcome\/wp-json\/wp\/v2\/product_tag?post=1459"}],"curies":[{"name":"wp","href":"https:\/\/api.w.org\/{rel}","templated":true}]}}